{"id":245212,"date":"2025-03-20T14:29:03","date_gmt":"2025-03-20T14:29:03","guid":{"rendered":"https:\/\/aromasentia.com\/product\/10ml-roll-on-essential-oil-blend-focus\/"},"modified":"2025-06-23T19:25:26","modified_gmt":"2025-06-23T19:25:26","slug":"roll-on-melange-dhuiles-essentielles-10ml-focus","status":"publish","type":"product","link":"https:\/\/aromasentia.com\/fr\/roll-on-melange-dhuiles-essentielles-10ml-focus\/","title":{"rendered":"Roll-On M\u00e9lange d&rsquo;Huiles Essentielles 10ml &#8211; FOCUS"},"content":{"rendered":"<p>Aiguiser votre esprit et am\u00e9liorer votre concentration avec le <strong><span style=\"color: rgb(75, 80, 88);\">M\u00e9lange Focus, compos\u00e9 d&rsquo;huiles essentielles de romarin, de cypr\u00e8s et de citron. <\/span><\/strong><\/p>\n<p>Le parfum frais et vivifiant du romarin stimule les fonctions cognitives, tandis que l&rsquo;ar\u00f4me bois\u00e9 du cypr\u00e8s favorise la clart\u00e9 mentale et la concentration. Le parfum piquant du citron \u00e9l\u00e8ve l&rsquo;esprit et favorise la clart\u00e9 et la vivacit\u00e9 d&rsquo;esprit.&nbsp;<\/p>\n<p><strong><span style=\"color: rgb(141, 186, 216);\">Utilisez ce m\u00e9lange pendant les s\u00e9ances de travail ou d&rsquo;\u00e9tude, pour permettre \u00e0 son essence rajeunissante de stimuler la productivit\u00e9 et l&rsquo;acuit\u00e9 mentale.<\/span><\/strong><\/p>\n","protected":false},"excerpt":{"rendered":"<p>Aiguiser votre esprit et am\u00e9liorer votre concentration avec le M\u00e9lange Focus, compos\u00e9 d&rsquo;huiles essentielles de romarin, de cypr\u00e8s et de citron. Le parfum frais et vivifiant du romarin stimule les fonctions cognitives, tandis que l&rsquo;ar\u00f4me bois\u00e9 du cypr\u00e8s favorise la clart\u00e9 mentale et la concentration. Le parfum piquant du citron \u00e9l\u00e8ve l&rsquo;esprit et favorise la [&hellip;]<\/p>\n","protected":false},"featured_media":254901,"comment_status":"closed","ping_status":"open","template":"","meta":{"_angie_page":false},"product_brand":[27089],"product_cat":[16450,23646,26649],"product_tag":[],"class_list":{"0":"post-245212","1":"product","2":"type-product","3":"status-publish","4":"has-post-thumbnail","6":"product_brand-agnes-and-cat","7":"product_cat-aromatherapie-et-parfums-d-ambiance","8":"product_cat-huiles-essentielles","9":"product_cat-synergies-dhuiles-essentielles","10":"pa_collection-agnes-cat-10ml-roll-on-essential-oil-blends-fr","11":"pa_made-in-royaume-uni","12":"pa_size-10ml","14":"first","15":"instock","16":"purchasable","17":"product-type-simple"},"supplier_id":null,"supplier_sku":"ACREBL-05","barcode":null,"atum_controlled":true,"out_stock_date":null,"out_stock_threshold":null,"inheritable":false,"inbound_stock":null,"stock_on_hold":0,"sold_today":0,"sales_last_days":0,"reserved_stock":null,"customer_returns":null,"warehouse_damage":null,"lost_in_post":null,"other_logs":null,"out_stock_days":0,"lost_sales":0,"has_location":null,"update_date":"2026-05-08T05:02:36","atum_locations":[],"atum_stock_status":"instock","restock_status":false,"low_stock_amount":"","sales_update_date":"2026-02-06T00:02:09","calc_backorders":null,"_links":{"self":[{"href":"https:\/\/aromasentia.com\/fr\/wp-json\/wp\/v2\/product\/245212","targetHints":{"allow":["GET"]}}],"collection":[{"href":"https:\/\/aromasentia.com\/fr\/wp-json\/wp\/v2\/product"}],"about":[{"href":"https:\/\/aromasentia.com\/fr\/wp-json\/wp\/v2\/types\/product"}],"replies":[{"embeddable":true,"href":"https:\/\/aromasentia.com\/fr\/wp-json\/wp\/v2\/comments?post=245212"}],"version-history":[{"count":0,"href":"https:\/\/aromasentia.com\/fr\/wp-json\/wp\/v2\/product\/245212\/revisions"}],"wp:featuredmedia":[{"embeddable":true,"href":"https:\/\/aromasentia.com\/fr\/wp-json\/wp\/v2\/media\/254901"}],"wp:attachment":[{"href":"https:\/\/aromasentia.com\/fr\/wp-json\/wp\/v2\/media?parent=245212"}],"wp:term":[{"taxonomy":"product_brand","embeddable":true,"href":"https:\/\/aromasentia.com\/fr\/wp-json\/wp\/v2\/product_brand?post=245212"},{"taxonomy":"product_cat","embeddable":true,"href":"https:\/\/aromasentia.com\/fr\/wp-json\/wp\/v2\/product_cat?post=245212"},{"taxonomy":"product_tag","embeddable":true,"href":"https:\/\/aromasentia.com\/fr\/wp-json\/wp\/v2\/product_tag?post=245212"}],"curies":[{"name":"wp","href":"https:\/\/api.w.org\/{rel}","templated":true}]}}