{"id":245180,"date":"2025-03-20T14:29:03","date_gmt":"2025-03-20T14:29:03","guid":{"rendered":"https:\/\/aromasentia.com\/product\/150ml-reed-diffuser-refill-seasalt-and-moss\/"},"modified":"2025-06-23T19:25:20","modified_gmt":"2025-06-23T19:25:20","slug":"recharge-diffuseur-de-parfum-140-ml-sel-marin-mousse","status":"publish","type":"product","link":"https:\/\/aromasentia.com\/fr\/recharge-diffuseur-de-parfum-140-ml-sel-marin-mousse\/","title":{"rendered":"Recharge Diffuseur de Parfum 140 ml- Sel Marin &#038; Mousse"},"content":{"rendered":"<p><strong><span style=\"color: rgb(75, 80, 88);\">D\u00e9couvrez notre recharge pour diffuseur Reed de 140 ml en sel de mer et mousse<\/span><\/strong>. Prolongez la dur\u00e9e de vie de votre diffuseur de roseau Agnes and Cat dans un flacon en verre respectueux de l&rsquo;environnement avec un bouchon en aluminium.&nbsp;<\/p>\n<p><strong><span style=\"color: rgb(75, 80, 88);\">Ces recharges pratiques et durables infusent l&rsquo;espace pendant au moins 3 mois.<\/span><\/strong> D\u00e9couvrez la beaut\u00e9 tranquille de la vie c\u00f4ti\u00e8re avec Seasalt and Moss. Il marie l&rsquo;ar\u00f4me vivifiant du sel de mer vaporis\u00e9 avec les notes terreuses de la mousse humide, cr\u00e9ant une ambiance qui ressemble \u00e0 une escapade au bord de la mer.&nbsp;<\/p>\n<p>Gr\u00e2ce \u00e0 nos recharges pratiques, vous pouvez faire un grand pas vers un avenir plus durable et cr\u00e9er un espace o\u00f9vos clients pourront toujours trouver leurs parfums pr\u00e9f\u00e9r\u00e9s.&nbsp;<\/p>\n<p><strong><span style=\"color: rgb(141, 186, 216);\">N&rsquo;oubliez pas d&rsquo;ajouter \u00e0 votre inventaire les<\/span><\/strong><a href=\"https:\/\/aromasentia.com\/acd\"><strong><span style=\"color: rgb(141, 186, 216);\"> diffuseurs Agnes + Cat Reed <\/span><\/strong><\/a><strong><span style=\"color: rgb(141, 186, 216);\">assortis !<\/span><\/strong><\/p>\n","protected":false},"excerpt":{"rendered":"<p>D\u00e9couvrez notre recharge pour diffuseur Reed de 140 ml en sel de mer et mousse. Prolongez la dur\u00e9e de vie de votre diffuseur de roseau Agnes and Cat dans un flacon en verre respectueux de l&rsquo;environnement avec un bouchon en aluminium.&nbsp; Ces recharges pratiques et durables infusent l&rsquo;espace pendant au moins 3 mois. D\u00e9couvrez la [&hellip;]<\/p>\n","protected":false},"featured_media":254773,"comment_status":"closed","ping_status":"open","template":"","meta":{"_angie_page":false},"product_brand":[27089],"product_cat":[16515,16514],"product_tag":[],"class_list":{"0":"post-245180","1":"product","2":"type-product","3":"status-publish","4":"has-post-thumbnail","6":"product_brand-agnes-and-cat","7":"product_cat-diffuseurs-a-tiges","8":"product_cat-diffuseurs-ultrason-et-dambiance","9":"pa_collection-agnes-cat-reed-diffusers-refills-fr","10":"pa_made-in-royaume-uni","11":"pa_size-150ml","13":"first","14":"instock","15":"purchasable","16":"product-type-simple"},"supplier_id":null,"supplier_sku":"ACDR-06","barcode":null,"atum_controlled":true,"out_stock_date":null,"out_stock_threshold":null,"inheritable":false,"inbound_stock":null,"stock_on_hold":0,"sold_today":0,"sales_last_days":0,"reserved_stock":null,"customer_returns":null,"warehouse_damage":null,"lost_in_post":null,"other_logs":null,"out_stock_days":0,"lost_sales":0,"has_location":null,"update_date":"2026-04-27T06:49:08","atum_locations":[],"atum_stock_status":"instock","restock_status":false,"low_stock_amount":"","sales_update_date":"2026-01-30T01:26:20","calc_backorders":null,"_links":{"self":[{"href":"https:\/\/aromasentia.com\/fr\/wp-json\/wp\/v2\/product\/245180","targetHints":{"allow":["GET"]}}],"collection":[{"href":"https:\/\/aromasentia.com\/fr\/wp-json\/wp\/v2\/product"}],"about":[{"href":"https:\/\/aromasentia.com\/fr\/wp-json\/wp\/v2\/types\/product"}],"replies":[{"embeddable":true,"href":"https:\/\/aromasentia.com\/fr\/wp-json\/wp\/v2\/comments?post=245180"}],"version-history":[{"count":0,"href":"https:\/\/aromasentia.com\/fr\/wp-json\/wp\/v2\/product\/245180\/revisions"}],"wp:featuredmedia":[{"embeddable":true,"href":"https:\/\/aromasentia.com\/fr\/wp-json\/wp\/v2\/media\/254773"}],"wp:attachment":[{"href":"https:\/\/aromasentia.com\/fr\/wp-json\/wp\/v2\/media?parent=245180"}],"wp:term":[{"taxonomy":"product_brand","embeddable":true,"href":"https:\/\/aromasentia.com\/fr\/wp-json\/wp\/v2\/product_brand?post=245180"},{"taxonomy":"product_cat","embeddable":true,"href":"https:\/\/aromasentia.com\/fr\/wp-json\/wp\/v2\/product_cat?post=245180"},{"taxonomy":"product_tag","embeddable":true,"href":"https:\/\/aromasentia.com\/fr\/wp-json\/wp\/v2\/product_tag?post=245180"}],"curies":[{"name":"wp","href":"https:\/\/api.w.org\/{rel}","templated":true}]}}