{"id":245172,"date":"2025-03-20T14:29:03","date_gmt":"2025-03-20T14:29:03","guid":{"rendered":"https:\/\/aromasentia.com\/product\/150ml-reed-diffuser-refill-moroccan-roll\/"},"modified":"2025-06-23T19:25:19","modified_gmt":"2025-06-23T19:25:19","slug":"recharge-diffuseur-de-parfum-140-ml-rouleau-marocain","status":"publish","type":"product","link":"https:\/\/aromasentia.com\/fr\/recharge-diffuseur-de-parfum-140-ml-rouleau-marocain\/","title":{"rendered":"Recharge Diffuseur de Parfum 140 ml &#8211; Rouleau Marocain"},"content":{"rendered":"<p>D\u00e9couvrez notre<strong><span style=\"color: rgb(75, 80, 88);\">&nbsp;recharge de 140 ml pour diffuseur Reed en rouleau marocain. <\/span><\/strong><\/p>\n<p>Prolongez la dur\u00e9e de vie de votre diffuseur Agnes and Cat Reed dans un flacon en verre respectueux de l&rsquo;environnement avec un bouchon en aluminium.&nbsp;<\/p>\n<p><strong><span style=\"color: rgb(75, 80, 88);\">Ces recharges pratiques et durables infusent l&rsquo;espace pendant au moins 3 mois.&nbsp;<\/span><\/strong>Embarquez pour un voyage sensoriel dans les march\u00e9s anim\u00e9s du Maroc avec le Rouleau Marocain. Ce m\u00e9lange exotique r\u00e9unit des \u00e9pices chaudes, des herbes aromatiques et un l\u00e9ger murmure de myst\u00e8res orientaux, donnant \u00e0 votre espace l&rsquo;impression d&rsquo;\u00eatre un bazar enchant\u00e9.&nbsp;<\/p>\n<p>Gr\u00e2ce \u00e0 nos recharges pratiques, vous pouvez faire un grand pas vers un avenir plus durable et cr\u00e9er un espace o\u00f9vos clients pourront toujours retrouver leurs parfums pr\u00e9f\u00e9r\u00e9s.&nbsp;<\/p>\n<p><a href=\"https:\/\/aromasentia.com\/acd\"><strong><span style=\"color: rgb(141, 186, 216);\">N&rsquo;oubliez pas d&rsquo;ajouter \u00e0 votre inventaire les diffuseurs Agnes + Cat Reed assortis !<\/span><\/strong><\/a><\/p>\n","protected":false},"excerpt":{"rendered":"<p>D\u00e9couvrez notre&nbsp;recharge de 140 ml pour diffuseur Reed en rouleau marocain. Prolongez la dur\u00e9e de vie de votre diffuseur Agnes and Cat Reed dans un flacon en verre respectueux de l&rsquo;environnement avec un bouchon en aluminium.&nbsp; Ces recharges pratiques et durables infusent l&rsquo;espace pendant au moins 3 mois.&nbsp;Embarquez pour un voyage sensoriel dans les march\u00e9s [&hellip;]<\/p>\n","protected":false},"featured_media":254755,"comment_status":"closed","ping_status":"open","template":"","meta":{"_angie_page":false},"product_brand":[27089],"product_cat":[16515,16514],"product_tag":[],"class_list":{"0":"post-245172","1":"product","2":"type-product","3":"status-publish","4":"has-post-thumbnail","6":"product_brand-agnes-and-cat","7":"product_cat-diffuseurs-a-tiges","8":"product_cat-diffuseurs-ultrason-et-dambiance","9":"pa_collection-agnes-cat-reed-diffusers-refills-fr","10":"pa_made-in-royaume-uni","11":"pa_size-150ml","13":"first","14":"instock","15":"purchasable","16":"product-type-simple"},"supplier_id":null,"supplier_sku":"ACDR-02","barcode":null,"atum_controlled":true,"out_stock_date":null,"out_stock_threshold":null,"inheritable":false,"inbound_stock":null,"stock_on_hold":0,"sold_today":0,"sales_last_days":0,"reserved_stock":null,"customer_returns":null,"warehouse_damage":null,"lost_in_post":null,"other_logs":null,"out_stock_days":0,"lost_sales":0,"has_location":null,"update_date":"2026-04-27T06:49:08","atum_locations":[],"atum_stock_status":"instock","restock_status":false,"low_stock_amount":"","sales_update_date":"2026-01-30T01:24:29","calc_backorders":null,"_links":{"self":[{"href":"https:\/\/aromasentia.com\/fr\/wp-json\/wp\/v2\/product\/245172","targetHints":{"allow":["GET"]}}],"collection":[{"href":"https:\/\/aromasentia.com\/fr\/wp-json\/wp\/v2\/product"}],"about":[{"href":"https:\/\/aromasentia.com\/fr\/wp-json\/wp\/v2\/types\/product"}],"replies":[{"embeddable":true,"href":"https:\/\/aromasentia.com\/fr\/wp-json\/wp\/v2\/comments?post=245172"}],"version-history":[{"count":0,"href":"https:\/\/aromasentia.com\/fr\/wp-json\/wp\/v2\/product\/245172\/revisions"}],"wp:featuredmedia":[{"embeddable":true,"href":"https:\/\/aromasentia.com\/fr\/wp-json\/wp\/v2\/media\/254755"}],"wp:attachment":[{"href":"https:\/\/aromasentia.com\/fr\/wp-json\/wp\/v2\/media?parent=245172"}],"wp:term":[{"taxonomy":"product_brand","embeddable":true,"href":"https:\/\/aromasentia.com\/fr\/wp-json\/wp\/v2\/product_brand?post=245172"},{"taxonomy":"product_cat","embeddable":true,"href":"https:\/\/aromasentia.com\/fr\/wp-json\/wp\/v2\/product_cat?post=245172"},{"taxonomy":"product_tag","embeddable":true,"href":"https:\/\/aromasentia.com\/fr\/wp-json\/wp\/v2\/product_tag?post=245172"}],"curies":[{"name":"wp","href":"https:\/\/api.w.org\/{rel}","templated":true}]}}