{"id":245132,"date":"2025-03-20T14:30:57","date_gmt":"2025-03-20T14:30:57","guid":{"rendered":"https:\/\/aromasentia.com\/product\/sandalwood-rose-hand-body-lotion-250ml-unlabelled\/"},"modified":"2025-06-23T19:25:13","modified_gmt":"2025-06-23T19:25:13","slug":"sandalwood-rose-hand-body-lotion-250ml-unlabelled","status":"publish","type":"product","link":"https:\/\/aromasentia.com\/fr\/sandalwood-rose-hand-body-lotion-250ml-unlabelled\/","title":{"rendered":"Sandalwood &#038; Rose Hand &#038; Body Lotion 250ml &#8211; Unlabelled"},"content":{"rendered":"<p>Laissez-vous s\u00e9duire par l&rsquo;\u00e9treinte luxueuse de notre lotion pour les mains et le corps au bois de santal et \u00e0 la rose. Cette lotion non \u00e9tiquet\u00e9e de 250 ml associe les notes riches, cr\u00e9meuses et fondatrices du pr\u00e9cieux bois de santal \u00e0 l&rsquo;ar\u00f4me floral romantique et intemporel de la rose. Ce m\u00e9lange sophistiqu\u00e9 hydrate la peau en profondeur, la laissant velout\u00e9e et d\u00e9licieusement parfum\u00e9e. Un v\u00e9ritable plaisir opulent pour vos mains et votre corps, qui vous offre un moment d&rsquo;indulgence sereine, enveloppant votre peau d&rsquo;un voile r\u00e9confortant et magnifiquement parfum\u00e9 d&rsquo;hydratation et d&rsquo;\u00e9l\u00e9gance classique.<\/p>\n","protected":false},"excerpt":{"rendered":"<p>Laissez-vous s\u00e9duire par l&rsquo;\u00e9treinte luxueuse de notre lotion pour les mains et le corps au bois de santal et \u00e0 la rose. Cette lotion non \u00e9tiquet\u00e9e de 250 ml associe les notes riches, cr\u00e9meuses et fondatrices du pr\u00e9cieux bois de santal \u00e0 l&rsquo;ar\u00f4me floral romantique et intemporel de la rose. Ce m\u00e9lange sophistiqu\u00e9 hydrate la [&hellip;]<\/p>\n","protected":false},"featured_media":255315,"comment_status":"closed","ping_status":"open","template":"","meta":{"_angie_page":false},"product_brand":[],"product_cat":[16450,26389,26895,26832,26369,25842],"product_tag":[],"class_list":{"0":"post-245132","1":"product","2":"type-product","3":"status-publish","4":"has-post-thumbnail","6":"product_cat-aromatherapie-et-parfums-d-ambiance","7":"product_cat-bois-de-santal","8":"product_cat-boise","9":"product_cat-floral","10":"product_cat-rose","11":"product_cat-senteurs-aromes","12":"pa_collection-aromatherapy-hand-body-lotion-unlabeled-fr","13":"pa_made-in-royaume-uni","14":"pa_size-250ml","16":"first","17":"outofstock","18":"purchasable","19":"product-type-simple"},"supplier_id":null,"supplier_sku":"AHBLUL-03DS","barcode":null,"atum_controlled":true,"out_stock_date":"2026-04-25 15:11:38","out_stock_threshold":null,"inheritable":false,"inbound_stock":null,"stock_on_hold":0,"sold_today":0,"sales_last_days":0,"reserved_stock":null,"customer_returns":null,"warehouse_damage":null,"lost_in_post":null,"other_logs":null,"out_stock_days":0,"lost_sales":0,"has_location":null,"update_date":"2026-04-27T06:50:01","atum_locations":[],"atum_stock_status":"outofstock","restock_status":false,"low_stock_amount":"","sales_update_date":"2025-10-09T03:22:59","calc_backorders":null,"_links":{"self":[{"href":"https:\/\/aromasentia.com\/fr\/wp-json\/wp\/v2\/product\/245132","targetHints":{"allow":["GET"]}}],"collection":[{"href":"https:\/\/aromasentia.com\/fr\/wp-json\/wp\/v2\/product"}],"about":[{"href":"https:\/\/aromasentia.com\/fr\/wp-json\/wp\/v2\/types\/product"}],"replies":[{"embeddable":true,"href":"https:\/\/aromasentia.com\/fr\/wp-json\/wp\/v2\/comments?post=245132"}],"version-history":[{"count":0,"href":"https:\/\/aromasentia.com\/fr\/wp-json\/wp\/v2\/product\/245132\/revisions"}],"wp:featuredmedia":[{"embeddable":true,"href":"https:\/\/aromasentia.com\/fr\/wp-json\/wp\/v2\/media\/255315"}],"wp:attachment":[{"href":"https:\/\/aromasentia.com\/fr\/wp-json\/wp\/v2\/media?parent=245132"}],"wp:term":[{"taxonomy":"product_brand","embeddable":true,"href":"https:\/\/aromasentia.com\/fr\/wp-json\/wp\/v2\/product_brand?post=245132"},{"taxonomy":"product_cat","embeddable":true,"href":"https:\/\/aromasentia.com\/fr\/wp-json\/wp\/v2\/product_cat?post=245132"},{"taxonomy":"product_tag","embeddable":true,"href":"https:\/\/aromasentia.com\/fr\/wp-json\/wp\/v2\/product_tag?post=245132"}],"curies":[{"name":"wp","href":"https:\/\/api.w.org\/{rel}","templated":true}]}}