{"id":245076,"date":"2025-03-20T14:30:57","date_gmt":"2025-03-20T14:30:57","guid":{"rendered":"https:\/\/aromasentia.com\/product\/car-diffuser-kit-football-30mm\/"},"modified":"2025-06-23T19:25:03","modified_gmt":"2025-06-23T19:25:03","slug":"diffuseur-pour-voiture-ballon-de-foot-30mm","status":"publish","type":"product","link":"https:\/\/aromasentia.com\/fr\/diffuseur-pour-voiture-ballon-de-foot-30mm\/","title":{"rendered":"Diffuseur Pour Voiture &#8211; Ballon De Foot &#8211; 30mm"},"content":{"rendered":"<p>Am\u00e9liorez votre voyage avec ce <strong><span style=\"color: rgb(75, 80, 88);\">D<\/span><\/strong><strong><span style=\"color: rgb(75, 80, 88);\"><strong>if<\/strong>fuseur d&rsquo;aromath\u00e9rapie pour voiture &#8211; Ballon de Foot&nbsp;<\/span><\/strong>unique. Vous pouvez s\u00e9lectionner vos huiles essentielles ou m\u00e9langes pr\u00e9f\u00e9r\u00e9s et d\u00e9couvrir les avantages positifs pour la sant\u00e9 qu&rsquo;ils procurent pendant la conduite.&nbsp;<\/p>\n<p>Le m\u00e9daillon design contient un tampon en feutre qui peut contenir quelques gouttes d&rsquo;huile. Clip au panneau de ventilation de votre voiture pour permettre au parfum de circuler.&nbsp;<\/p>\n<p>Le m\u00e9daillon est fabriqu\u00e9 en acier inoxydable de haute qualit\u00e9 et est fourni avec 10 tampons en feutre absorbants et r\u00e9utilisables lavables dans une vari\u00e9t\u00e9 de couleurs.&nbsp;<\/p>\n<p>Vous pouvez maintenant contr\u00f4ler le parfum de votre voiture. -Accessoirisez votre voiture avec des bijoux uniques -Choisissez votre propre ar\u00f4me en fonction de votre humeur -Comprend 10 coussinets en feutre parfum\u00e9s de couleur.&nbsp;<\/p>\n<p><strong><span style=\"color: rgb(141, 186, 216);\">Le kit Diffuseur pour voiture contient de l&rsquo;espace pour 10 ml d&rsquo;huile essentielle, augmentez les ventes en vendant un ensemble avec l&rsquo;huile<\/span><\/strong>.<\/p>\n","protected":false},"excerpt":{"rendered":"<p>Am\u00e9liorez votre voyage avec ce Diffuseur d&rsquo;aromath\u00e9rapie pour voiture &#8211; Ballon de Foot&nbsp;unique. Vous pouvez s\u00e9lectionner vos huiles essentielles ou m\u00e9langes pr\u00e9f\u00e9r\u00e9s et d\u00e9couvrir les avantages positifs pour la sant\u00e9 qu&rsquo;ils procurent pendant la conduite.&nbsp; Le m\u00e9daillon design contient un tampon en feutre qui peut contenir quelques gouttes d&rsquo;huile. Clip au panneau de ventilation de [&hellip;]<\/p>\n","protected":false},"featured_media":256382,"comment_status":"closed","ping_status":"open","template":"","meta":{"_angie_page":false},"product_brand":[],"product_cat":[16514,24881],"product_tag":[],"class_list":{"0":"post-245076","1":"product","2":"type-product","3":"status-publish","4":"has-post-thumbnail","6":"product_cat-diffuseurs-ultrason-et-dambiance","7":"product_cat-diffuseurs-voiture","8":"pa_collection-aromatherapy-car-diffuser-kit-fr","9":"pa_made-in-chine","11":"first","12":"instock","13":"purchasable","14":"product-type-simple"},"supplier_id":null,"supplier_sku":"AromaC-09","barcode":null,"atum_controlled":true,"out_stock_date":null,"out_stock_threshold":null,"inheritable":false,"inbound_stock":null,"stock_on_hold":0,"sold_today":0,"sales_last_days":0,"reserved_stock":null,"customer_returns":null,"warehouse_damage":null,"lost_in_post":null,"other_logs":null,"out_stock_days":0,"lost_sales":0,"has_location":null,"update_date":"2026-05-08T05:02:37","atum_locations":[],"atum_stock_status":"instock","restock_status":false,"low_stock_amount":"","sales_update_date":"2025-10-09T03:23:21","calc_backorders":null,"_links":{"self":[{"href":"https:\/\/aromasentia.com\/fr\/wp-json\/wp\/v2\/product\/245076","targetHints":{"allow":["GET"]}}],"collection":[{"href":"https:\/\/aromasentia.com\/fr\/wp-json\/wp\/v2\/product"}],"about":[{"href":"https:\/\/aromasentia.com\/fr\/wp-json\/wp\/v2\/types\/product"}],"replies":[{"embeddable":true,"href":"https:\/\/aromasentia.com\/fr\/wp-json\/wp\/v2\/comments?post=245076"}],"version-history":[{"count":0,"href":"https:\/\/aromasentia.com\/fr\/wp-json\/wp\/v2\/product\/245076\/revisions"}],"wp:featuredmedia":[{"embeddable":true,"href":"https:\/\/aromasentia.com\/fr\/wp-json\/wp\/v2\/media\/256382"}],"wp:attachment":[{"href":"https:\/\/aromasentia.com\/fr\/wp-json\/wp\/v2\/media?parent=245076"}],"wp:term":[{"taxonomy":"product_brand","embeddable":true,"href":"https:\/\/aromasentia.com\/fr\/wp-json\/wp\/v2\/product_brand?post=245076"},{"taxonomy":"product_cat","embeddable":true,"href":"https:\/\/aromasentia.com\/fr\/wp-json\/wp\/v2\/product_cat?post=245076"},{"taxonomy":"product_tag","embeddable":true,"href":"https:\/\/aromasentia.com\/fr\/wp-json\/wp\/v2\/product_tag?post=245076"}],"curies":[{"name":"wp","href":"https:\/\/api.w.org\/{rel}","templated":true}]}}