{"id":245064,"date":"2025-03-20T14:33:05","date_gmt":"2025-03-20T14:33:05","guid":{"rendered":"https:\/\/aromasentia.com\/product\/less-stress-essential-oil-blend-boxed-10ml\/"},"modified":"2025-06-23T19:25:01","modified_gmt":"2025-06-23T19:25:01","slug":"melange-premium-huiles-essentielles-10ml-relaxation","status":"publish","type":"product","link":"https:\/\/aromasentia.com\/fr\/melange-premium-huiles-essentielles-10ml-relaxation\/","title":{"rendered":"M\u00e9lange Premium Huiles essentielles  10mL- Relaxation"},"content":{"rendered":"<p>De temps en temps, lorsque la vie est un peu dure, vous devriez essayer le m\u00e9lange d&rsquo;huiles essentielles Relaxation. Ce m\u00e9lange contient de la <strong><span style=\"color: rgb(75, 80, 88);\">sauge sclar\u00e9e, du citron et de la lavande <\/span><\/strong>qui aide \u00e0 d\u00e9tendre l&rsquo;esprit et le corps et procure une sensation de bien-\u00eatre.&nbsp;<\/p>\n<p>Vous pouvez prendre un bain relaxant avec cette huile, d\u00e9poser quelques gouttes d&rsquo;huile sur vos pieds ou vos paumes ou utiliser des br\u00fbleurs \u00e0 mazout pour diffuser l&rsquo;huile dans toute la pi\u00e8ce.&nbsp;<\/p>\n<p>Bien agiter et appliquer g\u00e9n\u00e9reusement sur les poignets ou la nuque selon vos envies. Comme cette gamme de produits est compos\u00e9e de m\u00e9langes d&rsquo;huiles essentielles pures pour les peaux sensibles, nous vous recommandons de diluer avec nos huiles de base.&nbsp;<\/p>\n<p><strong><span style=\"color: rgb(141, 186, 216);\">Commandez d\u00e8s aujourd&rsquo;hui pour obtenir nos m\u00e9langes d&rsquo;huiles de haute qualit\u00e9 en magasin.<\/span><\/strong><\/p>\n","protected":false},"excerpt":{"rendered":"<p>De temps en temps, lorsque la vie est un peu dure, vous devriez essayer le m\u00e9lange d&rsquo;huiles essentielles Relaxation. Ce m\u00e9lange contient de la sauge sclar\u00e9e, du citron et de la lavande qui aide \u00e0 d\u00e9tendre l&rsquo;esprit et le corps et procure une sensation de bien-\u00eatre.&nbsp; Vous pouvez prendre un bain relaxant avec cette huile, [&hellip;]<\/p>\n","protected":false},"featured_media":257888,"comment_status":"closed","ping_status":"open","template":"","meta":{"_angie_page":false},"product_brand":[],"product_cat":[16450,23646,26649],"product_tag":[],"class_list":{"0":"post-245064","1":"product","2":"type-product","3":"status-publish","4":"has-post-thumbnail","6":"product_cat-aromatherapie-et-parfums-d-ambiance","7":"product_cat-huiles-essentielles","8":"product_cat-synergies-dhuiles-essentielles","9":"pa_collection-premium-essential-oil-blends-fr","10":"pa_made-in-france","11":"pa_size-10ml","13":"first","14":"instock","15":"purchasable","16":"product-type-simple"},"supplier_id":null,"supplier_sku":"AWEBL-07","barcode":null,"atum_controlled":true,"out_stock_date":null,"out_stock_threshold":null,"inheritable":false,"inbound_stock":null,"stock_on_hold":0,"sold_today":0,"sales_last_days":0,"reserved_stock":null,"customer_returns":null,"warehouse_damage":null,"lost_in_post":null,"other_logs":null,"out_stock_days":0,"lost_sales":0,"has_location":null,"update_date":"2026-05-04T00:02:49","atum_locations":[],"atum_stock_status":"instock","restock_status":false,"low_stock_amount":"","sales_update_date":"2025-10-09T03:24:15","calc_backorders":null,"_links":{"self":[{"href":"https:\/\/aromasentia.com\/fr\/wp-json\/wp\/v2\/product\/245064","targetHints":{"allow":["GET"]}}],"collection":[{"href":"https:\/\/aromasentia.com\/fr\/wp-json\/wp\/v2\/product"}],"about":[{"href":"https:\/\/aromasentia.com\/fr\/wp-json\/wp\/v2\/types\/product"}],"replies":[{"embeddable":true,"href":"https:\/\/aromasentia.com\/fr\/wp-json\/wp\/v2\/comments?post=245064"}],"version-history":[{"count":0,"href":"https:\/\/aromasentia.com\/fr\/wp-json\/wp\/v2\/product\/245064\/revisions"}],"wp:featuredmedia":[{"embeddable":true,"href":"https:\/\/aromasentia.com\/fr\/wp-json\/wp\/v2\/media\/257888"}],"wp:attachment":[{"href":"https:\/\/aromasentia.com\/fr\/wp-json\/wp\/v2\/media?parent=245064"}],"wp:term":[{"taxonomy":"product_brand","embeddable":true,"href":"https:\/\/aromasentia.com\/fr\/wp-json\/wp\/v2\/product_brand?post=245064"},{"taxonomy":"product_cat","embeddable":true,"href":"https:\/\/aromasentia.com\/fr\/wp-json\/wp\/v2\/product_cat?post=245064"},{"taxonomy":"product_tag","embeddable":true,"href":"https:\/\/aromasentia.com\/fr\/wp-json\/wp\/v2\/product_tag?post=245064"}],"curies":[{"name":"wp","href":"https:\/\/api.w.org\/{rel}","templated":true}]}}