{"id":245044,"date":"2025-03-20T14:33:05","date_gmt":"2025-03-20T14:33:05","guid":{"rendered":"https:\/\/aromasentia.com\/product\/breath-easy-essential-oil-blend-boxed-10ml\/"},"modified":"2025-06-23T19:24:57","modified_gmt":"2025-06-23T19:24:57","slug":"melange-premium-huiles-essentielles-10ml-respirez","status":"publish","type":"product","link":"https:\/\/aromasentia.com\/fr\/melange-premium-huiles-essentielles-10ml-respirez\/","title":{"rendered":"M\u00e9lange Premium Huiles essentielles 10mL- Respirez"},"content":{"rendered":"<p>Respirez facilement avec notre <strong><span style=\"color: rgb(75, 80, 88);\">M\u00e9lange d&rsquo;huiles essentielles Respiration.<\/span><\/strong> Notre beau m\u00e9lange essentiel contient un m\u00e9lange rafra\u00eechissant et purifiant <strong><span style=\"color: rgb(75, 80, 88);\">d&rsquo;eucalyptus, de Ravensara et de menthe poivr\u00e9e <\/span><\/strong>qui facilite la respiration apr\u00e8s une exposition \u00e0 la pollution de la circulation et \u00e0 la poussi\u00e8re, etc.&nbsp;<\/p>\n<p>Inhalez quelques gouttes sur un mouchoir pour un soulagement rapide ou utilisez-les dans des br\u00fbleurs \u00e0 mazout. Vous pouvez prendre un bain relaxant avec cette huile, d\u00e9poser quelques gouttes d&rsquo;huile sur vos pieds ou vos paumes ou utiliser des br\u00fbleurs \u00e0 huile pour diffuser l&rsquo;huile dans toute la pi\u00e8ce.&nbsp;<\/p>\n<p>Bien agiter et appliquer g\u00e9n\u00e9reusement sur les poignets ou la nuque selon vos envies. Comme cette gamme de produits est compos\u00e9e de m\u00e9langes d&rsquo;huiles essentielles pures pour les peaux sensibles, nous vous recommandons de diluer avec nos huiles de base.&nbsp;<\/p>\n<p><strong><span style=\"color: rgb(141, 186, 216);\">Commandez d\u00e8s aujourd&rsquo;hui pour obtenir nos m\u00e9langes d&rsquo;huiles de haute qualit\u00e9 en magasin<\/span><\/strong><\/p>\n","protected":false},"excerpt":{"rendered":"<p>Respirez facilement avec notre M\u00e9lange d&rsquo;huiles essentielles Respiration. Notre beau m\u00e9lange essentiel contient un m\u00e9lange rafra\u00eechissant et purifiant d&rsquo;eucalyptus, de Ravensara et de menthe poivr\u00e9e qui facilite la respiration apr\u00e8s une exposition \u00e0 la pollution de la circulation et \u00e0 la poussi\u00e8re, etc.&nbsp; Inhalez quelques gouttes sur un mouchoir pour un soulagement rapide ou utilisez-les [&hellip;]<\/p>\n","protected":false},"featured_media":257721,"comment_status":"closed","ping_status":"open","template":"","meta":{"_angie_page":false},"product_brand":[],"product_cat":[16450,23646,26649],"product_tag":[],"class_list":{"0":"post-245044","1":"product","2":"type-product","3":"status-publish","4":"has-post-thumbnail","6":"product_cat-aromatherapie-et-parfums-d-ambiance","7":"product_cat-huiles-essentielles","8":"product_cat-synergies-dhuiles-essentielles","9":"pa_collection-premium-essential-oil-blends-fr","10":"pa_made-in-australie","11":"pa_size-10ml","13":"first","14":"instock","15":"purchasable","16":"product-type-simple"},"supplier_id":null,"supplier_sku":"AWEBL-02","barcode":null,"atum_controlled":true,"out_stock_date":null,"out_stock_threshold":null,"inheritable":false,"inbound_stock":null,"stock_on_hold":0,"sold_today":0,"sales_last_days":0,"reserved_stock":null,"customer_returns":null,"warehouse_damage":null,"lost_in_post":null,"other_logs":null,"out_stock_days":0,"lost_sales":0,"has_location":null,"update_date":"2026-05-04T00:02:49","atum_locations":[],"atum_stock_status":"instock","restock_status":false,"low_stock_amount":"","sales_update_date":"2025-10-09T03:24:14","calc_backorders":null,"_links":{"self":[{"href":"https:\/\/aromasentia.com\/fr\/wp-json\/wp\/v2\/product\/245044","targetHints":{"allow":["GET"]}}],"collection":[{"href":"https:\/\/aromasentia.com\/fr\/wp-json\/wp\/v2\/product"}],"about":[{"href":"https:\/\/aromasentia.com\/fr\/wp-json\/wp\/v2\/types\/product"}],"replies":[{"embeddable":true,"href":"https:\/\/aromasentia.com\/fr\/wp-json\/wp\/v2\/comments?post=245044"}],"version-history":[{"count":0,"href":"https:\/\/aromasentia.com\/fr\/wp-json\/wp\/v2\/product\/245044\/revisions"}],"wp:featuredmedia":[{"embeddable":true,"href":"https:\/\/aromasentia.com\/fr\/wp-json\/wp\/v2\/media\/257721"}],"wp:attachment":[{"href":"https:\/\/aromasentia.com\/fr\/wp-json\/wp\/v2\/media?parent=245044"}],"wp:term":[{"taxonomy":"product_brand","embeddable":true,"href":"https:\/\/aromasentia.com\/fr\/wp-json\/wp\/v2\/product_brand?post=245044"},{"taxonomy":"product_cat","embeddable":true,"href":"https:\/\/aromasentia.com\/fr\/wp-json\/wp\/v2\/product_cat?post=245044"},{"taxonomy":"product_tag","embeddable":true,"href":"https:\/\/aromasentia.com\/fr\/wp-json\/wp\/v2\/product_tag?post=245044"}],"curies":[{"name":"wp","href":"https:\/\/api.w.org\/{rel}","templated":true}]}}