{"id":245040,"date":"2025-03-20T14:33:05","date_gmt":"2025-03-20T14:33:05","guid":{"rendered":"https:\/\/aromasentia.com\/product\/energising-essential-oil-blend-boxed-10ml\/"},"modified":"2025-06-23T19:24:56","modified_gmt":"2025-06-23T19:24:56","slug":"melange-premium-huiles-essentielles-10ml-energisant","status":"publish","type":"product","link":"https:\/\/aromasentia.com\/fr\/melange-premium-huiles-essentielles-10ml-energisant\/","title":{"rendered":"M\u00e9lange Premium Huiles essentielles  10mL- Energisant"},"content":{"rendered":"<p>Obtenez de l&rsquo;\u00e9nergie pour la journ\u00e9e avec notre <strong><span style=\"color: rgb(75, 80, 88);\">M\u00e9lange d&rsquo;huiles essentielles \u00e9nergisantes<\/span><\/strong>. Notre m\u00e9lange essentiel de qualit\u00e9 sup\u00e9rieure contient un m\u00e9lange merveilleusement stimulant et rafra\u00eechissant de menthe poivr\u00e9e, d&rsquo;encens et de citron qui revitalise les niveaux d&rsquo;\u00e9nergie pendant une journ\u00e9e mouvement\u00e9e.&nbsp;<\/p>\n<p>Restez vigilant et combattez la fatigue au volant en versant quelques gouttes sur un mouchoir. Prenez un bain relaxant avant de vous coucher avec ce m\u00e9lange d&rsquo;huiles, placez quelques gouttes d&rsquo;huile sur vos pieds ou vos paumes ou utilisez des br\u00fbleurs \u00e0 huile pour diffuser l&rsquo;huile dans toute la pi\u00e8ce.&nbsp;<\/p>\n<p>Bien agiter et appliquer g\u00e9n\u00e9reusement sur les poignets ou la nuque selon vos envies. Comme cette gamme de produits est compos\u00e9e de m\u00e9langes d&rsquo;huiles essentielles pures pour les peaux sensibles, nous vous recommandons de diluer avec nos huiles de base.&nbsp;<\/p>\n<p><strong><span style=\"color: rgb(141, 186, 216);\">Commandez d\u00e8s aujourd&rsquo;hui pour obtenir nos m\u00e9langes d&rsquo;huiles de haute qualit\u00e9 en magasin.<\/span><\/strong><\/p>\n","protected":false},"excerpt":{"rendered":"<p>Obtenez de l&rsquo;\u00e9nergie pour la journ\u00e9e avec notre M\u00e9lange d&rsquo;huiles essentielles \u00e9nergisantes. Notre m\u00e9lange essentiel de qualit\u00e9 sup\u00e9rieure contient un m\u00e9lange merveilleusement stimulant et rafra\u00eechissant de menthe poivr\u00e9e, d&rsquo;encens et de citron qui revitalise les niveaux d&rsquo;\u00e9nergie pendant une journ\u00e9e mouvement\u00e9e.&nbsp; Restez vigilant et combattez la fatigue au volant en versant quelques gouttes sur un [&hellip;]<\/p>\n","protected":false},"featured_media":257688,"comment_status":"closed","ping_status":"open","template":"","meta":{"_angie_page":false},"product_brand":[],"product_cat":[16450,23646,26649],"product_tag":[],"class_list":{"0":"post-245040","1":"product","2":"type-product","3":"status-publish","4":"has-post-thumbnail","6":"product_cat-aromatherapie-et-parfums-d-ambiance","7":"product_cat-huiles-essentielles","8":"product_cat-synergies-dhuiles-essentielles","9":"pa_collection-premium-essential-oil-blends-fr","10":"pa_made-in-etats-unis","11":"pa_size-10ml","13":"first","14":"instock","15":"purchasable","16":"product-type-simple"},"supplier_id":null,"supplier_sku":"AWEBL-01","barcode":null,"atum_controlled":true,"out_stock_date":null,"out_stock_threshold":null,"inheritable":false,"inbound_stock":null,"stock_on_hold":0,"sold_today":0,"sales_last_days":0,"reserved_stock":null,"customer_returns":null,"warehouse_damage":null,"lost_in_post":null,"other_logs":null,"out_stock_days":0,"lost_sales":0,"has_location":null,"update_date":"2026-04-30T19:05:59","atum_locations":[],"atum_stock_status":"instock","restock_status":false,"low_stock_amount":"","sales_update_date":"2025-10-09T03:24:14","calc_backorders":null,"_links":{"self":[{"href":"https:\/\/aromasentia.com\/fr\/wp-json\/wp\/v2\/product\/245040","targetHints":{"allow":["GET"]}}],"collection":[{"href":"https:\/\/aromasentia.com\/fr\/wp-json\/wp\/v2\/product"}],"about":[{"href":"https:\/\/aromasentia.com\/fr\/wp-json\/wp\/v2\/types\/product"}],"replies":[{"embeddable":true,"href":"https:\/\/aromasentia.com\/fr\/wp-json\/wp\/v2\/comments?post=245040"}],"version-history":[{"count":0,"href":"https:\/\/aromasentia.com\/fr\/wp-json\/wp\/v2\/product\/245040\/revisions"}],"wp:featuredmedia":[{"embeddable":true,"href":"https:\/\/aromasentia.com\/fr\/wp-json\/wp\/v2\/media\/257688"}],"wp:attachment":[{"href":"https:\/\/aromasentia.com\/fr\/wp-json\/wp\/v2\/media?parent=245040"}],"wp:term":[{"taxonomy":"product_brand","embeddable":true,"href":"https:\/\/aromasentia.com\/fr\/wp-json\/wp\/v2\/product_brand?post=245040"},{"taxonomy":"product_cat","embeddable":true,"href":"https:\/\/aromasentia.com\/fr\/wp-json\/wp\/v2\/product_cat?post=245040"},{"taxonomy":"product_tag","embeddable":true,"href":"https:\/\/aromasentia.com\/fr\/wp-json\/wp\/v2\/product_tag?post=245040"}],"curies":[{"name":"wp","href":"https:\/\/api.w.org\/{rel}","templated":true}]}}