{"id":244992,"date":"2025-03-20T14:33:05","date_gmt":"2025-03-20T14:33:05","guid":{"rendered":"https:\/\/aromasentia.com\/product\/aromatherapy-jewellery-necklace-four-leaf-clover-30mm\/"},"modified":"2025-06-23T19:24:49","modified_gmt":"2025-06-23T19:24:49","slug":"collier-diffuseur-aromatherapie-trefle-30mm","status":"publish","type":"product","link":"https:\/\/aromasentia.com\/fr\/collier-diffuseur-aromatherapie-trefle-30mm\/","title":{"rendered":"Collier Diffuseur Aromath\u00e9rapie &#8211; Tr\u00e8fle 30mm"},"content":{"rendered":"<p>Ces<strong><span style=\"color: rgb(75, 80, 88);\">&nbsp;colliers diffuseurs d&rsquo;aromath\u00e9rapie \u00ab\u00a0Tr\u00e8fle\u00a0\u00bb<\/span><\/strong> en gros permettront \u00e0 vos clients de porter votre huile essentielle pr\u00e9f\u00e9r\u00e9e ou l&rsquo;un de nos m\u00e9langes sp\u00e9ciaux o\u00f9qu&rsquo;ils aillent tout en profitant des avantages positifs pour la sant\u00e9 qu&rsquo;ils procurent.&nbsp;<\/p>\n<p>Chaque m\u00e9daillon contient un petit morceau de tampon qui contient quelques gouttes d&rsquo;huile qui se diffusent lentement \u00e0 travers les trous de ventilation \u00e0 l&rsquo;avant.&nbsp;<\/p>\n<p>L&rsquo;odeur de votre huile peut durer plusieurs jours, mais vous pouvez toujours ajouter plus d&rsquo;huile au tampon une fois que l&rsquo;huile s&rsquo;est compl\u00e8tement diffus\u00e9e. Les m\u00e9daillons sont disponibles en deux tailles de 25 mm et 30 mm de diam\u00e8tre et 5 mm d&rsquo;\u00e9paisseur et sont fabriqu\u00e9s en acier inoxydable pour garantir que les huiles ne ternissent pas ou ne d\u00e9composent pas le m\u00e9tal au fil du temps.&nbsp;<\/p>\n<p><strong><span style=\"color: rgb(75, 80, 88);\">Chaque collier est livr\u00e9 avec 10 pastilles de couleurs assorties.&nbsp;<\/span><\/strong><\/p>\n<p>Le dos du m\u00e9daillon est solide et nous proposons un choix de 12 magnifiques motifs d\u00e9coup\u00e9s au laser.&nbsp;<\/p>\n<p><span style=\"color: rgb(141, 186, 216);\"><strong>Les m\u00e9daillons peuvent \u00eatre ouverts via une petite fente sur la droite qui est maintenue avec une fermeture magn\u00e9tique puissante.<\/strong><\/span><\/p>\n","protected":false},"excerpt":{"rendered":"<p>Ces&nbsp;colliers diffuseurs d&rsquo;aromath\u00e9rapie \u00ab\u00a0Tr\u00e8fle\u00a0\u00bb en gros permettront \u00e0 vos clients de porter votre huile essentielle pr\u00e9f\u00e9r\u00e9e ou l&rsquo;un de nos m\u00e9langes sp\u00e9ciaux o\u00f9qu&rsquo;ils aillent tout en profitant des avantages positifs pour la sant\u00e9 qu&rsquo;ils procurent.&nbsp; Chaque m\u00e9daillon contient un petit morceau de tampon qui contient quelques gouttes d&rsquo;huile qui se diffusent lentement \u00e0 travers les [&hellip;]<\/p>\n","protected":false},"featured_media":257156,"comment_status":"closed","ping_status":"open","template":"","meta":{"_angie_page":false},"product_brand":[],"product_cat":[16450,25218],"product_tag":[],"class_list":{"0":"post-244992","1":"product","2":"type-product","3":"status-publish","4":"has-post-thumbnail","6":"product_cat-aromatherapie-et-parfums-d-ambiance","7":"product_cat-colliers-et-pendentifs","8":"pa_collection-aromatherapy-jewellery-necklaces-and-bracelets-fr","9":"pa_made-in-chine","11":"first","12":"instock","13":"purchasable","14":"product-type-simple"},"supplier_id":null,"supplier_sku":"AromaJ-14","barcode":null,"atum_controlled":true,"out_stock_date":null,"out_stock_threshold":null,"inheritable":false,"inbound_stock":null,"stock_on_hold":0,"sold_today":0,"sales_last_days":0,"reserved_stock":null,"customer_returns":null,"warehouse_damage":null,"lost_in_post":null,"other_logs":null,"out_stock_days":10,"lost_sales":0,"has_location":null,"update_date":"2026-04-29T01:07:01","atum_locations":[],"atum_stock_status":"instock","restock_status":false,"low_stock_amount":"","sales_update_date":"2026-02-06T00:02:30","calc_backorders":null,"_links":{"self":[{"href":"https:\/\/aromasentia.com\/fr\/wp-json\/wp\/v2\/product\/244992","targetHints":{"allow":["GET"]}}],"collection":[{"href":"https:\/\/aromasentia.com\/fr\/wp-json\/wp\/v2\/product"}],"about":[{"href":"https:\/\/aromasentia.com\/fr\/wp-json\/wp\/v2\/types\/product"}],"replies":[{"embeddable":true,"href":"https:\/\/aromasentia.com\/fr\/wp-json\/wp\/v2\/comments?post=244992"}],"version-history":[{"count":0,"href":"https:\/\/aromasentia.com\/fr\/wp-json\/wp\/v2\/product\/244992\/revisions"}],"wp:featuredmedia":[{"embeddable":true,"href":"https:\/\/aromasentia.com\/fr\/wp-json\/wp\/v2\/media\/257156"}],"wp:attachment":[{"href":"https:\/\/aromasentia.com\/fr\/wp-json\/wp\/v2\/media?parent=244992"}],"wp:term":[{"taxonomy":"product_brand","embeddable":true,"href":"https:\/\/aromasentia.com\/fr\/wp-json\/wp\/v2\/product_brand?post=244992"},{"taxonomy":"product_cat","embeddable":true,"href":"https:\/\/aromasentia.com\/fr\/wp-json\/wp\/v2\/product_cat?post=244992"},{"taxonomy":"product_tag","embeddable":true,"href":"https:\/\/aromasentia.com\/fr\/wp-json\/wp\/v2\/product_tag?post=244992"}],"curies":[{"name":"wp","href":"https:\/\/api.w.org\/{rel}","templated":true}]}}