{"id":244952,"date":"2025-03-20T14:35:19","date_gmt":"2025-03-20T14:35:19","guid":{"rendered":"https:\/\/aromasentia.com\/product\/1-litre-beard-oil-roman-gladiator-enhance\/"},"modified":"2025-06-23T19:24:42","modified_gmt":"2025-06-23T19:24:42","slug":"beard-oil-roman-gladiator-enhance-1-litre","status":"publish","type":"product","link":"https:\/\/aromasentia.com\/fr\/beard-oil-roman-gladiator-enhance-1-litre\/","title":{"rendered":"Beard Oil &#8211; Roman Gladiator &#8211; Enhance! 1 Litre"},"content":{"rendered":"<p><Nous avons soigneusement m\u00e9lang\u00e9 quatre types d'huiles pour aider \u00e0 nettoyer, conditionner, r\u00e9g\u00e9n\u00e9rer et am\u00e9liorer la barbe ou le chaume (voir ci-dessous). A la demande de vos clients, nous avons cr\u00e9\u00e9 pour vous une gamme d'huiles \u00e0 barbe en vrac, que vous pouvez d\u00e9sormais acheter dans des flacons en aluminium contenant des huiles essentielles pures et des huiles de noix de coco, d'abricot, d'avocat, d'argan, de vitamine E et de jojoba dor\u00e9.C'est une excellente occasion d'\u00e9tiqueter et de cr\u00e9er votre propre marque d'huile \u00e0 barbe.<\/p>\n<p>Les propri\u00e9t\u00e9s de conditionnement d&rsquo;une bonne huile \u00e0 barbe sont indispensables. L&rsquo;huile de barbe n&rsquo;aidera pas seulement \u00e0 faire pousser une meilleure barbe, mais la rendra plus confortable, saine et odorante dans le processus.<\/p>\n<p>Qu&rsquo;est-ce que cela signifie exactement ? Toutes ces huiles riches en vitamines adoucissent les poils durs et les rendent plus souples et plus faciles \u00e0 coiffer. En outre, en coulisses, elles contribuent \u00e0 revitaliser la peau sous-jacente, r\u00e9duisant ainsi les risques de d\u00e9mangeaisons et de desquamation. Soyez assur\u00e9 que la barbe de vos clients vous remerciera. <\/p>\n<p>Tout est bon et tout est naturel, alors soyez un h\u00e9ros spartiate et commandez d\u00e8s aujourd&rsquo;hui la nouvelle gamme d&rsquo;huiles \u00e0 barbe en gros.<\/p>\n<p>Les huiles \u00e0 barbe sont un excellent moyen d&rsquo;am\u00e9liorer la qualit\u00e9 de votre barbe.<\/p>\n","protected":false},"excerpt":{"rendered":"","protected":false},"featured_media":258940,"comment_status":"closed","ping_status":"open","template":"","meta":{"_angie_page":false},"product_brand":[],"product_cat":[19443,25811,20550],"product_tag":[],"class_list":{"0":"post-244952","1":"product","2":"type-product","3":"status-publish","4":"has-post-thumbnail","6":"product_cat-bain-et-corps","7":"product_cat-huiles-pour-barbe","8":"product_cat-soin-cheveux","9":"pa_collection-pure-and-natural-beard-oils-1-litre-fr","10":"pa_made-in-royaume-uni","12":"first","13":"instock","14":"purchasable","15":"product-type-simple"},"supplier_id":null,"supplier_sku":"BeardoB-04","barcode":null,"atum_controlled":true,"out_stock_date":null,"out_stock_threshold":null,"inheritable":false,"inbound_stock":null,"stock_on_hold":0,"sold_today":0,"sales_last_days":0,"reserved_stock":null,"customer_returns":null,"warehouse_damage":null,"lost_in_post":null,"other_logs":null,"out_stock_days":0,"lost_sales":0,"has_location":null,"update_date":"2026-04-27T06:54:47","atum_locations":[],"atum_stock_status":"instock","restock_status":false,"low_stock_amount":"","sales_update_date":"2026-01-30T01:25:23","calc_backorders":null,"_links":{"self":[{"href":"https:\/\/aromasentia.com\/fr\/wp-json\/wp\/v2\/product\/244952","targetHints":{"allow":["GET"]}}],"collection":[{"href":"https:\/\/aromasentia.com\/fr\/wp-json\/wp\/v2\/product"}],"about":[{"href":"https:\/\/aromasentia.com\/fr\/wp-json\/wp\/v2\/types\/product"}],"replies":[{"embeddable":true,"href":"https:\/\/aromasentia.com\/fr\/wp-json\/wp\/v2\/comments?post=244952"}],"version-history":[{"count":0,"href":"https:\/\/aromasentia.com\/fr\/wp-json\/wp\/v2\/product\/244952\/revisions"}],"wp:featuredmedia":[{"embeddable":true,"href":"https:\/\/aromasentia.com\/fr\/wp-json\/wp\/v2\/media\/258940"}],"wp:attachment":[{"href":"https:\/\/aromasentia.com\/fr\/wp-json\/wp\/v2\/media?parent=244952"}],"wp:term":[{"taxonomy":"product_brand","embeddable":true,"href":"https:\/\/aromasentia.com\/fr\/wp-json\/wp\/v2\/product_brand?post=244952"},{"taxonomy":"product_cat","embeddable":true,"href":"https:\/\/aromasentia.com\/fr\/wp-json\/wp\/v2\/product_cat?post=244952"},{"taxonomy":"product_tag","embeddable":true,"href":"https:\/\/aromasentia.com\/fr\/wp-json\/wp\/v2\/product_tag?post=244952"}],"curies":[{"name":"wp","href":"https:\/\/api.w.org\/{rel}","templated":true}]}}