{"id":244948,"date":"2025-03-20T14:35:19","date_gmt":"2025-03-20T14:35:19","guid":{"rendered":"https:\/\/aromasentia.com\/product\/1-litre-beard-oil-spartan-hero-condition\/"},"modified":"2025-06-23T19:24:42","modified_gmt":"2025-06-23T19:24:42","slug":"beard-oil-spartan-hero-condition-1-litre","status":"publish","type":"product","link":"https:\/\/aromasentia.com\/fr\/beard-oil-spartan-hero-condition-1-litre\/","title":{"rendered":"Beard Oil &#8211; Spartan Hero &#8211; Condition! 1 Litre"},"content":{"rendered":"<p>Conditionnez votre barbe pour lui donner une douceur l\u00e9gendaire avec notre huile \u00e0 barbe Spartan Hero. Cette formule imposante de 1 litre est con\u00e7ue pour le guerrier qui exige l&rsquo;excellence. Infus\u00e9e d&rsquo;un parfum robuste et inspirant, elle p\u00e9n\u00e8tre profond\u00e9ment dans les poils de barbe pour offrir une hydratation intense et une maniabilit\u00e9 sup\u00e9rieure, domptant m\u00eame les poils les plus indisciplin\u00e9s. Elle apaise la peau sous-jacente, emp\u00eachant la desquamation et l&rsquo;irritation, pour que votre barbe ait l&rsquo;air et se sente au mieux de sa forme h\u00e9ro\u00efque. Profitez du pouvoir de cette huile de conditionnement et portez votre barbe avec la confiance d&rsquo;un vrai spartiate.<\/p>\n","protected":false},"excerpt":{"rendered":"<p>Conditionnez votre barbe pour lui donner une douceur l\u00e9gendaire avec notre huile \u00e0 barbe Spartan Hero. Cette formule imposante de 1 litre est con\u00e7ue pour le guerrier qui exige l&rsquo;excellence. Infus\u00e9e d&rsquo;un parfum robuste et inspirant, elle p\u00e9n\u00e8tre profond\u00e9ment dans les poils de barbe pour offrir une hydratation intense et une maniabilit\u00e9 sup\u00e9rieure, domptant m\u00eame [&hellip;]<\/p>\n","protected":false},"featured_media":258923,"comment_status":"closed","ping_status":"open","template":"","meta":{"_angie_page":false},"product_brand":[],"product_cat":[19443,25811,20550],"product_tag":[],"class_list":{"0":"post-244948","1":"product","2":"type-product","3":"status-publish","4":"has-post-thumbnail","6":"product_cat-bain-et-corps","7":"product_cat-huiles-pour-barbe","8":"product_cat-soin-cheveux","9":"pa_collection-pure-and-natural-beard-oils-1-litre-fr","10":"pa_made-in-royaume-uni","12":"first","13":"instock","14":"purchasable","15":"product-type-simple"},"supplier_id":null,"supplier_sku":"BeardoB-03","barcode":null,"atum_controlled":true,"out_stock_date":null,"out_stock_threshold":null,"inheritable":false,"inbound_stock":null,"stock_on_hold":0,"sold_today":0,"sales_last_days":0,"reserved_stock":null,"customer_returns":null,"warehouse_damage":null,"lost_in_post":null,"other_logs":null,"out_stock_days":0,"lost_sales":0,"has_location":null,"update_date":"2026-05-08T05:05:00","atum_locations":[],"atum_stock_status":"instock","restock_status":false,"low_stock_amount":"","sales_update_date":"2025-10-09T03:26:18","calc_backorders":null,"_links":{"self":[{"href":"https:\/\/aromasentia.com\/fr\/wp-json\/wp\/v2\/product\/244948","targetHints":{"allow":["GET"]}}],"collection":[{"href":"https:\/\/aromasentia.com\/fr\/wp-json\/wp\/v2\/product"}],"about":[{"href":"https:\/\/aromasentia.com\/fr\/wp-json\/wp\/v2\/types\/product"}],"replies":[{"embeddable":true,"href":"https:\/\/aromasentia.com\/fr\/wp-json\/wp\/v2\/comments?post=244948"}],"version-history":[{"count":0,"href":"https:\/\/aromasentia.com\/fr\/wp-json\/wp\/v2\/product\/244948\/revisions"}],"wp:featuredmedia":[{"embeddable":true,"href":"https:\/\/aromasentia.com\/fr\/wp-json\/wp\/v2\/media\/258923"}],"wp:attachment":[{"href":"https:\/\/aromasentia.com\/fr\/wp-json\/wp\/v2\/media?parent=244948"}],"wp:term":[{"taxonomy":"product_brand","embeddable":true,"href":"https:\/\/aromasentia.com\/fr\/wp-json\/wp\/v2\/product_brand?post=244948"},{"taxonomy":"product_cat","embeddable":true,"href":"https:\/\/aromasentia.com\/fr\/wp-json\/wp\/v2\/product_cat?post=244948"},{"taxonomy":"product_tag","embeddable":true,"href":"https:\/\/aromasentia.com\/fr\/wp-json\/wp\/v2\/product_tag?post=244948"}],"curies":[{"name":"wp","href":"https:\/\/api.w.org\/{rel}","templated":true}]}}