{"id":244708,"date":"2025-03-20T14:37:35","date_gmt":"2025-03-20T14:37:35","guid":{"rendered":"https:\/\/aromasentia.com\/product\/olive-oil-50ml\/"},"modified":"2025-06-23T19:24:02","modified_gmt":"2025-06-23T19:24:02","slug":"olive-huile-de-base-neutre-50ml","status":"publish","type":"product","link":"https:\/\/aromasentia.com\/fr\/olive-huile-de-base-neutre-50ml\/","title":{"rendered":"Olive &#8211; Huile de base neutre 50ml"},"content":{"rendered":"<p><strong><span style=\"color: rgb(75, 80, 88);\">Nom botanique :<\/span><\/strong> Olea Europaea&nbsp;<\/p>\n<p><strong><span style=\"color: rgb(75, 80, 88);\">Origine :<\/span><\/strong> Espagne : Espagne&nbsp;<\/p>\n<p>Les oliviers sont cultiv\u00e9s sur le pourtour de la M\u00e9diterran\u00e9e depuis le 8e mill\u00e9naire avant notre \u00e8re. L&rsquo;Espagne est le plus grand producteur d&rsquo;huile d&rsquo;olive, suivie de l&rsquo;Italie et de la Gr\u00e8ce.&nbsp;<\/p>\n<p><strong><span style=\"color: rgb(75, 80, 88);\">Couleur et odeur : <\/span><\/strong>Vert clair \u00e0 moyen&nbsp;<\/p>\n<p><strong><span style=\"color: rgb(75, 80, 88);\">Texture :<\/span><\/strong> \u00e9paisse, fruit\u00e9e, l\u00e9g\u00e8rement poivr\u00e9e<\/p>\n<p><strong><span style=\"color: rgb(75, 80, 88);\">Dur\u00e9e de conservation :<\/span><\/strong> 1 an&nbsp;<\/p>\n<p>L&rsquo;huile d&rsquo;olive est riche en acides gras sains, en compos\u00e9s anti-inflammatoires et en antioxydants. Elle peut \u00eatre utilis\u00e9e comme huile de support pour hydrater la peau, acc\u00e9l\u00e9rer la cicatrisation des plaies et m\u00eame aider \u00e0 combattre les infections.&nbsp;<\/p>\n<p>Des recherches sugg\u00e8rent que l&rsquo;huile d&rsquo;olive pourrait constituer un traitement prometteur pour les affections cutan\u00e9es telles que la dermatite s\u00e9borrh\u00e9ique, le psoriasis, l&rsquo;acn\u00e9 et la dermatite atopique.&nbsp;<\/p>\n<p>Elle contribue \u00e0 am\u00e9liorer ces probl\u00e8mes de peau en r\u00e9duisant l&rsquo;inflammation et en luttant contre la prolif\u00e9ration des bact\u00e9ries.&nbsp;<\/p>\n<p><strong><span style=\"color: rgb(141, 186, 216);\">Contient de l&rsquo;huile pure 100% naturelle. Id\u00e9al pour diluer les huiles essentielles avant de les utiliser sur la peau.<\/span><\/strong><\/p>\n<p><strong><span style=\"color: rgb(184, 49, 47);\">Ne pas utiliser en interne.<\/span><\/strong><\/p>\n<div class=\"description\">\n<div class=\"description\"><\/div>\n<\/div>\n<p><\/p>\n","protected":false},"excerpt":{"rendered":"<p>Nom botanique : Olea Europaea&nbsp; Origine : Espagne : Espagne&nbsp; Les oliviers sont cultiv\u00e9s sur le pourtour de la M\u00e9diterran\u00e9e depuis le 8e mill\u00e9naire avant notre \u00e8re. L&rsquo;Espagne est le plus grand producteur d&rsquo;huile d&rsquo;olive, suivie de l&rsquo;Italie et de la Gr\u00e8ce.&nbsp; Couleur et odeur : Vert clair \u00e0 moyen&nbsp; Texture : \u00e9paisse, fruit\u00e9e, l\u00e9g\u00e8rement [&hellip;]<\/p>\n","protected":false},"featured_media":259271,"comment_status":"closed","ping_status":"open","template":"","meta":{"_angie_page":false},"product_brand":[27093],"product_cat":[16450,23926],"product_tag":[],"class_list":{"0":"post-244708","1":"product","2":"type-product","3":"status-publish","4":"has-post-thumbnail","6":"product_brand-ancient-wisdom","7":"product_cat-aromatherapie-et-parfums-d-ambiance","8":"product_cat-huiles-vegetales","9":"pa_made-in-espagne","10":"pa_size-50ml","12":"first","13":"instock","14":"purchasable","15":"product-type-simple"},"supplier_id":null,"supplier_sku":"BOa-14","barcode":null,"atum_controlled":true,"out_stock_date":null,"out_stock_threshold":null,"inheritable":false,"inbound_stock":null,"stock_on_hold":0,"sold_today":0,"sales_last_days":0,"reserved_stock":null,"customer_returns":null,"warehouse_damage":null,"lost_in_post":null,"other_logs":null,"out_stock_days":0,"lost_sales":0,"has_location":null,"update_date":"2026-04-27T06:55:20","atum_locations":[],"atum_stock_status":"instock","restock_status":false,"low_stock_amount":"","sales_update_date":"2026-01-20T05:14:03","calc_backorders":null,"_links":{"self":[{"href":"https:\/\/aromasentia.com\/fr\/wp-json\/wp\/v2\/product\/244708","targetHints":{"allow":["GET"]}}],"collection":[{"href":"https:\/\/aromasentia.com\/fr\/wp-json\/wp\/v2\/product"}],"about":[{"href":"https:\/\/aromasentia.com\/fr\/wp-json\/wp\/v2\/types\/product"}],"replies":[{"embeddable":true,"href":"https:\/\/aromasentia.com\/fr\/wp-json\/wp\/v2\/comments?post=244708"}],"version-history":[{"count":0,"href":"https:\/\/aromasentia.com\/fr\/wp-json\/wp\/v2\/product\/244708\/revisions"}],"wp:featuredmedia":[{"embeddable":true,"href":"https:\/\/aromasentia.com\/fr\/wp-json\/wp\/v2\/media\/259271"}],"wp:attachment":[{"href":"https:\/\/aromasentia.com\/fr\/wp-json\/wp\/v2\/media?parent=244708"}],"wp:term":[{"taxonomy":"product_brand","embeddable":true,"href":"https:\/\/aromasentia.com\/fr\/wp-json\/wp\/v2\/product_brand?post=244708"},{"taxonomy":"product_cat","embeddable":true,"href":"https:\/\/aromasentia.com\/fr\/wp-json\/wp\/v2\/product_cat?post=244708"},{"taxonomy":"product_tag","embeddable":true,"href":"https:\/\/aromasentia.com\/fr\/wp-json\/wp\/v2\/product_tag?post=244708"}],"curies":[{"name":"wp","href":"https:\/\/api.w.org\/{rel}","templated":true}]}}