{"id":244704,"date":"2025-03-20T14:37:35","date_gmt":"2025-03-20T14:37:35","guid":{"rendered":"https:\/\/aromasentia.com\/product\/borage-oil-50ml\/"},"modified":"2025-06-23T19:24:01","modified_gmt":"2025-06-23T19:24:01","slug":"bourrache-huile-de-base-neutre-50ml","status":"publish","type":"product","link":"https:\/\/aromasentia.com\/fr\/bourrache-huile-de-base-neutre-50ml\/","title":{"rendered":"Bourrache &#8211; Huile de base neutre 50ml"},"content":{"rendered":"<p><strong><span style=\"color: rgb(75, 80, 88);\">Nom botanique :<\/span><\/strong> Borago Officinalis<\/p>\n<p><strong><span style=\"color: rgb(75, 80, 88);\">Autres noms :<\/span><\/strong> Huile de tournesol&nbsp;<\/p>\n<p><strong><span style=\"color: rgb(75, 80, 88);\">Origine :<\/span><\/strong> Europe Europe&nbsp;<\/p>\n<p><strong><span style=\"color: rgb(75, 80, 88);\">Couleur et odeur :<\/span><\/strong> jaune clair, tr\u00e8s peu d&rsquo;odeur avec une tonalit\u00e9 l\u00e9g\u00e8rement sucr\u00e9e.&nbsp;<\/p>\n<p><strong><span style=\"color: rgb(75, 80, 88);\">Texture :<\/span><\/strong> fine \u00e0 moyenne, un peu grasse sur la peau.&nbsp;<\/p>\n<p><strong><span style=\"color: rgb(75, 80, 88);\">Dur\u00e9e de conservation :<\/span><\/strong> 1 an&nbsp;<\/p>\n<p>La bourrache, \u00e9galement connue sous le nom de fleur d&rsquo;\u00e9toile, est une plante h\u00e9riss\u00e9e originaire du Moyen-Orient. Aujourd&rsquo;hui, elle est cultiv\u00e9e dans la plupart des r\u00e9gions chaudes du monde, notamment en Afrique, en Asie, en Europe du Sud et en Am\u00e9rique du Sud. L&rsquo;huile de bourrache est extraite des graines de la plante.&nbsp;<\/p>\n<p>Elle est tr\u00e8s riche en om\u00e9ga 6, dont elle contient jusqu&rsquo;\u00e0 24 %. On dit qu&rsquo;elle est efficace en cas d&rsquo;affections cutan\u00e9es diverses telles que la dermatite et qu&rsquo;elle poss\u00e8de \u00e9galement des propri\u00e9t\u00e9s anti-inflammatoires. Fabriqu\u00e9 selon la m\u00e9thode d&rsquo;extraction par pression \u00e0 froid.&nbsp;<\/p>\n<p><strong><span style=\"color: rgb(141, 186, 216);\">Fourni dans des flacons en verre de 50 ml, il contient de l&rsquo;huile pure 100% naturelle. Id\u00e9al pour diluer les huiles essentielles avant de les utiliser sur la peau. <\/span><\/strong><\/p>\n<p><strong><span style=\"color: rgb(184, 49, 47);\">Ne pas utiliser en interne.<\/span><\/strong><\/p>\n<div class=\"description\">\n<div class=\"description\"><\/div>\n<\/div>\n<p><\/p>\n","protected":false},"excerpt":{"rendered":"<p>Nom botanique : Borago Officinalis Autres noms : Huile de tournesol&nbsp; Origine : Europe Europe&nbsp; Couleur et odeur : jaune clair, tr\u00e8s peu d&rsquo;odeur avec une tonalit\u00e9 l\u00e9g\u00e8rement sucr\u00e9e.&nbsp; Texture : fine \u00e0 moyenne, un peu grasse sur la peau.&nbsp; Dur\u00e9e de conservation : 1 an&nbsp; La bourrache, \u00e9galement connue sous le nom de fleur [&hellip;]<\/p>\n","protected":false},"featured_media":259262,"comment_status":"closed","ping_status":"open","template":"","meta":{"_angie_page":false},"product_brand":[27093],"product_cat":[16450,23926],"product_tag":[],"class_list":{"0":"post-244704","1":"product","2":"type-product","3":"status-publish","4":"has-post-thumbnail","6":"product_brand-ancient-wisdom","7":"product_cat-aromatherapie-et-parfums-d-ambiance","8":"product_cat-huiles-vegetales","9":"pa_made-in-chine","10":"pa_size-50ml","12":"first","13":"instock","14":"purchasable","15":"product-type-simple"},"supplier_id":null,"supplier_sku":"BOa-13","barcode":null,"atum_controlled":true,"out_stock_date":null,"out_stock_threshold":null,"inheritable":false,"inbound_stock":null,"stock_on_hold":0,"sold_today":0,"sales_last_days":0,"reserved_stock":null,"customer_returns":null,"warehouse_damage":null,"lost_in_post":null,"other_logs":null,"out_stock_days":0,"lost_sales":0,"has_location":null,"update_date":"2026-05-08T05:06:06","atum_locations":[],"atum_stock_status":"instock","restock_status":false,"low_stock_amount":"","sales_update_date":"2026-01-30T01:25:58","calc_backorders":null,"_links":{"self":[{"href":"https:\/\/aromasentia.com\/fr\/wp-json\/wp\/v2\/product\/244704","targetHints":{"allow":["GET"]}}],"collection":[{"href":"https:\/\/aromasentia.com\/fr\/wp-json\/wp\/v2\/product"}],"about":[{"href":"https:\/\/aromasentia.com\/fr\/wp-json\/wp\/v2\/types\/product"}],"replies":[{"embeddable":true,"href":"https:\/\/aromasentia.com\/fr\/wp-json\/wp\/v2\/comments?post=244704"}],"version-history":[{"count":0,"href":"https:\/\/aromasentia.com\/fr\/wp-json\/wp\/v2\/product\/244704\/revisions"}],"wp:featuredmedia":[{"embeddable":true,"href":"https:\/\/aromasentia.com\/fr\/wp-json\/wp\/v2\/media\/259262"}],"wp:attachment":[{"href":"https:\/\/aromasentia.com\/fr\/wp-json\/wp\/v2\/media?parent=244704"}],"wp:term":[{"taxonomy":"product_brand","embeddable":true,"href":"https:\/\/aromasentia.com\/fr\/wp-json\/wp\/v2\/product_brand?post=244704"},{"taxonomy":"product_cat","embeddable":true,"href":"https:\/\/aromasentia.com\/fr\/wp-json\/wp\/v2\/product_cat?post=244704"},{"taxonomy":"product_tag","embeddable":true,"href":"https:\/\/aromasentia.com\/fr\/wp-json\/wp\/v2\/product_tag?post=244704"}],"curies":[{"name":"wp","href":"https:\/\/api.w.org\/{rel}","templated":true}]}}