{"id":244700,"date":"2025-03-20T14:37:35","date_gmt":"2025-03-20T14:37:35","guid":{"rendered":"https:\/\/aromasentia.com\/product\/macadamia-oil-50ml\/"},"modified":"2025-06-23T19:24:01","modified_gmt":"2025-06-23T19:24:01","slug":"noix-de-macadamia-huile-de-base-neutre-50ml","status":"publish","type":"product","link":"https:\/\/aromasentia.com\/fr\/noix-de-macadamia-huile-de-base-neutre-50ml\/","title":{"rendered":"Noix de Macadamia &#8211; Huile de base neutre 50ml"},"content":{"rendered":"<p><strong><span style=\"color: rgb(75, 80, 88);\">Nom botanique :<\/span><\/strong> Macadamia Integrifolia&nbsp;<\/p>\n<p><strong><span style=\"color: rgb(75, 80, 88);\">Origine :<\/span><\/strong> Australie Australie&nbsp;<\/p>\n<p><strong><span style=\"color: rgb(75, 80, 88);\">Couleur et odeur :<\/span><\/strong> claire avec une l\u00e9g\u00e8re teinte jaune. L&rsquo;huile est plus aromatique que les autres huiles de noix et est tr\u00e8s douce.&nbsp;<\/p>\n<p><strong><span style=\"color: rgb(75, 80, 88);\">Texture :<\/span><\/strong> Comme il s&rsquo;agit d&rsquo;une huile plus \u00e9paisse, elle laisse un film gras sur la peau. La noix de Macadamia a \u00e9t\u00e9 d\u00e9couverte pour la premi\u00e8re fois (par les Europ\u00e9ens) apr\u00e8s la colonisation de l&rsquo;Australie, bien que les indig\u00e8nes australiens la consomment et la transforment depuis de nombreuses ann\u00e9es.&nbsp;<\/p>\n<p>En cosm\u00e9tique, l&rsquo;huile est g\u00e9n\u00e9ralement utilis\u00e9e dans des cr\u00e8mes plus \u00e9paisses en raison de son toucher plus lourd et plus luxueux. La macadamia permet \u00e9galement de bloquer les rayons nocifs du soleil et est donc souvent utilis\u00e9e dans les lotions solaires.&nbsp;<\/p>\n<p>L&rsquo;huile de macadamia ressemble beaucoup au s\u00e9bum, qui est naturellement produit par la peau pour se prot\u00e9ger. Notre huile de base de macadamia en gros provient d&rsquo;Australie et est extraite par pression \u00e0 froid.&nbsp;<\/p>\n<p><strong><span style=\"color: rgb(141, 186, 216);\">Elle contient 100 % d&rsquo;huile pure naturelle. Id\u00e9ale pour diluer les huiles essentielles avant de les utiliser sur la peau.&nbsp;<\/span><\/strong><\/p>\n<p><strong><span style=\"color: rgb(184, 49, 47);\">Ne pas utiliser en interne.<\/span><\/strong><\/p>\n<div class=\"description\">\n<div class=\"description\"><\/div>\n<\/div>\n","protected":false},"excerpt":{"rendered":"<p>Nom botanique : Macadamia Integrifolia&nbsp; Origine : Australie Australie&nbsp; Couleur et odeur : claire avec une l\u00e9g\u00e8re teinte jaune. L&rsquo;huile est plus aromatique que les autres huiles de noix et est tr\u00e8s douce.&nbsp; Texture : Comme il s&rsquo;agit d&rsquo;une huile plus \u00e9paisse, elle laisse un film gras sur la peau. La noix de Macadamia a [&hellip;]<\/p>\n","protected":false},"featured_media":259253,"comment_status":"closed","ping_status":"open","template":"","meta":{"_angie_page":false},"product_brand":[27093],"product_cat":[16450,23926],"product_tag":[],"class_list":{"0":"post-244700","1":"product","2":"type-product","3":"status-publish","4":"has-post-thumbnail","6":"product_brand-ancient-wisdom","7":"product_cat-aromatherapie-et-parfums-d-ambiance","8":"product_cat-huiles-vegetales","9":"pa_made-in-australie","10":"pa_size-50ml","12":"first","13":"outofstock","14":"purchasable","15":"product-type-simple"},"supplier_id":null,"supplier_sku":"BOa-11","barcode":null,"atum_controlled":true,"out_stock_date":"2026-04-25 15:11:50","out_stock_threshold":null,"inheritable":false,"inbound_stock":null,"stock_on_hold":0,"sold_today":0,"sales_last_days":0,"reserved_stock":null,"customer_returns":null,"warehouse_damage":null,"lost_in_post":null,"other_logs":null,"out_stock_days":0,"lost_sales":0,"has_location":null,"update_date":"2026-04-27T06:55:20","atum_locations":[],"atum_stock_status":"outofstock","restock_status":false,"low_stock_amount":"","sales_update_date":"2026-01-30T01:25:57","calc_backorders":null,"_links":{"self":[{"href":"https:\/\/aromasentia.com\/fr\/wp-json\/wp\/v2\/product\/244700","targetHints":{"allow":["GET"]}}],"collection":[{"href":"https:\/\/aromasentia.com\/fr\/wp-json\/wp\/v2\/product"}],"about":[{"href":"https:\/\/aromasentia.com\/fr\/wp-json\/wp\/v2\/types\/product"}],"replies":[{"embeddable":true,"href":"https:\/\/aromasentia.com\/fr\/wp-json\/wp\/v2\/comments?post=244700"}],"version-history":[{"count":0,"href":"https:\/\/aromasentia.com\/fr\/wp-json\/wp\/v2\/product\/244700\/revisions"}],"wp:featuredmedia":[{"embeddable":true,"href":"https:\/\/aromasentia.com\/fr\/wp-json\/wp\/v2\/media\/259253"}],"wp:attachment":[{"href":"https:\/\/aromasentia.com\/fr\/wp-json\/wp\/v2\/media?parent=244700"}],"wp:term":[{"taxonomy":"product_brand","embeddable":true,"href":"https:\/\/aromasentia.com\/fr\/wp-json\/wp\/v2\/product_brand?post=244700"},{"taxonomy":"product_cat","embeddable":true,"href":"https:\/\/aromasentia.com\/fr\/wp-json\/wp\/v2\/product_cat?post=244700"},{"taxonomy":"product_tag","embeddable":true,"href":"https:\/\/aromasentia.com\/fr\/wp-json\/wp\/v2\/product_tag?post=244700"}],"curies":[{"name":"wp","href":"https:\/\/api.w.org\/{rel}","templated":true}]}}