{"id":244672,"date":"2025-03-20T14:37:35","date_gmt":"2025-03-20T14:37:35","guid":{"rendered":"https:\/\/aromasentia.com\/product\/mango-aromathrapy-box-aw-holds-12\/"},"modified":"2025-06-23T19:23:55","modified_gmt":"2025-06-23T19:23:55","slug":"coffret-sculpte-pour-huile-essentielle-avec-logo-aw-12-bouteilles","status":"publish","type":"product","link":"https:\/\/aromasentia.com\/fr\/coffret-sculpte-pour-huile-essentielle-avec-logo-aw-12-bouteilles\/","title":{"rendered":"Coffret Sculpt\u00e9 pour Huile Essentielle avec Logo -AW-12 bouteilles"},"content":{"rendered":"<p>Jetez un coup d&rsquo;\u0153il \u00e0 cette <strong><span style=\"color: rgb(75, 80, 88);\">bo\u00eete d&rsquo;aromath\u00e9rapie en bois de manguier<\/span><\/strong> en gros.&nbsp;<\/p>\n<p>Cette jolie pi\u00e8ce sera magnifique dans la chambre ou le dressing ou n&rsquo;importe quelle pi\u00e8ce vraiment.&nbsp;<\/p>\n<p>Ces bo\u00eetes de rangement d&rsquo;aromath\u00e9rapie sont con&ccedil;ues pour contenir des bouteilles de 10 ml ; ils sont donc id\u00e9aux pour stocker les huiles essentielles.&nbsp;<\/p>\n<p>Vous pouvez les vendre s\u00e9par\u00e9ment ou peut-\u00eatre cr\u00e9er vos propres kits d&rsquo;huiles essentielles ou coffrets cadeaux.<\/p>\n<p>Veuillez noter qu&rsquo;en raison de la nature artisanale de ces bo\u00eetes, les dessins peuvent varier.&nbsp;<\/p>\n<p>Ces bo\u00eetes peuvent contenir une combinaison de bouteilles de 10 ml d&rsquo;une hauteur maximale de 65 mm et d&rsquo;un diam\u00e8tre approximatif de 25 mm.<\/p>\n<p><strong><span style=\"color: rgb(75, 80, 88);\">Taille : 11,5&#215;14,5&#215;8 (cm)<\/span><\/strong><\/p>\n<p><strong><span style=\"color: rgb(141, 186, 216);\">Commandez maintenant pour ajouter un peu d&rsquo;\u00e9l\u00e9gance \u00e0 votre boutique.<\/span><\/strong><\/p>\n","protected":false},"excerpt":{"rendered":"<p>Jetez un coup d&rsquo;\u0153il \u00e0 cette bo\u00eete d&rsquo;aromath\u00e9rapie en bois de manguier en gros.&nbsp; Cette jolie pi\u00e8ce sera magnifique dans la chambre ou le dressing ou n&rsquo;importe quelle pi\u00e8ce vraiment.&nbsp; Ces bo\u00eetes de rangement d&rsquo;aromath\u00e9rapie sont con&ccedil;ues pour contenir des bouteilles de 10 ml ; ils sont donc id\u00e9aux pour stocker les huiles essentielles.&nbsp; Vous [&hellip;]<\/p>\n","protected":false},"featured_media":259439,"comment_status":"closed","ping_status":"open","template":"","meta":[],"product_brand":[],"product_cat":[14137,14138],"product_tag":[],"class_list":{"0":"post-244672","1":"product","2":"type-product","3":"status-publish","4":"has-post-thumbnail","6":"product_cat-emballages-boites-et-sacs-cadeau","7":"product_cat-rangement-coffrets-et-boites-cadeaux","8":"pa_collection-aromatherapy-boxes-fr","9":"pa_made-in-inde","11":"first","12":"instock","13":"purchasable","14":"product-type-simple"},"supplier_id":null,"supplier_sku":"Abox-02A","barcode":null,"atum_controlled":true,"out_stock_date":null,"out_stock_threshold":null,"inheritable":false,"inbound_stock":null,"stock_on_hold":0,"sold_today":0,"sales_last_days":0,"reserved_stock":null,"customer_returns":null,"warehouse_damage":null,"lost_in_post":null,"other_logs":null,"out_stock_days":0,"lost_sales":0,"has_location":null,"update_date":"2026-02-09T10:25:43","atum_locations":[],"atum_stock_status":"instock","restock_status":false,"low_stock_amount":"","sales_update_date":"2026-02-06T00:00:50","calc_backorders":null,"_links":{"self":[{"href":"https:\/\/aromasentia.com\/fr\/wp-json\/wp\/v2\/product\/244672","targetHints":{"allow":["GET"]}}],"collection":[{"href":"https:\/\/aromasentia.com\/fr\/wp-json\/wp\/v2\/product"}],"about":[{"href":"https:\/\/aromasentia.com\/fr\/wp-json\/wp\/v2\/types\/product"}],"replies":[{"embeddable":true,"href":"https:\/\/aromasentia.com\/fr\/wp-json\/wp\/v2\/comments?post=244672"}],"version-history":[{"count":0,"href":"https:\/\/aromasentia.com\/fr\/wp-json\/wp\/v2\/product\/244672\/revisions"}],"wp:featuredmedia":[{"embeddable":true,"href":"https:\/\/aromasentia.com\/fr\/wp-json\/wp\/v2\/media\/259439"}],"wp:attachment":[{"href":"https:\/\/aromasentia.com\/fr\/wp-json\/wp\/v2\/media?parent=244672"}],"wp:term":[{"taxonomy":"product_brand","embeddable":true,"href":"https:\/\/aromasentia.com\/fr\/wp-json\/wp\/v2\/product_brand?post=244672"},{"taxonomy":"product_cat","embeddable":true,"href":"https:\/\/aromasentia.com\/fr\/wp-json\/wp\/v2\/product_cat?post=244672"},{"taxonomy":"product_tag","embeddable":true,"href":"https:\/\/aromasentia.com\/fr\/wp-json\/wp\/v2\/product_tag?post=244672"}],"curies":[{"name":"wp","href":"https:\/\/api.w.org\/{rel}","templated":true}]}}