{"id":244660,"date":"2025-03-20T14:38:14","date_gmt":"2025-03-20T14:38:14","guid":{"rendered":"https:\/\/aromasentia.com\/product\/argan-oil-1-litre\/"},"modified":"2025-06-23T19:23:54","modified_gmt":"2025-06-23T19:23:54","slug":"argan-huile-de-base-1-litre","status":"publish","type":"product","link":"https:\/\/aromasentia.com\/fr\/argan-huile-de-base-1-litre\/","title":{"rendered":"Argan &#8211; Huile de Base 1 litre"},"content":{"rendered":"<p>Nos huiles de base d&rsquo;argan sont id\u00e9ales pour diluer les huiles essentielles avant de les utiliser sur la peau.&nbsp;<\/p>\n<p>Toutes nos huiles de base sont des huiles pures 100% naturelles. Consid\u00e9r\u00e9e comme l&rsquo;une des huiles les plus rares au monde, l&rsquo;huile d&rsquo;argan est une huile de noisette robuste fabriqu\u00e9e en grande partie au Maroc \u00e0 partir des noix de l&rsquo;arganier. Les arganiers couvraient autrefois une grande partie de l&rsquo;Afrique du Nord mais leur nombre est maintenant consid\u00e9rablement r\u00e9duit, d&rsquo;o\u00f9le prix \u00e9lev\u00e9 de l&rsquo;huile d&rsquo;arganier.&nbsp;<\/p>\n<p>La noix est tr\u00e8s difficile \u00e0 retirer de son fruit robuste et les noix ont \u00e9t\u00e9 r\u00e9colt\u00e9es \u00e0 l&rsquo;origine, non pas sur l&rsquo;arbre, mais sur les excr\u00e9ments des ch\u00e8vres qui grimpaient aux arbres et mangeaient les fruits. La noix est li\u00e9e \u00e0 l&rsquo;olive mais a une saveur distincte qui lui est propre; son huile est principalement utilis\u00e9e pour le traitement des cheveux et de la peau.&nbsp;<\/p>\n<p>L&rsquo;huile d&rsquo;argan peut devenir un \u00e9lixir de beaut\u00e9 de la t\u00eate aux pieds. Il regorge d&rsquo;acides gras essentiels, d&rsquo;antioxydants, de vitamines et de min\u00e9raux qui favorisent la sant\u00e9 globale en hydratant, adoucissant et prot\u00e9geant la peau et les cheveux des dommages caus\u00e9s par le soleil sans toxines nocives ni parab\u00e8nes.<\/p>\n","protected":false},"excerpt":{"rendered":"<p>Nos huiles de base d&rsquo;argan sont id\u00e9ales pour diluer les huiles essentielles avant de les utiliser sur la peau.&nbsp; Toutes nos huiles de base sont des huiles pures 100% naturelles. Consid\u00e9r\u00e9e comme l&rsquo;une des huiles les plus rares au monde, l&rsquo;huile d&rsquo;argan est une huile de noisette robuste fabriqu\u00e9e en grande partie au Maroc \u00e0 [&hellip;]<\/p>\n","protected":false},"featured_media":259665,"comment_status":"closed","ping_status":"open","template":"","meta":{"_angie_page":false},"product_brand":[27093],"product_cat":[16450,23926],"product_tag":[],"class_list":{"0":"post-244660","1":"product","2":"type-product","3":"status-publish","4":"has-post-thumbnail","6":"product_brand-ancient-wisdom","7":"product_cat-aromatherapie-et-parfums-d-ambiance","8":"product_cat-huiles-vegetales","9":"pa_collection-base-oils-1-litre-fr","10":"pa_made-in-maroc","12":"first","13":"instock","14":"purchasable","15":"product-type-simple"},"supplier_id":null,"supplier_sku":"BOz-22","barcode":null,"atum_controlled":true,"out_stock_date":null,"out_stock_threshold":null,"inheritable":false,"inbound_stock":0,"stock_on_hold":0,"sold_today":0,"sales_last_days":0,"reserved_stock":0,"customer_returns":0,"warehouse_damage":0,"lost_in_post":0,"other_logs":0,"out_stock_days":14,"lost_sales":0,"has_location":false,"update_date":"2026-04-27T06:55:40","atum_locations":[],"atum_stock_status":"instock","restock_status":false,"low_stock_amount":"","sales_update_date":"2026-02-06T00:01:51","calc_backorders":null,"_links":{"self":[{"href":"https:\/\/aromasentia.com\/fr\/wp-json\/wp\/v2\/product\/244660","targetHints":{"allow":["GET"]}}],"collection":[{"href":"https:\/\/aromasentia.com\/fr\/wp-json\/wp\/v2\/product"}],"about":[{"href":"https:\/\/aromasentia.com\/fr\/wp-json\/wp\/v2\/types\/product"}],"replies":[{"embeddable":true,"href":"https:\/\/aromasentia.com\/fr\/wp-json\/wp\/v2\/comments?post=244660"}],"version-history":[{"count":0,"href":"https:\/\/aromasentia.com\/fr\/wp-json\/wp\/v2\/product\/244660\/revisions"}],"wp:featuredmedia":[{"embeddable":true,"href":"https:\/\/aromasentia.com\/fr\/wp-json\/wp\/v2\/media\/259665"}],"wp:attachment":[{"href":"https:\/\/aromasentia.com\/fr\/wp-json\/wp\/v2\/media?parent=244660"}],"wp:term":[{"taxonomy":"product_brand","embeddable":true,"href":"https:\/\/aromasentia.com\/fr\/wp-json\/wp\/v2\/product_brand?post=244660"},{"taxonomy":"product_cat","embeddable":true,"href":"https:\/\/aromasentia.com\/fr\/wp-json\/wp\/v2\/product_cat?post=244660"},{"taxonomy":"product_tag","embeddable":true,"href":"https:\/\/aromasentia.com\/fr\/wp-json\/wp\/v2\/product_tag?post=244660"}],"curies":[{"name":"wp","href":"https:\/\/api.w.org\/{rel}","templated":true}]}}