{"id":244652,"date":"2025-03-20T14:38:14","date_gmt":"2025-03-20T14:38:14","guid":{"rendered":"https:\/\/aromasentia.com\/product\/castor-oil-1-litre\/"},"modified":"2025-06-23T19:23:53","modified_gmt":"2025-06-23T19:23:53","slug":"ricin-huile-de-base-1-litre","status":"publish","type":"product","link":"https:\/\/aromasentia.com\/fr\/ricin-huile-de-base-1-litre\/","title":{"rendered":"Ricin &#8211; Huile de Base 1 litre"},"content":{"rendered":"<p><strong><span style=\"color: rgb(75, 80, 88);\">Nos huiles de base de ricin<\/span><\/strong> sont id\u00e9ales pour diluer les huiles essentielles avant de les utiliser sur la peau. Toutes nos huiles de base sont des huiles pures 100% naturelles.&nbsp;<\/p>\n<p>Notre huile de base d&rsquo;huile de ricin en gros est soigneusement s\u00e9lectionn\u00e9e, achet\u00e9e le plus souvent \u00e0 partir de sources primaires, test\u00e9e pour sa puret\u00e9 et soumise \u00e0 des normes de contr\u00f4le de qualit\u00e9 rigoureuses.&nbsp;<\/p>\n<p>Provenant du monde entier, cette base d&rsquo;huile de ricin provient d&rsquo;Inde et est fabriqu\u00e9e avec une m\u00e9thode d&rsquo;extraction par pression \u00e0 froid.<\/p>\n<p><strong><span style=\"color: rgb(141, 186, 216);\">Nous sommes l&rsquo;un des meilleurs grossistes d&rsquo;huiles de base au Royaume-Uni.<\/span><\/strong><\/p>\n","protected":false},"excerpt":{"rendered":"<p>Nos huiles de base de ricin sont id\u00e9ales pour diluer les huiles essentielles avant de les utiliser sur la peau. Toutes nos huiles de base sont des huiles pures 100% naturelles.&nbsp; Notre huile de base d&rsquo;huile de ricin en gros est soigneusement s\u00e9lectionn\u00e9e, achet\u00e9e le plus souvent \u00e0 partir de sources primaires, test\u00e9e pour sa [&hellip;]<\/p>\n","protected":false},"featured_media":259647,"comment_status":"closed","ping_status":"open","template":"","meta":{"_angie_page":false},"product_brand":[27093],"product_cat":[16450,23926],"product_tag":[],"class_list":{"0":"post-244652","1":"product","2":"type-product","3":"status-publish","4":"has-post-thumbnail","6":"product_brand-ancient-wisdom","7":"product_cat-aromatherapie-et-parfums-d-ambiance","8":"product_cat-huiles-vegetales","9":"pa_collection-base-oils-1-litre-fr","10":"pa_made-in-inde","12":"first","13":"instock","14":"purchasable","15":"product-type-simple"},"supplier_id":null,"supplier_sku":"BOz-20","barcode":null,"atum_controlled":true,"out_stock_date":null,"out_stock_threshold":null,"inheritable":false,"inbound_stock":null,"stock_on_hold":0,"sold_today":0,"sales_last_days":0,"reserved_stock":null,"customer_returns":null,"warehouse_damage":null,"lost_in_post":null,"other_logs":null,"out_stock_days":0,"lost_sales":0,"has_location":null,"update_date":"2026-05-04T00:02:51","atum_locations":[],"atum_stock_status":"instock","restock_status":false,"low_stock_amount":"","sales_update_date":"2025-10-09T03:26:54","calc_backorders":null,"_links":{"self":[{"href":"https:\/\/aromasentia.com\/fr\/wp-json\/wp\/v2\/product\/244652","targetHints":{"allow":["GET"]}}],"collection":[{"href":"https:\/\/aromasentia.com\/fr\/wp-json\/wp\/v2\/product"}],"about":[{"href":"https:\/\/aromasentia.com\/fr\/wp-json\/wp\/v2\/types\/product"}],"replies":[{"embeddable":true,"href":"https:\/\/aromasentia.com\/fr\/wp-json\/wp\/v2\/comments?post=244652"}],"version-history":[{"count":0,"href":"https:\/\/aromasentia.com\/fr\/wp-json\/wp\/v2\/product\/244652\/revisions"}],"wp:featuredmedia":[{"embeddable":true,"href":"https:\/\/aromasentia.com\/fr\/wp-json\/wp\/v2\/media\/259647"}],"wp:attachment":[{"href":"https:\/\/aromasentia.com\/fr\/wp-json\/wp\/v2\/media?parent=244652"}],"wp:term":[{"taxonomy":"product_brand","embeddable":true,"href":"https:\/\/aromasentia.com\/fr\/wp-json\/wp\/v2\/product_brand?post=244652"},{"taxonomy":"product_cat","embeddable":true,"href":"https:\/\/aromasentia.com\/fr\/wp-json\/wp\/v2\/product_cat?post=244652"},{"taxonomy":"product_tag","embeddable":true,"href":"https:\/\/aromasentia.com\/fr\/wp-json\/wp\/v2\/product_tag?post=244652"}],"curies":[{"name":"wp","href":"https:\/\/api.w.org\/{rel}","templated":true}]}}