{"id":244648,"date":"2025-03-20T14:38:14","date_gmt":"2025-03-20T14:38:14","guid":{"rendered":"https:\/\/aromasentia.com\/product\/neem-oil-1-litre\/"},"modified":"2025-06-23T19:23:52","modified_gmt":"2025-06-23T19:23:52","slug":"margousier-huile-de-base-1-litre","status":"publish","type":"product","link":"https:\/\/aromasentia.com\/fr\/margousier-huile-de-base-1-litre\/","title":{"rendered":"Margousier &#8211; Huile de Base 1 litre"},"content":{"rendered":"<p>Nos huiles de base de Neem sont id\u00e9ales pour diluer les huiles essentielles avant de les utiliser sur la peau.&nbsp;<\/p>\n<p>Toutes nos huiles de base sont des huiles pures 100% naturelles. Notre huile de base d&rsquo;huile de Neem en gros est soigneusement s\u00e9lectionn\u00e9e, achet\u00e9e le plus souvent \u00e0 partir de sources primaires, test\u00e9e pour sa puret\u00e9 et soumise \u00e0 des normes de contr\u00f4le de qualit\u00e9 rigoureuses.&nbsp;<\/p>\n<p>Provenant du monde entier, cette huile de base d&rsquo;huile de Neem provient d&rsquo;Inde et est fabriqu\u00e9e avec une m\u00e9thode d&rsquo;extraction par pression \u00e0 froid. Nous sommes l&rsquo;un des meilleurs grossistes d&rsquo;huiles de base au Royaume-Uni.<\/p>\n<p><strong>Nom botanique : <\/strong>Melia Azadirachta  <\/p>\n","protected":false},"excerpt":{"rendered":"<p>Nos huiles de base de Neem sont id\u00e9ales pour diluer les huiles essentielles avant de les utiliser sur la peau.&nbsp; Toutes nos huiles de base sont des huiles pures 100% naturelles. Notre huile de base d&rsquo;huile de Neem en gros est soigneusement s\u00e9lectionn\u00e9e, achet\u00e9e le plus souvent \u00e0 partir de sources primaires, test\u00e9e pour sa [&hellip;]<\/p>\n","protected":false},"featured_media":259638,"comment_status":"closed","ping_status":"open","template":"","meta":{"_angie_page":false},"product_brand":[27093],"product_cat":[16450,23926],"product_tag":[],"class_list":{"0":"post-244648","1":"product","2":"type-product","3":"status-publish","4":"has-post-thumbnail","6":"product_brand-ancient-wisdom","7":"product_cat-aromatherapie-et-parfums-d-ambiance","8":"product_cat-huiles-vegetales","9":"pa_collection-base-oils-1-litre-fr","10":"pa_made-in-inde","12":"first","13":"instock","14":"purchasable","15":"product-type-simple"},"supplier_id":null,"supplier_sku":"BOz-19","barcode":null,"atum_controlled":true,"out_stock_date":null,"out_stock_threshold":null,"inheritable":false,"inbound_stock":null,"stock_on_hold":0,"sold_today":0,"sales_last_days":0,"reserved_stock":null,"customer_returns":null,"warehouse_damage":null,"lost_in_post":null,"other_logs":null,"out_stock_days":0,"lost_sales":0,"has_location":null,"update_date":"2026-04-27T06:55:31","atum_locations":[],"atum_stock_status":"instock","restock_status":false,"low_stock_amount":"","sales_update_date":"2026-02-06T00:01:22","calc_backorders":null,"_links":{"self":[{"href":"https:\/\/aromasentia.com\/fr\/wp-json\/wp\/v2\/product\/244648","targetHints":{"allow":["GET"]}}],"collection":[{"href":"https:\/\/aromasentia.com\/fr\/wp-json\/wp\/v2\/product"}],"about":[{"href":"https:\/\/aromasentia.com\/fr\/wp-json\/wp\/v2\/types\/product"}],"replies":[{"embeddable":true,"href":"https:\/\/aromasentia.com\/fr\/wp-json\/wp\/v2\/comments?post=244648"}],"version-history":[{"count":0,"href":"https:\/\/aromasentia.com\/fr\/wp-json\/wp\/v2\/product\/244648\/revisions"}],"wp:featuredmedia":[{"embeddable":true,"href":"https:\/\/aromasentia.com\/fr\/wp-json\/wp\/v2\/media\/259638"}],"wp:attachment":[{"href":"https:\/\/aromasentia.com\/fr\/wp-json\/wp\/v2\/media?parent=244648"}],"wp:term":[{"taxonomy":"product_brand","embeddable":true,"href":"https:\/\/aromasentia.com\/fr\/wp-json\/wp\/v2\/product_brand?post=244648"},{"taxonomy":"product_cat","embeddable":true,"href":"https:\/\/aromasentia.com\/fr\/wp-json\/wp\/v2\/product_cat?post=244648"},{"taxonomy":"product_tag","embeddable":true,"href":"https:\/\/aromasentia.com\/fr\/wp-json\/wp\/v2\/product_tag?post=244648"}],"curies":[{"name":"wp","href":"https:\/\/api.w.org\/{rel}","templated":true}]}}