{"id":244644,"date":"2025-03-20T14:38:14","date_gmt":"2025-03-20T14:38:14","guid":{"rendered":"https:\/\/aromasentia.com\/product\/rosehip-oil-1-litre\/"},"modified":"2025-06-23T19:23:49","modified_gmt":"2025-06-23T19:23:49","slug":"rose-musquee-huile-de-base-1-litre","status":"publish","type":"product","link":"https:\/\/aromasentia.com\/fr\/rose-musquee-huile-de-base-1-litre\/","title":{"rendered":"Rose Musqu\u00e9e &#8211; Huile de Base 1 litre"},"content":{"rendered":"<p><strong><span style=\"color: rgb(75, 80, 88);\">Nos huiles de base de Rose Musqu\u00e9e<\/span><\/strong> sont id\u00e9ales pour diluer les huiles essentielles avant de les utiliser sur la peau.&nbsp;<\/p>\n<p>Toutes nos huiles de base sont des huiles pures 100% naturelles._x000D_<br \/>\nL&rsquo;huile de rose musqu\u00e9e a de nombreuses propri\u00e9t\u00e9s utiles pour la peau. C&rsquo;est un astringent. On dit \u00e9galement qu&rsquo;il aide et acc\u00e9l\u00e8re la gu\u00e9rison de la peau et des tissus et r\u00e9duit l&rsquo;apparence des cicatrices et des rides._x000D_\n<\/p>\n<p>Nom latin : Rosa Mosqueta._x000D_\n<\/p>\n<p><\/p>\n","protected":false},"excerpt":{"rendered":"<p>Nos huiles de base de Rose Musqu\u00e9e sont id\u00e9ales pour diluer les huiles essentielles avant de les utiliser sur la peau.&nbsp; Toutes nos huiles de base sont des huiles pures 100% naturelles._x000D_ L&rsquo;huile de rose musqu\u00e9e a de nombreuses propri\u00e9t\u00e9s utiles pour la peau. C&rsquo;est un astringent. On dit \u00e9galement qu&rsquo;il aide et acc\u00e9l\u00e8re la [&hellip;]<\/p>\n","protected":false},"featured_media":259629,"comment_status":"closed","ping_status":"open","template":"","meta":{"_angie_page":false},"product_brand":[27093],"product_cat":[16450,26483,23926,25842,26825],"product_tag":[],"class_list":{"0":"post-244644","1":"product","2":"type-product","3":"status-publish","4":"has-post-thumbnail","6":"product_brand-ancient-wisdom","7":"product_cat-aromatherapie-et-parfums-d-ambiance","8":"product_cat-cynorrhodon","9":"product_cat-huiles-vegetales","10":"product_cat-senteurs-aromes","11":"product_cat-terreux-vert","12":"pa_collection-base-oils-1-litre-fr","13":"pa_made-in-italie","15":"first","16":"instock","17":"purchasable","18":"product-type-simple"},"supplier_id":null,"supplier_sku":"BOz-18","barcode":null,"atum_controlled":true,"out_stock_date":null,"out_stock_threshold":null,"inheritable":false,"inbound_stock":null,"stock_on_hold":0,"sold_today":0,"sales_last_days":0,"reserved_stock":null,"customer_returns":null,"warehouse_damage":null,"lost_in_post":null,"other_logs":null,"out_stock_days":0,"lost_sales":0,"has_location":null,"update_date":"2026-04-27T06:55:31","atum_locations":[],"atum_stock_status":"instock","restock_status":false,"low_stock_amount":"","sales_update_date":"2026-01-30T01:25:50","calc_backorders":null,"_links":{"self":[{"href":"https:\/\/aromasentia.com\/fr\/wp-json\/wp\/v2\/product\/244644","targetHints":{"allow":["GET"]}}],"collection":[{"href":"https:\/\/aromasentia.com\/fr\/wp-json\/wp\/v2\/product"}],"about":[{"href":"https:\/\/aromasentia.com\/fr\/wp-json\/wp\/v2\/types\/product"}],"replies":[{"embeddable":true,"href":"https:\/\/aromasentia.com\/fr\/wp-json\/wp\/v2\/comments?post=244644"}],"version-history":[{"count":0,"href":"https:\/\/aromasentia.com\/fr\/wp-json\/wp\/v2\/product\/244644\/revisions"}],"wp:featuredmedia":[{"embeddable":true,"href":"https:\/\/aromasentia.com\/fr\/wp-json\/wp\/v2\/media\/259629"}],"wp:attachment":[{"href":"https:\/\/aromasentia.com\/fr\/wp-json\/wp\/v2\/media?parent=244644"}],"wp:term":[{"taxonomy":"product_brand","embeddable":true,"href":"https:\/\/aromasentia.com\/fr\/wp-json\/wp\/v2\/product_brand?post=244644"},{"taxonomy":"product_cat","embeddable":true,"href":"https:\/\/aromasentia.com\/fr\/wp-json\/wp\/v2\/product_cat?post=244644"},{"taxonomy":"product_tag","embeddable":true,"href":"https:\/\/aromasentia.com\/fr\/wp-json\/wp\/v2\/product_tag?post=244644"}],"curies":[{"name":"wp","href":"https:\/\/api.w.org\/{rel}","templated":true}]}}