{"id":244640,"date":"2025-03-20T14:38:14","date_gmt":"2025-03-20T14:38:14","guid":{"rendered":"https:\/\/aromasentia.com\/product\/hazelnut-oil-1-litre\/"},"modified":"2025-06-23T19:23:49","modified_gmt":"2025-06-23T19:23:49","slug":"noisette-huile-de-base-1-litre","status":"publish","type":"product","link":"https:\/\/aromasentia.com\/fr\/noisette-huile-de-base-1-litre\/","title":{"rendered":"Noisette &#8211; Huile de Base 1 litre"},"content":{"rendered":"<p><strong><span style=\"color: rgb(75, 80, 88);\">Nos huiles de base de noisette&nbsp;<\/span><\/strong>sont id\u00e9ales pour diluer les huiles essentielles avant de les utiliser sur la peau.&nbsp;<\/p>\n<p>Toutes nos huiles de base sont des huiles pures 100% naturelles.&nbsp;<\/p>\n<p>La noisette commune est cultiv\u00e9e sur tous les continents europ\u00e9ens et asiatiques et au-del\u00e0. Elle est principalement cultiv\u00e9e pour la noix, mais a \u00e9galement \u00e9t\u00e9 utilis\u00e9e en Grande-Bretagne et en Europe comme haies sur les terres agricoles pendant des centaines d&rsquo;ann\u00e9es.&nbsp;<\/p>\n<p>L&rsquo;utilisation de la noisette remonte \u00e0 au moins 9 000 ans et des preuves arch\u00e9ologiques de la transformation en masse de la noisette ont \u00e9t\u00e9 trouv\u00e9es \u00e0 plusieurs endroits dans les \u00eeles britanniques.&nbsp;<\/p>\n<p>L&rsquo;huile de noisette elle-m\u00eame est une huile polyvalente. En cosm\u00e9tique, l&rsquo;huile est nourrissante pour la peau avec des propri\u00e9t\u00e9s astringentes.&nbsp;<\/p>\n<p>Notre huile de base de noisette en gros est fabriqu\u00e9e avec une m\u00e9thode d&rsquo;extraction par pression \u00e0 froid.<\/p>\n","protected":false},"excerpt":{"rendered":"<p>Nos huiles de base de noisette&nbsp;sont id\u00e9ales pour diluer les huiles essentielles avant de les utiliser sur la peau.&nbsp; Toutes nos huiles de base sont des huiles pures 100% naturelles.&nbsp; La noisette commune est cultiv\u00e9e sur tous les continents europ\u00e9ens et asiatiques et au-del\u00e0. Elle est principalement cultiv\u00e9e pour la noix, mais a \u00e9galement \u00e9t\u00e9 [&hellip;]<\/p>\n","protected":false},"featured_media":259620,"comment_status":"closed","ping_status":"open","template":"","meta":{"_angie_page":false},"product_brand":[27093],"product_cat":[16450,23926],"product_tag":[],"class_list":{"0":"post-244640","1":"product","2":"type-product","3":"status-publish","4":"has-post-thumbnail","6":"product_brand-ancient-wisdom","7":"product_cat-aromatherapie-et-parfums-d-ambiance","8":"product_cat-huiles-vegetales","9":"pa_collection-base-oils-1-litre-fr","10":"pa_made-in-italie","12":"first","13":"instock","14":"purchasable","15":"product-type-simple"},"supplier_id":null,"supplier_sku":"BOz-17","barcode":null,"atum_controlled":true,"out_stock_date":null,"out_stock_threshold":null,"inheritable":false,"inbound_stock":null,"stock_on_hold":0,"sold_today":0,"sales_last_days":0,"reserved_stock":null,"customer_returns":null,"warehouse_damage":null,"lost_in_post":null,"other_logs":null,"out_stock_days":0,"lost_sales":0,"has_location":null,"update_date":"2026-04-27T06:55:31","atum_locations":[],"atum_stock_status":"instock","restock_status":false,"low_stock_amount":"","sales_update_date":"2026-02-06T00:01:29","calc_backorders":null,"_links":{"self":[{"href":"https:\/\/aromasentia.com\/fr\/wp-json\/wp\/v2\/product\/244640","targetHints":{"allow":["GET"]}}],"collection":[{"href":"https:\/\/aromasentia.com\/fr\/wp-json\/wp\/v2\/product"}],"about":[{"href":"https:\/\/aromasentia.com\/fr\/wp-json\/wp\/v2\/types\/product"}],"replies":[{"embeddable":true,"href":"https:\/\/aromasentia.com\/fr\/wp-json\/wp\/v2\/comments?post=244640"}],"version-history":[{"count":0,"href":"https:\/\/aromasentia.com\/fr\/wp-json\/wp\/v2\/product\/244640\/revisions"}],"wp:featuredmedia":[{"embeddable":true,"href":"https:\/\/aromasentia.com\/fr\/wp-json\/wp\/v2\/media\/259620"}],"wp:attachment":[{"href":"https:\/\/aromasentia.com\/fr\/wp-json\/wp\/v2\/media?parent=244640"}],"wp:term":[{"taxonomy":"product_brand","embeddable":true,"href":"https:\/\/aromasentia.com\/fr\/wp-json\/wp\/v2\/product_brand?post=244640"},{"taxonomy":"product_cat","embeddable":true,"href":"https:\/\/aromasentia.com\/fr\/wp-json\/wp\/v2\/product_cat?post=244640"},{"taxonomy":"product_tag","embeddable":true,"href":"https:\/\/aromasentia.com\/fr\/wp-json\/wp\/v2\/product_tag?post=244640"}],"curies":[{"name":"wp","href":"https:\/\/api.w.org\/{rel}","templated":true}]}}