{"id":244632,"date":"2025-03-20T14:38:14","date_gmt":"2025-03-20T14:38:14","guid":{"rendered":"https:\/\/aromasentia.com\/product\/calendula-oil-1-litre\/"},"modified":"2025-06-23T19:23:48","modified_gmt":"2025-06-23T19:23:48","slug":"calendula-dilue-avec-tournesol-huile-de-base-1-litre","status":"publish","type":"product","link":"https:\/\/aromasentia.com\/fr\/calendula-dilue-avec-tournesol-huile-de-base-1-litre\/","title":{"rendered":"Calendula Dilu\u00e9 avec Tournesol &#8211; Huile de Base 1 litre"},"content":{"rendered":"<p><strong><span style=\"color: rgb(75, 80, 88);\">Nos huiles de base de Calendula dilu\u00e9 avec du tournesol<\/span><\/strong> sont id\u00e9ales pour diluer les huiles essentielles avant de les utiliser sur la peau.&nbsp;<\/p>\n<p>L&rsquo;huile elle-m\u00eame est assez polyvalente. elle peut \u00eatre utilis\u00e9e pour traiter les affections cutan\u00e9es avec les avantages suppl\u00e9mentaires d&rsquo;avoir des propri\u00e9t\u00e9s anti-inflammatoires et antibact\u00e9riennes.&nbsp;<\/p>\n<p>L&rsquo;huile de calendula est largement utilis\u00e9e dans l&rsquo;industrie cosm\u00e9tique pour les raisons ci-dessus tout en \u00e9tant astringente et raffermissante pour la peau.&nbsp;<\/p>\n<p>Notre huile de base de calendula en gros provient de France et est fabriqu\u00e9e avec une m\u00e9thode d&rsquo;extraction par solvant.<\/p>\n","protected":false},"excerpt":{"rendered":"<p>Nos huiles de base de Calendula dilu\u00e9 avec du tournesol sont id\u00e9ales pour diluer les huiles essentielles avant de les utiliser sur la peau.&nbsp; L&rsquo;huile elle-m\u00eame est assez polyvalente. elle peut \u00eatre utilis\u00e9e pour traiter les affections cutan\u00e9es avec les avantages suppl\u00e9mentaires d&rsquo;avoir des propri\u00e9t\u00e9s anti-inflammatoires et antibact\u00e9riennes.&nbsp; L&rsquo;huile de calendula est largement utilis\u00e9e dans [&hellip;]<\/p>\n","protected":false},"featured_media":259602,"comment_status":"closed","ping_status":"open","template":"","meta":{"_angie_page":false},"product_brand":[27093],"product_cat":[16450,23926],"product_tag":[],"class_list":{"0":"post-244632","1":"product","2":"type-product","3":"status-publish","4":"has-post-thumbnail","6":"product_brand-ancient-wisdom","7":"product_cat-aromatherapie-et-parfums-d-ambiance","8":"product_cat-huiles-vegetales","9":"pa_collection-base-oils-1-litre-fr","10":"pa_made-in-pologne","12":"first","13":"instock","14":"purchasable","15":"product-type-simple"},"supplier_id":null,"supplier_sku":"BOz-15","barcode":null,"atum_controlled":true,"out_stock_date":null,"out_stock_threshold":null,"inheritable":false,"inbound_stock":null,"stock_on_hold":0,"sold_today":0,"sales_last_days":0,"reserved_stock":null,"customer_returns":null,"warehouse_damage":null,"lost_in_post":null,"other_logs":null,"out_stock_days":0,"lost_sales":0,"has_location":null,"update_date":"2026-04-27T06:55:31","atum_locations":[],"atum_stock_status":"instock","restock_status":false,"low_stock_amount":"","sales_update_date":"2025-10-09T03:26:54","calc_backorders":null,"_links":{"self":[{"href":"https:\/\/aromasentia.com\/fr\/wp-json\/wp\/v2\/product\/244632","targetHints":{"allow":["GET"]}}],"collection":[{"href":"https:\/\/aromasentia.com\/fr\/wp-json\/wp\/v2\/product"}],"about":[{"href":"https:\/\/aromasentia.com\/fr\/wp-json\/wp\/v2\/types\/product"}],"replies":[{"embeddable":true,"href":"https:\/\/aromasentia.com\/fr\/wp-json\/wp\/v2\/comments?post=244632"}],"version-history":[{"count":0,"href":"https:\/\/aromasentia.com\/fr\/wp-json\/wp\/v2\/product\/244632\/revisions"}],"wp:featuredmedia":[{"embeddable":true,"href":"https:\/\/aromasentia.com\/fr\/wp-json\/wp\/v2\/media\/259602"}],"wp:attachment":[{"href":"https:\/\/aromasentia.com\/fr\/wp-json\/wp\/v2\/media?parent=244632"}],"wp:term":[{"taxonomy":"product_brand","embeddable":true,"href":"https:\/\/aromasentia.com\/fr\/wp-json\/wp\/v2\/product_brand?post=244632"},{"taxonomy":"product_cat","embeddable":true,"href":"https:\/\/aromasentia.com\/fr\/wp-json\/wp\/v2\/product_cat?post=244632"},{"taxonomy":"product_tag","embeddable":true,"href":"https:\/\/aromasentia.com\/fr\/wp-json\/wp\/v2\/product_tag?post=244632"}],"curies":[{"name":"wp","href":"https:\/\/api.w.org\/{rel}","templated":true}]}}