{"id":244628,"date":"2025-03-20T14:38:14","date_gmt":"2025-03-20T14:38:14","guid":{"rendered":"https:\/\/aromasentia.com\/product\/olive-oil-1-litre\/"},"modified":"2025-06-23T19:23:48","modified_gmt":"2025-06-23T19:23:48","slug":"olive-huile-de-base-1-litre","status":"publish","type":"product","link":"https:\/\/aromasentia.com\/fr\/olive-huile-de-base-1-litre\/","title":{"rendered":"Olive &#8211; Huile de Base 1 litre"},"content":{"rendered":"<p>Nos huiles de base d&rsquo;huile d&rsquo;olive sont id\u00e9ales pour diluer les huiles essentielles avant de les utiliser sur la peau.&nbsp;<\/p>\n<p>Toutes nos huiles de base sont des huiles pures 100% naturelles. L&rsquo;olivier est originaire de la r\u00e9gion m\u00e9diterran\u00e9enne d&rsquo;Europe et d&rsquo;Asie Mineure et a \u00e9t\u00e9 utilis\u00e9 pour la nourriture et d&rsquo;autres applications d\u00e8s 8000 avant JC et domestiqu\u00e9 vers 2500 avant JC.<\/p>\n<p>L&rsquo;huile est couramment utilis\u00e9e dans les cosm\u00e9tiques, les produits pharmaceutiques et comme combustible pour les lampes \u00e0 huile traditionnelles.&nbsp;<\/p>\n<p>L&rsquo;huile d&rsquo;olive est excellente sur la peau car elle aide \u00e0 garder la peau douce, souple et hydrat\u00e9e. Cela fonctionne aussi sur les cheveux. L&rsquo;huile d&rsquo;olive est un bon ajout \u00e0 de nombreux produits cosm\u00e9tiques car elle a tendance \u00e0 \u00eatre tr\u00e8s stable.&nbsp;<\/p>\n<p>Notre huile de base d&rsquo;olive en gros provient du Royaume-Uni et est fabriqu\u00e9e avec une m\u00e9thode d&rsquo;extraction par pression \u00e0 froid<\/p>\n<p><\/p>\n","protected":false},"excerpt":{"rendered":"<p>Nos huiles de base d&rsquo;huile d&rsquo;olive sont id\u00e9ales pour diluer les huiles essentielles avant de les utiliser sur la peau.&nbsp; Toutes nos huiles de base sont des huiles pures 100% naturelles. L&rsquo;olivier est originaire de la r\u00e9gion m\u00e9diterran\u00e9enne d&rsquo;Europe et d&rsquo;Asie Mineure et a \u00e9t\u00e9 utilis\u00e9 pour la nourriture et d&rsquo;autres applications d\u00e8s 8000 avant [&hellip;]<\/p>\n","protected":false},"featured_media":259593,"comment_status":"closed","ping_status":"open","template":"","meta":{"_angie_page":false},"product_brand":[27093],"product_cat":[16450,23926],"product_tag":[],"class_list":{"0":"post-244628","1":"product","2":"type-product","3":"status-publish","4":"has-post-thumbnail","6":"product_brand-ancient-wisdom","7":"product_cat-aromatherapie-et-parfums-d-ambiance","8":"product_cat-huiles-vegetales","9":"pa_collection-base-oils-1-litre-fr","10":"pa_made-in-espagne","12":"first","13":"instock","14":"purchasable","15":"product-type-simple"},"supplier_id":null,"supplier_sku":"BOz-14","barcode":null,"atum_controlled":true,"out_stock_date":null,"out_stock_threshold":null,"inheritable":false,"inbound_stock":null,"stock_on_hold":0,"sold_today":0,"sales_last_days":0,"reserved_stock":null,"customer_returns":null,"warehouse_damage":null,"lost_in_post":null,"other_logs":null,"out_stock_days":0,"lost_sales":0,"has_location":null,"update_date":"2026-04-27T06:55:31","atum_locations":[],"atum_stock_status":"instock","restock_status":false,"low_stock_amount":"","sales_update_date":"2026-01-20T05:13:16","calc_backorders":null,"_links":{"self":[{"href":"https:\/\/aromasentia.com\/fr\/wp-json\/wp\/v2\/product\/244628","targetHints":{"allow":["GET"]}}],"collection":[{"href":"https:\/\/aromasentia.com\/fr\/wp-json\/wp\/v2\/product"}],"about":[{"href":"https:\/\/aromasentia.com\/fr\/wp-json\/wp\/v2\/types\/product"}],"replies":[{"embeddable":true,"href":"https:\/\/aromasentia.com\/fr\/wp-json\/wp\/v2\/comments?post=244628"}],"version-history":[{"count":0,"href":"https:\/\/aromasentia.com\/fr\/wp-json\/wp\/v2\/product\/244628\/revisions"}],"wp:featuredmedia":[{"embeddable":true,"href":"https:\/\/aromasentia.com\/fr\/wp-json\/wp\/v2\/media\/259593"}],"wp:attachment":[{"href":"https:\/\/aromasentia.com\/fr\/wp-json\/wp\/v2\/media?parent=244628"}],"wp:term":[{"taxonomy":"product_brand","embeddable":true,"href":"https:\/\/aromasentia.com\/fr\/wp-json\/wp\/v2\/product_brand?post=244628"},{"taxonomy":"product_cat","embeddable":true,"href":"https:\/\/aromasentia.com\/fr\/wp-json\/wp\/v2\/product_cat?post=244628"},{"taxonomy":"product_tag","embeddable":true,"href":"https:\/\/aromasentia.com\/fr\/wp-json\/wp\/v2\/product_tag?post=244628"}],"curies":[{"name":"wp","href":"https:\/\/api.w.org\/{rel}","templated":true}]}}