{"id":244624,"date":"2025-03-20T14:38:14","date_gmt":"2025-03-20T14:38:14","guid":{"rendered":"https:\/\/aromasentia.com\/product\/borage-oil-1-litre\/"},"modified":"2025-06-23T19:23:47","modified_gmt":"2025-06-23T19:23:47","slug":"bourrache-huile-de-base-1-litre","status":"publish","type":"product","link":"https:\/\/aromasentia.com\/fr\/bourrache-huile-de-base-1-litre\/","title":{"rendered":"Bourrache &#8211; Huile de Base 1 litre"},"content":{"rendered":"<p><strong><span style=\"color: rgb(75, 80, 88);\">Nos huiles de base de bourrache<\/span><\/strong> sont id\u00e9ales pour diluer les huiles essentielles avant de les utiliser sur la peau.&nbsp;<\/p>\n<p>Toutes nos huiles de base sont des huiles pures 100% naturelles.&nbsp;<\/p>\n<p>La bourrache, \u00e9galement connue sous le nom de Starflower, est une plante h\u00e9riss\u00e9e originaire du Moyen-Orient. Maintenant la plante est cultiv\u00e9e dans la plupart des r\u00e9gions les plus chaudes du monde, y compris l&rsquo;Afrique, l&rsquo;Asie du Sud, l&rsquo;Europe et l&rsquo;Am\u00e9rique du Sud. L&rsquo;huile de bourrache est extraite des graines de la plante.&nbsp;<\/p>\n<p>Elle est tr\u00e8s riche en Om\u00e9ga 6, contenant jusqu&rsquo;\u00e0 24%. L&rsquo;huile est largement utilis\u00e9e pour les affections cutan\u00e9es telles que la dermatite et poss\u00e8de \u00e9galement des propri\u00e9t\u00e9s anti-inflammatoires.&nbsp;<\/p>\n<p><\/p>\n","protected":false},"excerpt":{"rendered":"<p>Nos huiles de base de bourrache sont id\u00e9ales pour diluer les huiles essentielles avant de les utiliser sur la peau.&nbsp; Toutes nos huiles de base sont des huiles pures 100% naturelles.&nbsp; La bourrache, \u00e9galement connue sous le nom de Starflower, est une plante h\u00e9riss\u00e9e originaire du Moyen-Orient. Maintenant la plante est cultiv\u00e9e dans la plupart [&hellip;]<\/p>\n","protected":false},"featured_media":259584,"comment_status":"closed","ping_status":"open","template":"","meta":{"_angie_page":false},"product_brand":[27093],"product_cat":[16450,23926],"product_tag":[],"class_list":{"0":"post-244624","1":"product","2":"type-product","3":"status-publish","4":"has-post-thumbnail","6":"product_brand-ancient-wisdom","7":"product_cat-aromatherapie-et-parfums-d-ambiance","8":"product_cat-huiles-vegetales","9":"pa_collection-base-oils-1-litre-fr","10":"pa_made-in-chine","12":"first","13":"instock","14":"purchasable","15":"product-type-simple"},"supplier_id":null,"supplier_sku":"BOz-13","barcode":null,"atum_controlled":true,"out_stock_date":null,"out_stock_threshold":null,"inheritable":false,"inbound_stock":null,"stock_on_hold":0,"sold_today":0,"sales_last_days":0,"reserved_stock":null,"customer_returns":null,"warehouse_damage":null,"lost_in_post":null,"other_logs":null,"out_stock_days":0,"lost_sales":0,"has_location":null,"update_date":"2026-05-08T05:06:06","atum_locations":[],"atum_stock_status":"instock","restock_status":false,"low_stock_amount":"","sales_update_date":"2026-01-30T01:25:23","calc_backorders":null,"_links":{"self":[{"href":"https:\/\/aromasentia.com\/fr\/wp-json\/wp\/v2\/product\/244624","targetHints":{"allow":["GET"]}}],"collection":[{"href":"https:\/\/aromasentia.com\/fr\/wp-json\/wp\/v2\/product"}],"about":[{"href":"https:\/\/aromasentia.com\/fr\/wp-json\/wp\/v2\/types\/product"}],"replies":[{"embeddable":true,"href":"https:\/\/aromasentia.com\/fr\/wp-json\/wp\/v2\/comments?post=244624"}],"version-history":[{"count":0,"href":"https:\/\/aromasentia.com\/fr\/wp-json\/wp\/v2\/product\/244624\/revisions"}],"wp:featuredmedia":[{"embeddable":true,"href":"https:\/\/aromasentia.com\/fr\/wp-json\/wp\/v2\/media\/259584"}],"wp:attachment":[{"href":"https:\/\/aromasentia.com\/fr\/wp-json\/wp\/v2\/media?parent=244624"}],"wp:term":[{"taxonomy":"product_brand","embeddable":true,"href":"https:\/\/aromasentia.com\/fr\/wp-json\/wp\/v2\/product_brand?post=244624"},{"taxonomy":"product_cat","embeddable":true,"href":"https:\/\/aromasentia.com\/fr\/wp-json\/wp\/v2\/product_cat?post=244624"},{"taxonomy":"product_tag","embeddable":true,"href":"https:\/\/aromasentia.com\/fr\/wp-json\/wp\/v2\/product_tag?post=244624"}],"curies":[{"name":"wp","href":"https:\/\/api.w.org\/{rel}","templated":true}]}}