{"id":244616,"date":"2025-03-20T14:38:14","date_gmt":"2025-03-20T14:38:14","guid":{"rendered":"https:\/\/aromasentia.com\/product\/evening-primrose-1-litre\/"},"modified":"2025-06-23T19:23:46","modified_gmt":"2025-06-23T19:23:46","slug":"onagre-huile-de-base-1-litre","status":"publish","type":"product","link":"https:\/\/aromasentia.com\/fr\/onagre-huile-de-base-1-litre\/","title":{"rendered":"Onagre &#8211; Huile de Base 1 litre"},"content":{"rendered":"<p><strong><span style=\"color: rgb(75, 80, 88);\">Nos huiles de base d&rsquo;onagre<\/span><\/strong> sont id\u00e9ales pour diluer les huiles essentielles avant de les utiliser sur la peau.&nbsp;<\/p>\n<p>Toutes nos huiles de base sont des huiles pures 100% naturelles.&nbsp;<\/p>\n<p>L&rsquo;onagre commune, parfois connue sous le nom d&rsquo;\u00e9toile du soir est une plante bisannuelle commune au Nord Am\u00e9rique et autres pays temp\u00e9r\u00e9s. La plante est nomm\u00e9e Etoile du soir car les fleurs s&rsquo;ouvrent compl\u00e8tement la nuit et se referment jusqu&rsquo;au matin du lendemain. On dit que l&rsquo;huile d&rsquo;onagre a de nombreuses propri\u00e9t\u00e9s.<\/p>\n<p>Parmi elles, il y a un certain nombre d&rsquo;effets positifs sur le peau comme aider avec les pellicules, l&rsquo;ecz\u00e9ma et le psoriasis. Pris en interne, on dit aussi qu&rsquo;il combat les maladies d\u00e9g\u00e9n\u00e9ratives, les maladies cardiaques et le cholest\u00e9rol.&nbsp;<\/p>\n<p>Notre huile de base d&rsquo;onagre en gros provient du Royaume-Uni et est fabriqu\u00e9e avec une m\u00e9thode d&rsquo;extraction par pression \u00e0 froid.<\/p>\n","protected":false},"excerpt":{"rendered":"<p>Nos huiles de base d&rsquo;onagre sont id\u00e9ales pour diluer les huiles essentielles avant de les utiliser sur la peau.&nbsp; Toutes nos huiles de base sont des huiles pures 100% naturelles.&nbsp; L&rsquo;onagre commune, parfois connue sous le nom d&rsquo;\u00e9toile du soir est une plante bisannuelle commune au Nord Am\u00e9rique et autres pays temp\u00e9r\u00e9s. La plante est [&hellip;]<\/p>\n","protected":false},"featured_media":259566,"comment_status":"closed","ping_status":"open","template":"","meta":{"_angie_page":false},"product_brand":[27093],"product_cat":[16450,26832,23926,26369,25842],"product_tag":[],"class_list":{"0":"post-244616","1":"product","2":"type-product","3":"status-publish","4":"has-post-thumbnail","6":"product_brand-ancient-wisdom","7":"product_cat-aromatherapie-et-parfums-d-ambiance","8":"product_cat-floral","9":"product_cat-huiles-vegetales","10":"product_cat-rose","11":"product_cat-senteurs-aromes","12":"pa_collection-base-oils-1-litre-fr","13":"pa_made-in-chine","15":"first","16":"instock","17":"purchasable","18":"product-type-simple"},"supplier_id":null,"supplier_sku":"BOz-10","barcode":null,"atum_controlled":true,"out_stock_date":null,"out_stock_threshold":null,"inheritable":false,"inbound_stock":null,"stock_on_hold":0,"sold_today":0,"sales_last_days":0,"reserved_stock":null,"customer_returns":null,"warehouse_damage":null,"lost_in_post":null,"other_logs":null,"out_stock_days":0,"lost_sales":0,"has_location":null,"update_date":"2026-04-27T06:55:31","atum_locations":[],"atum_stock_status":"instock","restock_status":false,"low_stock_amount":"","sales_update_date":"2026-02-06T00:01:23","calc_backorders":null,"_links":{"self":[{"href":"https:\/\/aromasentia.com\/fr\/wp-json\/wp\/v2\/product\/244616","targetHints":{"allow":["GET"]}}],"collection":[{"href":"https:\/\/aromasentia.com\/fr\/wp-json\/wp\/v2\/product"}],"about":[{"href":"https:\/\/aromasentia.com\/fr\/wp-json\/wp\/v2\/types\/product"}],"replies":[{"embeddable":true,"href":"https:\/\/aromasentia.com\/fr\/wp-json\/wp\/v2\/comments?post=244616"}],"version-history":[{"count":0,"href":"https:\/\/aromasentia.com\/fr\/wp-json\/wp\/v2\/product\/244616\/revisions"}],"wp:featuredmedia":[{"embeddable":true,"href":"https:\/\/aromasentia.com\/fr\/wp-json\/wp\/v2\/media\/259566"}],"wp:attachment":[{"href":"https:\/\/aromasentia.com\/fr\/wp-json\/wp\/v2\/media?parent=244616"}],"wp:term":[{"taxonomy":"product_brand","embeddable":true,"href":"https:\/\/aromasentia.com\/fr\/wp-json\/wp\/v2\/product_brand?post=244616"},{"taxonomy":"product_cat","embeddable":true,"href":"https:\/\/aromasentia.com\/fr\/wp-json\/wp\/v2\/product_cat?post=244616"},{"taxonomy":"product_tag","embeddable":true,"href":"https:\/\/aromasentia.com\/fr\/wp-json\/wp\/v2\/product_tag?post=244616"}],"curies":[{"name":"wp","href":"https:\/\/api.w.org\/{rel}","templated":true}]}}