{"id":244608,"date":"2025-03-20T14:38:14","date_gmt":"2025-03-20T14:38:14","guid":{"rendered":"https:\/\/aromasentia.com\/product\/avocado-1-litre\/"},"modified":"2025-06-23T19:23:45","modified_gmt":"2025-06-23T19:23:45","slug":"avocat-huile-de-base-1-litre","status":"publish","type":"product","link":"https:\/\/aromasentia.com\/fr\/avocat-huile-de-base-1-litre\/","title":{"rendered":"Avocat &#8211; Huile de Base 1 litre"},"content":{"rendered":"<p><strong><span style=\"color: rgb(75, 80, 88);\">Nos huiles de base d&rsquo;avocat<\/span><\/strong> sont id\u00e9ales pour diluer les huiles essentielles avant de les utiliser sur la peau.&nbsp;<\/p>\n<p>Toutes nos huiles de base sont des huiles pures 100% naturelles. L&rsquo;avocat est originaire du Mexique et, pour autant que nous puissions le voir, il n&rsquo;a fait son chemin vers l&rsquo;Europe qu&rsquo;au d\u00e9but du XVIe si\u00e8cle. La majeure partie des cultures d&rsquo;avocats proviennent encore aujourd&rsquo;hui d&rsquo;Am\u00e9rique centrale et d&rsquo;Am\u00e9rique du Sud et plusieurs centaines d&rsquo;ann\u00e9es d&rsquo;\u00e9levage s\u00e9lectif et de climats diff\u00e9rents ont produit plusieurs types de fruits diff\u00e9rents.&nbsp;<\/p>\n<p>L&rsquo;huile d&rsquo;avocat est excellente pour la peau. Elle est facilement absorb\u00e9e et soulage les affections cutan\u00e9es telles que l&rsquo;ecz\u00e9ma. C&rsquo;est aussi bon pour le vieillissement cutan\u00e9 car on dit qu&rsquo;elle aide \u00e0 am\u00e9liorer l&rsquo;\u00e9lasticit\u00e9 de la peau.&nbsp;<\/p>\n<p>Notre huile de base d&rsquo;avocat en gros provient d&rsquo;Afrique du Sud et est fabriqu\u00e9e avec une m\u00e9thode d&rsquo;extraction par pression \u00e0 froid.<\/p>\n","protected":false},"excerpt":{"rendered":"<p>Nos huiles de base d&rsquo;avocat sont id\u00e9ales pour diluer les huiles essentielles avant de les utiliser sur la peau.&nbsp; Toutes nos huiles de base sont des huiles pures 100% naturelles. L&rsquo;avocat est originaire du Mexique et, pour autant que nous puissions le voir, il n&rsquo;a fait son chemin vers l&rsquo;Europe qu&rsquo;au d\u00e9but du XVIe si\u00e8cle. [&hellip;]<\/p>\n","protected":false},"featured_media":259548,"comment_status":"closed","ping_status":"open","template":"","meta":{"_angie_page":false},"product_brand":[27093],"product_cat":[16450,23926],"product_tag":[],"class_list":{"0":"post-244608","1":"product","2":"type-product","3":"status-publish","4":"has-post-thumbnail","6":"product_brand-ancient-wisdom","7":"product_cat-aromatherapie-et-parfums-d-ambiance","8":"product_cat-huiles-vegetales","9":"pa_collection-base-oils-1-litre-fr","10":"pa_made-in-afrique-du-sud","12":"first","13":"instock","14":"purchasable","15":"product-type-simple"},"supplier_id":null,"supplier_sku":"BOz-08","barcode":null,"atum_controlled":true,"out_stock_date":null,"out_stock_threshold":null,"inheritable":false,"inbound_stock":null,"stock_on_hold":0,"sold_today":0,"sales_last_days":0,"reserved_stock":null,"customer_returns":null,"warehouse_damage":null,"lost_in_post":null,"other_logs":null,"out_stock_days":0,"lost_sales":0,"has_location":null,"update_date":"2026-04-27T06:55:31","atum_locations":[],"atum_stock_status":"instock","restock_status":false,"low_stock_amount":"","sales_update_date":"2025-10-09T03:26:53","calc_backorders":null,"_links":{"self":[{"href":"https:\/\/aromasentia.com\/fr\/wp-json\/wp\/v2\/product\/244608","targetHints":{"allow":["GET"]}}],"collection":[{"href":"https:\/\/aromasentia.com\/fr\/wp-json\/wp\/v2\/product"}],"about":[{"href":"https:\/\/aromasentia.com\/fr\/wp-json\/wp\/v2\/types\/product"}],"replies":[{"embeddable":true,"href":"https:\/\/aromasentia.com\/fr\/wp-json\/wp\/v2\/comments?post=244608"}],"version-history":[{"count":0,"href":"https:\/\/aromasentia.com\/fr\/wp-json\/wp\/v2\/product\/244608\/revisions"}],"wp:featuredmedia":[{"embeddable":true,"href":"https:\/\/aromasentia.com\/fr\/wp-json\/wp\/v2\/media\/259548"}],"wp:attachment":[{"href":"https:\/\/aromasentia.com\/fr\/wp-json\/wp\/v2\/media?parent=244608"}],"wp:term":[{"taxonomy":"product_brand","embeddable":true,"href":"https:\/\/aromasentia.com\/fr\/wp-json\/wp\/v2\/product_brand?post=244608"},{"taxonomy":"product_cat","embeddable":true,"href":"https:\/\/aromasentia.com\/fr\/wp-json\/wp\/v2\/product_cat?post=244608"},{"taxonomy":"product_tag","embeddable":true,"href":"https:\/\/aromasentia.com\/fr\/wp-json\/wp\/v2\/product_tag?post=244608"}],"curies":[{"name":"wp","href":"https:\/\/api.w.org\/{rel}","templated":true}]}}