{"id":244604,"date":"2025-03-20T14:38:14","date_gmt":"2025-03-20T14:38:14","guid":{"rendered":"https:\/\/aromasentia.com\/product\/hempseed-1-litre\/"},"modified":"2025-06-23T19:23:43","modified_gmt":"2025-06-23T19:23:43","slug":"chanvre-huile-de-base-1-litre","status":"publish","type":"product","link":"https:\/\/aromasentia.com\/fr\/chanvre-huile-de-base-1-litre\/","title":{"rendered":"Chanvre &#8211; Huile de Base 1 litre"},"content":{"rendered":"<p><strong><span style=\"color: rgb(75, 80, 88);\">Nos huiles de base de graines de chanvre&nbsp;<\/span><\/strong>sont id\u00e9ales pour diluer les huiles essentielles avant de les utiliser sur la peau.&nbsp;<\/p>\n<p>Toutes nos huiles de base sont des huiles pures 100% naturelles. Le chanvre est utilis\u00e9 partout dans le monde depuis de nombreuses ann\u00e9es.&nbsp;<\/p>\n<p>C&rsquo;est une plante tr\u00e8s utile et \u00e0 ce jour, elle est encore utilis\u00e9e pour tout, des fibres \u00e0 haute r\u00e9sistance, des plastiques et des carburants \u00e0 la liti\u00e8re pour animaux, \u00e0 la purification des sols et aux bijoux. Elle a tellement d&rsquo;utilisations qu&rsquo;elles ne rentreront pas toutes sur cette page.&nbsp;<\/p>\n<p>L&rsquo;huile de chanvre elle-m\u00eame est tout aussi utile. Sous sa forme raffin\u00e9e, elle est g\u00e9n\u00e9ralement utilis\u00e9e dans les produits cosm\u00e9tiques et de soins personnels et en aromath\u00e9rapie. C&rsquo;est aussi un excellent hydratant pour la peau.&nbsp;<\/p>\n<p>Nom latin : Cannabis Sativa&nbsp;<\/p>\n<p><\/p>\n","protected":false},"excerpt":{"rendered":"<p>Nos huiles de base de graines de chanvre&nbsp;sont id\u00e9ales pour diluer les huiles essentielles avant de les utiliser sur la peau.&nbsp; Toutes nos huiles de base sont des huiles pures 100% naturelles. Le chanvre est utilis\u00e9 partout dans le monde depuis de nombreuses ann\u00e9es.&nbsp; C&rsquo;est une plante tr\u00e8s utile et \u00e0 ce jour, elle est [&hellip;]<\/p>\n","protected":false},"featured_media":259539,"comment_status":"closed","ping_status":"open","template":"","meta":{"_angie_page":false},"product_brand":[27093],"product_cat":[16450,23926],"product_tag":[],"class_list":{"0":"post-244604","1":"product","2":"type-product","3":"status-publish","4":"has-post-thumbnail","6":"product_brand-ancient-wisdom","7":"product_cat-aromatherapie-et-parfums-d-ambiance","8":"product_cat-huiles-vegetales","9":"pa_collection-base-oils-1-litre-fr","10":"pa_made-in-pays-bas","12":"first","13":"instock","14":"purchasable","15":"product-type-simple"},"supplier_id":null,"supplier_sku":"BOz-07","barcode":null,"atum_controlled":true,"out_stock_date":null,"out_stock_threshold":null,"inheritable":false,"inbound_stock":null,"stock_on_hold":0,"sold_today":0,"sales_last_days":0,"reserved_stock":null,"customer_returns":null,"warehouse_damage":null,"lost_in_post":null,"other_logs":null,"out_stock_days":0,"lost_sales":0,"has_location":null,"update_date":"2026-05-01T01:01:25","atum_locations":[],"atum_stock_status":"instock","restock_status":false,"low_stock_amount":"","sales_update_date":"2026-01-30T01:24:29","calc_backorders":null,"_links":{"self":[{"href":"https:\/\/aromasentia.com\/fr\/wp-json\/wp\/v2\/product\/244604","targetHints":{"allow":["GET"]}}],"collection":[{"href":"https:\/\/aromasentia.com\/fr\/wp-json\/wp\/v2\/product"}],"about":[{"href":"https:\/\/aromasentia.com\/fr\/wp-json\/wp\/v2\/types\/product"}],"replies":[{"embeddable":true,"href":"https:\/\/aromasentia.com\/fr\/wp-json\/wp\/v2\/comments?post=244604"}],"version-history":[{"count":0,"href":"https:\/\/aromasentia.com\/fr\/wp-json\/wp\/v2\/product\/244604\/revisions"}],"wp:featuredmedia":[{"embeddable":true,"href":"https:\/\/aromasentia.com\/fr\/wp-json\/wp\/v2\/media\/259539"}],"wp:attachment":[{"href":"https:\/\/aromasentia.com\/fr\/wp-json\/wp\/v2\/media?parent=244604"}],"wp:term":[{"taxonomy":"product_brand","embeddable":true,"href":"https:\/\/aromasentia.com\/fr\/wp-json\/wp\/v2\/product_brand?post=244604"},{"taxonomy":"product_cat","embeddable":true,"href":"https:\/\/aromasentia.com\/fr\/wp-json\/wp\/v2\/product_cat?post=244604"},{"taxonomy":"product_tag","embeddable":true,"href":"https:\/\/aromasentia.com\/fr\/wp-json\/wp\/v2\/product_tag?post=244604"}],"curies":[{"name":"wp","href":"https:\/\/api.w.org\/{rel}","templated":true}]}}