{"id":244596,"date":"2025-03-20T14:38:14","date_gmt":"2025-03-20T14:38:14","guid":{"rendered":"https:\/\/aromasentia.com\/product\/apricot-kernel-1-litre\/"},"modified":"2025-06-23T19:23:42","modified_gmt":"2025-06-23T19:23:42","slug":"noyau-dabricot-huile-de-base-1-litre","status":"publish","type":"product","link":"https:\/\/aromasentia.com\/fr\/noyau-dabricot-huile-de-base-1-litre\/","title":{"rendered":"Noyau d&rsquo;Abricot &#8211; Huile de Base 1 litre"},"content":{"rendered":"<p><strong><span style=\"color: rgb(75, 80, 88);\">Nos huiles de base de noyau d&rsquo;abricot<\/span><\/strong> sont id\u00e9ales pour diluer les huiles essentielles avant de les utiliser sur la peau. Toutes nos huiles de base sont des huiles pures 100% naturelles.&nbsp;<\/p>\n<p>Les p\u00eaches sont appr\u00e9ci\u00e9es dans le monde entier depuis des milliers d&rsquo;ann\u00e9es comme un fruit savoureux. Elles ont \u00e9t\u00e9 introduites en Europe par les Romains apr\u00e8s leurs campagnes militaires en Perse (aujourd&rsquo;hui l&rsquo;Iran). L&rsquo;huile elle-m\u00eame est press\u00e9e \u00e0 froid \u00e0 partir du noyau ou de la graine au centre du fruit.&nbsp;<\/p>\n<p>On dit qu&rsquo;elle est tr\u00e8s bonne pour la peau et qu&rsquo;elle soulage les d\u00e9mangeaisons et l&rsquo;ecz\u00e9ma.&nbsp;<\/p>\n<p>Elle est \u00e9galement tr\u00e8s bonne pour le vieillissement cutan\u00e9 et une bonne huile de massage. L&rsquo;huile de base de noyau d&rsquo;abricot provient d&rsquo;Espagne et est fabriqu\u00e9e selon une m\u00e9thode d&rsquo;extraction par pression \u00e0 froid. Nous sommes l&rsquo;un des meilleurs grossistes d&rsquo;huiles de base au Royaume-Uni.<\/p>\n","protected":false},"excerpt":{"rendered":"<p>Nos huiles de base de noyau d&rsquo;abricot sont id\u00e9ales pour diluer les huiles essentielles avant de les utiliser sur la peau. Toutes nos huiles de base sont des huiles pures 100% naturelles.&nbsp; Les p\u00eaches sont appr\u00e9ci\u00e9es dans le monde entier depuis des milliers d&rsquo;ann\u00e9es comme un fruit savoureux. Elles ont \u00e9t\u00e9 introduites en Europe par [&hellip;]<\/p>\n","protected":false},"featured_media":642296,"comment_status":"closed","ping_status":"open","template":"","meta":{"_angie_page":false},"product_brand":[27093],"product_cat":[16450,23926],"product_tag":[],"class_list":{"0":"post-244596","1":"product","2":"type-product","3":"status-publish","4":"has-post-thumbnail","6":"product_brand-ancient-wisdom","7":"product_cat-aromatherapie-et-parfums-d-ambiance","8":"product_cat-huiles-vegetales","9":"pa_collection-base-oils-1-litre-fr","10":"pa_made-in-espagne","12":"first","13":"instock","14":"purchasable","15":"product-type-simple"},"supplier_id":null,"supplier_sku":"BOz-05","barcode":null,"atum_controlled":true,"out_stock_date":null,"out_stock_threshold":null,"inheritable":false,"inbound_stock":0,"stock_on_hold":0,"sold_today":0,"sales_last_days":0,"reserved_stock":0,"customer_returns":0,"warehouse_damage":0,"lost_in_post":0,"other_logs":0,"out_stock_days":0,"lost_sales":0,"has_location":false,"update_date":"2026-04-27T19:09:48","atum_locations":[],"atum_stock_status":"instock","restock_status":false,"low_stock_amount":"","sales_update_date":"2025-10-09T03:26:50","calc_backorders":null,"_links":{"self":[{"href":"https:\/\/aromasentia.com\/fr\/wp-json\/wp\/v2\/product\/244596","targetHints":{"allow":["GET"]}}],"collection":[{"href":"https:\/\/aromasentia.com\/fr\/wp-json\/wp\/v2\/product"}],"about":[{"href":"https:\/\/aromasentia.com\/fr\/wp-json\/wp\/v2\/types\/product"}],"replies":[{"embeddable":true,"href":"https:\/\/aromasentia.com\/fr\/wp-json\/wp\/v2\/comments?post=244596"}],"version-history":[{"count":0,"href":"https:\/\/aromasentia.com\/fr\/wp-json\/wp\/v2\/product\/244596\/revisions"}],"wp:featuredmedia":[{"embeddable":true,"href":"https:\/\/aromasentia.com\/fr\/wp-json\/wp\/v2\/media\/642296"}],"wp:attachment":[{"href":"https:\/\/aromasentia.com\/fr\/wp-json\/wp\/v2\/media?parent=244596"}],"wp:term":[{"taxonomy":"product_brand","embeddable":true,"href":"https:\/\/aromasentia.com\/fr\/wp-json\/wp\/v2\/product_brand?post=244596"},{"taxonomy":"product_cat","embeddable":true,"href":"https:\/\/aromasentia.com\/fr\/wp-json\/wp\/v2\/product_cat?post=244596"},{"taxonomy":"product_tag","embeddable":true,"href":"https:\/\/aromasentia.com\/fr\/wp-json\/wp\/v2\/product_tag?post=244596"}],"curies":[{"name":"wp","href":"https:\/\/api.w.org\/{rel}","templated":true}]}}