{"id":244580,"date":"2025-03-20T14:38:14","date_gmt":"2025-03-20T14:38:14","guid":{"rendered":"https:\/\/aromasentia.com\/product\/grapeseed-1-litre\/"},"modified":"2025-06-23T19:23:40","modified_gmt":"2025-06-23T19:23:40","slug":"pepins-de-raisin-huile-de-base-1-litre","status":"publish","type":"product","link":"https:\/\/aromasentia.com\/fr\/pepins-de-raisin-huile-de-base-1-litre\/","title":{"rendered":"P\u00e9pins de Raisin- Huile de Base 1 litre"},"content":{"rendered":"<p>Comme son nom l&rsquo;indique, <strong><span style=\"color: rgb(75, 80, 88);\">l&rsquo;huile de p\u00e9pins de raisin<\/span><\/strong> est extraite des p\u00e9pins contenus dans le fruit de la vigne commune.&nbsp;<\/p>\n<p>Les raisins ont \u00e9t\u00e9 r\u00e9colt\u00e9s et utilis\u00e9s par les humains pour la nourriture, la m\u00e9decine et diverses autres choses depuis plus de 10 000 ans. Diverses parties de la plante ont \u00e9t\u00e9 attribu\u00e9es \u00e0 un large \u00e9ventail d&rsquo;effets m\u00e9dicaux allant de l&rsquo;arr\u00eat des saignements au traitement de la variole. Elle est \u00e9galement excellente sur la peau. Elle est non grasse et laisse la peau douce.&nbsp;<\/p>\n<p>L&rsquo;huile est aussi bonne pour la cuisine car elle ne contient aucun cholest\u00e9rol. Nom latin :Vitis Vinifera.&nbsp;<\/p>\n","protected":false},"excerpt":{"rendered":"<p>Comme son nom l&rsquo;indique, l&rsquo;huile de p\u00e9pins de raisin est extraite des p\u00e9pins contenus dans le fruit de la vigne commune.&nbsp; Les raisins ont \u00e9t\u00e9 r\u00e9colt\u00e9s et utilis\u00e9s par les humains pour la nourriture, la m\u00e9decine et diverses autres choses depuis plus de 10 000 ans. Diverses parties de la plante ont \u00e9t\u00e9 attribu\u00e9es \u00e0 [&hellip;]<\/p>\n","protected":false},"featured_media":259493,"comment_status":"closed","ping_status":"open","template":"","meta":[],"product_brand":[27093],"product_cat":[16450,23926],"product_tag":[],"class_list":{"0":"post-244580","1":"product","2":"type-product","3":"status-publish","4":"has-post-thumbnail","6":"product_brand-ancient-wisdom","7":"product_cat-aromatherapie-et-parfums-d-ambiance","8":"product_cat-huiles-vegetales","9":"pa_collection-base-oils-1-litre-fr","10":"pa_made-in-espagne","12":"first","13":"instock","14":"purchasable","15":"product-type-simple"},"supplier_id":null,"supplier_sku":"BOz-01","barcode":null,"atum_controlled":true,"out_stock_date":null,"out_stock_threshold":null,"inheritable":false,"inbound_stock":null,"stock_on_hold":0,"sold_today":0,"sales_last_days":0,"reserved_stock":null,"customer_returns":null,"warehouse_damage":null,"lost_in_post":null,"other_logs":null,"out_stock_days":0,"lost_sales":0,"has_location":null,"update_date":"2026-02-10T16:31:50","atum_locations":[],"atum_stock_status":"instock","restock_status":false,"low_stock_amount":"","sales_update_date":"2025-10-09T03:26:50","calc_backorders":null,"_links":{"self":[{"href":"https:\/\/aromasentia.com\/fr\/wp-json\/wp\/v2\/product\/244580","targetHints":{"allow":["GET"]}}],"collection":[{"href":"https:\/\/aromasentia.com\/fr\/wp-json\/wp\/v2\/product"}],"about":[{"href":"https:\/\/aromasentia.com\/fr\/wp-json\/wp\/v2\/types\/product"}],"replies":[{"embeddable":true,"href":"https:\/\/aromasentia.com\/fr\/wp-json\/wp\/v2\/comments?post=244580"}],"version-history":[{"count":0,"href":"https:\/\/aromasentia.com\/fr\/wp-json\/wp\/v2\/product\/244580\/revisions"}],"wp:featuredmedia":[{"embeddable":true,"href":"https:\/\/aromasentia.com\/fr\/wp-json\/wp\/v2\/media\/259493"}],"wp:attachment":[{"href":"https:\/\/aromasentia.com\/fr\/wp-json\/wp\/v2\/media?parent=244580"}],"wp:term":[{"taxonomy":"product_brand","embeddable":true,"href":"https:\/\/aromasentia.com\/fr\/wp-json\/wp\/v2\/product_brand?post=244580"},{"taxonomy":"product_cat","embeddable":true,"href":"https:\/\/aromasentia.com\/fr\/wp-json\/wp\/v2\/product_cat?post=244580"},{"taxonomy":"product_tag","embeddable":true,"href":"https:\/\/aromasentia.com\/fr\/wp-json\/wp\/v2\/product_tag?post=244580"}],"curies":[{"name":"wp","href":"https:\/\/api.w.org\/{rel}","templated":true}]}}