{"id":244556,"date":"2025-03-20T14:38:52","date_gmt":"2025-03-20T14:38:52","guid":{"rendered":"https:\/\/aromasentia.com\/product\/open-hands-oil-burner-blue\/"},"modified":"2025-06-23T19:23:35","modified_gmt":"2025-06-23T19:23:35","slug":"bruleur-a-huile-coup-de-main-bleu","status":"publish","type":"product","link":"https:\/\/aromasentia.com\/fr\/bruleur-a-huile-coup-de-main-bleu\/","title":{"rendered":"Br\u00fbleur \u00e0 huile coup de main &#8211; Bleu"},"content":{"rendered":"<p>Tailles :<\/p>\n<p>Br\u00fbleur \u00e0 mazout : hauteur : 10 cm, largeur : 12 cm, longueur : 10 cm&nbsp;<\/p>\n<p>Bol : Diam\u00e8tre : 9,5 cm, Hauteur : 2,5 cm&nbsp;<\/p>\n<p>Placez toujours le br\u00fbleur \u00e0 mazout sur un tapis r\u00e9sistant \u00e0 la chaleur. Assurez-vous qu&rsquo;il y a suffisamment d&rsquo;eau dans le r\u00e9cipient au-dessus du br\u00fbleur. Utilisez des bougies chauffe-plat de bonne qualit\u00e9.&nbsp;<\/p>\n<p>Ne jamais laisser sans surveillance lorsqu&rsquo;il est allum\u00e9 et tenir \u00e0 l&rsquo;\u00e9cart des rideaux. Si la flamme devient dangereuse, \u00e9teindre avec un chiffon humide. Tenir hors de port\u00e9e des enfants.<\/p>\n","protected":false},"excerpt":{"rendered":"<p>Tailles : Br\u00fbleur \u00e0 mazout : hauteur : 10 cm, largeur : 12 cm, longueur : 10 cm&nbsp; Bol : Diam\u00e8tre : 9,5 cm, Hauteur : 2,5 cm&nbsp; Placez toujours le br\u00fbleur \u00e0 mazout sur un tapis r\u00e9sistant \u00e0 la chaleur. Assurez-vous qu&rsquo;il y a suffisamment d&rsquo;eau dans le r\u00e9cipient au-dessus du br\u00fbleur. Utilisez des [&hellip;]<\/p>\n","protected":false},"featured_media":260007,"comment_status":"closed","ping_status":"open","template":"","meta":{"_angie_page":false},"product_brand":[],"product_cat":[18405,16514],"product_tag":[],"class_list":{"0":"post-244556","1":"product","2":"type-product","3":"status-publish","4":"has-post-thumbnail","6":"product_cat-bruleurs-d-huiles","7":"product_cat-diffuseurs-ultrason-et-dambiance","8":"pa_collection-cool-design-oil-burner-fr","9":"pa_made-in-chine","11":"first","12":"outofstock","13":"purchasable","14":"product-type-simple"},"supplier_id":null,"supplier_sku":"Cdes-07","barcode":null,"atum_controlled":true,"out_stock_date":"2025-09-04 22:12:42","out_stock_threshold":null,"inheritable":false,"inbound_stock":null,"stock_on_hold":0,"sold_today":0,"sales_last_days":0,"reserved_stock":null,"customer_returns":null,"warehouse_damage":null,"lost_in_post":null,"other_logs":null,"out_stock_days":34,"lost_sales":0,"has_location":null,"update_date":"2026-04-28T18:50:19","atum_locations":[],"atum_stock_status":"outofstock","restock_status":false,"low_stock_amount":"","sales_update_date":"2025-10-09T03:27:28","calc_backorders":null,"_links":{"self":[{"href":"https:\/\/aromasentia.com\/fr\/wp-json\/wp\/v2\/product\/244556","targetHints":{"allow":["GET"]}}],"collection":[{"href":"https:\/\/aromasentia.com\/fr\/wp-json\/wp\/v2\/product"}],"about":[{"href":"https:\/\/aromasentia.com\/fr\/wp-json\/wp\/v2\/types\/product"}],"replies":[{"embeddable":true,"href":"https:\/\/aromasentia.com\/fr\/wp-json\/wp\/v2\/comments?post=244556"}],"version-history":[{"count":0,"href":"https:\/\/aromasentia.com\/fr\/wp-json\/wp\/v2\/product\/244556\/revisions"}],"wp:featuredmedia":[{"embeddable":true,"href":"https:\/\/aromasentia.com\/fr\/wp-json\/wp\/v2\/media\/260007"}],"wp:attachment":[{"href":"https:\/\/aromasentia.com\/fr\/wp-json\/wp\/v2\/media?parent=244556"}],"wp:term":[{"taxonomy":"product_brand","embeddable":true,"href":"https:\/\/aromasentia.com\/fr\/wp-json\/wp\/v2\/product_brand?post=244556"},{"taxonomy":"product_cat","embeddable":true,"href":"https:\/\/aromasentia.com\/fr\/wp-json\/wp\/v2\/product_cat?post=244556"},{"taxonomy":"product_tag","embeddable":true,"href":"https:\/\/aromasentia.com\/fr\/wp-json\/wp\/v2\/product_tag?post=244556"}],"curies":[{"name":"wp","href":"https:\/\/api.w.org\/{rel}","templated":true}]}}