{"id":244540,"date":"2025-03-20T14:38:52","date_gmt":"2025-03-20T14:38:52","guid":{"rendered":"https:\/\/aromasentia.com\/product\/10ml-aromatherapy-car-blend-grand-tour\/"},"modified":"2025-06-23T19:23:34","modified_gmt":"2025-06-23T19:23:34","slug":"melange-aroma-special-voiture-10ml-grande-tournee","status":"publish","type":"product","link":"https:\/\/aromasentia.com\/fr\/melange-aroma-special-voiture-10ml-grande-tournee\/","title":{"rendered":"M\u00e9lange Aroma Sp\u00e9cial Voiture 10ml- Grande Tourn\u00e9e"},"content":{"rendered":"<p>Nous conduisons pour nous rendre au travail, \u00e0 l&rsquo;\u00e9cole, en vacances et aussi dans les embouteillages.&nbsp;<\/p>\n<p>Avec la conduite quotidienne, nous pouvons avoir un peu la t\u00eate froide sur la route, ou avoir besoin d&rsquo;un petit remontant lors de longs trajets qui s&rsquo;\u00e9tendent jusque tard dans la nuit, ou nous avons tendance \u00e0 avoir un peu le mal de voiture. Donc, pour la plupart d&rsquo;entre nous, \u00e0 part les conducteurs de Tesla, conduire est devenu une corv\u00e9e un peu d\u00e9sagr\u00e9able.&nbsp;<\/p>\n<p>Cependant, quelques gouttes d&rsquo;huile essentielle pourraient suffire \u00e0 transformer votre voiture en une oasis de calme et \u00e0 consacrer davantage de temps au volant au voyage, pas seulement \u00e0 la destination. Vous pensez peut-\u00eatre que les huiles d&rsquo;aromath\u00e9rapie peuvent \u00eatre appr\u00e9ci\u00e9es dans le confort de votre maison ou lors d&rsquo;une cure thermale, cependant, avec un peu de soin et de connaissances, cet art ancien peut \u00e9galement \u00eatre utilis\u00e9 pour am\u00e9liorer votre exp\u00e9rience de conduite et rendre votre voyage plus heureux, plus sain et plus s\u00fbr.&nbsp;<\/p>\n<p>Et il va sans dire que vous n&rsquo;utilisez jamais de br\u00fbleur \u00e0 mazout dans la voiture&#8230; utilisez les kits de diffuseur de voiture Ancient Wisdom ou tout diffuseur \u00e9lectronique disponible con&ccedil;u pour les voitures.<\/p>\n","protected":false},"excerpt":{"rendered":"<p>Nous conduisons pour nous rendre au travail, \u00e0 l&rsquo;\u00e9cole, en vacances et aussi dans les embouteillages.&nbsp; Avec la conduite quotidienne, nous pouvons avoir un peu la t\u00eate froide sur la route, ou avoir besoin d&rsquo;un petit remontant lors de longs trajets qui s&rsquo;\u00e9tendent jusque tard dans la nuit, ou nous avons tendance \u00e0 avoir un [&hellip;]<\/p>\n","protected":false},"featured_media":259947,"comment_status":"closed","ping_status":"open","template":"","meta":[],"product_brand":[],"product_cat":[16450,24881,23646,26649],"product_tag":[],"class_list":{"0":"post-244540","1":"product","2":"type-product","3":"status-publish","4":"has-post-thumbnail","6":"product_cat-aromatherapie-et-parfums-d-ambiance","7":"product_cat-diffuseurs-voiture","8":"product_cat-huiles-essentielles","9":"product_cat-synergies-dhuiles-essentielles","10":"pa_collection-aromatherapy-blends-for-car-diffusers-fr","11":"pa_made-in-chine","12":"pa_size-10ml","14":"first","15":"instock","16":"purchasable","17":"product-type-simple"},"supplier_id":null,"supplier_sku":"CarEO-06","barcode":null,"atum_controlled":true,"out_stock_date":null,"out_stock_threshold":null,"inheritable":false,"inbound_stock":null,"stock_on_hold":0,"sold_today":0,"sales_last_days":0,"reserved_stock":null,"customer_returns":null,"warehouse_damage":null,"lost_in_post":null,"other_logs":null,"out_stock_days":0,"lost_sales":0,"has_location":null,"update_date":"2026-02-09T10:27:25","atum_locations":[],"atum_stock_status":"instock","restock_status":false,"low_stock_amount":"","sales_update_date":"2025-10-09T03:27:14","calc_backorders":null,"_links":{"self":[{"href":"https:\/\/aromasentia.com\/fr\/wp-json\/wp\/v2\/product\/244540","targetHints":{"allow":["GET"]}}],"collection":[{"href":"https:\/\/aromasentia.com\/fr\/wp-json\/wp\/v2\/product"}],"about":[{"href":"https:\/\/aromasentia.com\/fr\/wp-json\/wp\/v2\/types\/product"}],"replies":[{"embeddable":true,"href":"https:\/\/aromasentia.com\/fr\/wp-json\/wp\/v2\/comments?post=244540"}],"version-history":[{"count":0,"href":"https:\/\/aromasentia.com\/fr\/wp-json\/wp\/v2\/product\/244540\/revisions"}],"wp:featuredmedia":[{"embeddable":true,"href":"https:\/\/aromasentia.com\/fr\/wp-json\/wp\/v2\/media\/259947"}],"wp:attachment":[{"href":"https:\/\/aromasentia.com\/fr\/wp-json\/wp\/v2\/media?parent=244540"}],"wp:term":[{"taxonomy":"product_brand","embeddable":true,"href":"https:\/\/aromasentia.com\/fr\/wp-json\/wp\/v2\/product_brand?post=244540"},{"taxonomy":"product_cat","embeddable":true,"href":"https:\/\/aromasentia.com\/fr\/wp-json\/wp\/v2\/product_cat?post=244540"},{"taxonomy":"product_tag","embeddable":true,"href":"https:\/\/aromasentia.com\/fr\/wp-json\/wp\/v2\/product_tag?post=244540"}],"curies":[{"name":"wp","href":"https:\/\/api.w.org\/{rel}","templated":true}]}}