{"id":244536,"date":"2025-03-20T14:38:52","date_gmt":"2025-03-20T14:38:52","guid":{"rendered":"https:\/\/aromasentia.com\/product\/10ml-aromatherapy-car-blend-traffic-jam\/"},"modified":"2025-06-23T19:23:33","modified_gmt":"2025-06-23T19:23:33","slug":"melange-aroma-special-voiture-10ml-embouteillage","status":"publish","type":"product","link":"https:\/\/aromasentia.com\/fr\/melange-aroma-special-voiture-10ml-embouteillage\/","title":{"rendered":"M\u00e9lange Aroma Sp\u00e9cial Voiture 10ml- Embouteillage"},"content":{"rendered":"<p>Am\u00e9liorez votre voyage et ajoutez ce <strong><span style=\"color: rgb(75, 80, 88);\">diffuseur d&rsquo;aromath\u00e9rapie<\/span><\/strong> unique \u00e0 votre s\u00e9lection de parfum de voiture. Vous pouvez s\u00e9lectionner vos <strong><span style=\"color: rgb(75, 80, 88);\">huiles essentielles<\/span><\/strong> ou m\u00e9langes pr\u00e9f\u00e9r\u00e9s et d\u00e9couvrir les avantages positifs pour la sant\u00e9 qu&rsquo;ils procurent pendant la conduite.&nbsp;<\/p>\n<p>Le m\u00e9daillon design contient un tampon en feutre qui peut contenir quelques gouttes d&rsquo;huile. Clips\u00e9 au panneau de ventilation de votre voiture pour permettre au parfum de circuler.&nbsp;<\/p>\n<p>Le m\u00e9daillon est fabriqu\u00e9 en acier inoxydable de haute qualit\u00e9 et est fourni avec 10 tampons en feutre absorbants et r\u00e9utilisables lavables dans une vari\u00e9t\u00e9 de couleurs. Vous pouvez maintenant contr\u00f4ler le parfum de votre voiture. Accessoirisez votre voiture avec des bijoux uniques&nbsp;<\/p>\n<p><strong><span style=\"color: rgb(141, 186, 216);\">Choisissez votre propre ar\u00f4me en fonction de votre humeur Comprend 10 coussinets en feutre parfum\u00e9s de couleur<\/span><\/strong><\/p>\n","protected":false},"excerpt":{"rendered":"<p>Am\u00e9liorez votre voyage et ajoutez ce diffuseur d&rsquo;aromath\u00e9rapie unique \u00e0 votre s\u00e9lection de parfum de voiture. Vous pouvez s\u00e9lectionner vos huiles essentielles ou m\u00e9langes pr\u00e9f\u00e9r\u00e9s et d\u00e9couvrir les avantages positifs pour la sant\u00e9 qu&rsquo;ils procurent pendant la conduite.&nbsp; Le m\u00e9daillon design contient un tampon en feutre qui peut contenir quelques gouttes d&rsquo;huile. Clips\u00e9 au panneau [&hellip;]<\/p>\n","protected":false},"featured_media":259914,"comment_status":"closed","ping_status":"open","template":"","meta":{"_angie_page":false},"product_brand":[],"product_cat":[16450,24881,23646,26649],"product_tag":[],"class_list":{"0":"post-244536","1":"product","2":"type-product","3":"status-publish","4":"has-post-thumbnail","6":"product_cat-aromatherapie-et-parfums-d-ambiance","7":"product_cat-diffuseurs-voiture","8":"product_cat-huiles-essentielles","9":"product_cat-synergies-dhuiles-essentielles","10":"pa_collection-aromatherapy-blends-for-car-diffusers-fr","11":"pa_made-in-france","12":"pa_size-10ml","14":"first","15":"instock","16":"purchasable","17":"product-type-simple"},"supplier_id":null,"supplier_sku":"CarEO-05","barcode":null,"atum_controlled":true,"out_stock_date":null,"out_stock_threshold":null,"inheritable":false,"inbound_stock":null,"stock_on_hold":0,"sold_today":0,"sales_last_days":0,"reserved_stock":null,"customer_returns":null,"warehouse_damage":null,"lost_in_post":null,"other_logs":null,"out_stock_days":0,"lost_sales":0,"has_location":null,"update_date":"2026-04-27T06:55:59","atum_locations":[],"atum_stock_status":"instock","restock_status":false,"low_stock_amount":"","sales_update_date":"2026-02-06T00:01:54","calc_backorders":null,"_links":{"self":[{"href":"https:\/\/aromasentia.com\/fr\/wp-json\/wp\/v2\/product\/244536","targetHints":{"allow":["GET"]}}],"collection":[{"href":"https:\/\/aromasentia.com\/fr\/wp-json\/wp\/v2\/product"}],"about":[{"href":"https:\/\/aromasentia.com\/fr\/wp-json\/wp\/v2\/types\/product"}],"replies":[{"embeddable":true,"href":"https:\/\/aromasentia.com\/fr\/wp-json\/wp\/v2\/comments?post=244536"}],"version-history":[{"count":0,"href":"https:\/\/aromasentia.com\/fr\/wp-json\/wp\/v2\/product\/244536\/revisions"}],"wp:featuredmedia":[{"embeddable":true,"href":"https:\/\/aromasentia.com\/fr\/wp-json\/wp\/v2\/media\/259914"}],"wp:attachment":[{"href":"https:\/\/aromasentia.com\/fr\/wp-json\/wp\/v2\/media?parent=244536"}],"wp:term":[{"taxonomy":"product_brand","embeddable":true,"href":"https:\/\/aromasentia.com\/fr\/wp-json\/wp\/v2\/product_brand?post=244536"},{"taxonomy":"product_cat","embeddable":true,"href":"https:\/\/aromasentia.com\/fr\/wp-json\/wp\/v2\/product_cat?post=244536"},{"taxonomy":"product_tag","embeddable":true,"href":"https:\/\/aromasentia.com\/fr\/wp-json\/wp\/v2\/product_tag?post=244536"}],"curies":[{"name":"wp","href":"https:\/\/api.w.org\/{rel}","templated":true}]}}