{"id":244508,"date":"2025-03-20T14:38:52","date_gmt":"2025-03-20T14:38:52","guid":{"rendered":"https:\/\/aromasentia.com\/product\/black-cumin-oil-1-litre\/"},"modified":"2025-06-23T19:23:27","modified_gmt":"2025-06-23T19:23:27","slug":"black-cumin-oil-1-litre","status":"publish","type":"product","link":"https:\/\/aromasentia.com\/fr\/black-cumin-oil-1-litre\/","title":{"rendered":"Black Cumin Oil 1 Litre"},"content":{"rendered":"<p>D\u00e9couvrez les puissants bienfaits de l&rsquo;huile de nigelle, disponible en r\u00e9cipient de 1 litre. \u00c9galement connue sous le nom d&rsquo;huile de Nigella Sativa, elle est v\u00e9n\u00e9r\u00e9e depuis des si\u00e8cles pour ses puissantes propri\u00e9t\u00e9s anti-inflammatoires, antibact\u00e9riennes et antioxydantes. Riche en thymoquinone, elle est excellente pour apaiser les probl\u00e8mes de peau, r\u00e9duire les rougeurs et favoriser la sant\u00e9 g\u00e9n\u00e9rale de la peau. Elle peut \u00e9galement \u00eatre b\u00e9n\u00e9fique pour la sant\u00e9 respiratoire et renforcer le syst\u00e8me immunitaire lorsqu&rsquo;elle est utilis\u00e9e de mani\u00e8re appropri\u00e9e. Une huile vraiment remarquable pour les applications th\u00e9rapeutiques et la promotion du bien-\u00eatre holistique.<\/p>\n","protected":false},"excerpt":{"rendered":"<p>D\u00e9couvrez les puissants bienfaits de l&rsquo;huile de nigelle, disponible en r\u00e9cipient de 1 litre. \u00c9galement connue sous le nom d&rsquo;huile de Nigella Sativa, elle est v\u00e9n\u00e9r\u00e9e depuis des si\u00e8cles pour ses puissantes propri\u00e9t\u00e9s anti-inflammatoires, antibact\u00e9riennes et antioxydantes. Riche en thymoquinone, elle est excellente pour apaiser les probl\u00e8mes de peau, r\u00e9duire les rougeurs et favoriser la [&hellip;]<\/p>\n","protected":false},"featured_media":259755,"comment_status":"closed","ping_status":"open","template":"","meta":[],"product_brand":[27093],"product_cat":[16450,26888,26163,23926,25842],"product_tag":[],"class_list":{"0":"post-244508","1":"product","2":"type-product","3":"status-publish","4":"has-post-thumbnail","6":"product_brand-ancient-wisdom","7":"product_cat-aromatherapie-et-parfums-d-ambiance","8":"product_cat-epice","9":"product_cat-graine-de-cumin","10":"product_cat-huiles-vegetales","11":"product_cat-senteurs-aromes","12":"pa_collection-base-oils-1-litre-fr","14":"first","15":"instock","16":"purchasable","17":"product-type-simple"},"supplier_id":null,"supplier_sku":"BOZ-28","barcode":null,"atum_controlled":true,"out_stock_date":null,"out_stock_threshold":null,"inheritable":false,"inbound_stock":0,"stock_on_hold":0,"sold_today":0,"sales_last_days":0,"reserved_stock":0,"customer_returns":0,"warehouse_damage":0,"lost_in_post":0,"other_logs":0,"out_stock_days":0,"lost_sales":0,"has_location":false,"update_date":"2026-01-30T01:25:23","atum_locations":[],"atum_stock_status":"instock","restock_status":false,"low_stock_amount":"","sales_update_date":"2026-01-30T01:25:23","calc_backorders":null,"_links":{"self":[{"href":"https:\/\/aromasentia.com\/fr\/wp-json\/wp\/v2\/product\/244508","targetHints":{"allow":["GET"]}}],"collection":[{"href":"https:\/\/aromasentia.com\/fr\/wp-json\/wp\/v2\/product"}],"about":[{"href":"https:\/\/aromasentia.com\/fr\/wp-json\/wp\/v2\/types\/product"}],"replies":[{"embeddable":true,"href":"https:\/\/aromasentia.com\/fr\/wp-json\/wp\/v2\/comments?post=244508"}],"version-history":[{"count":0,"href":"https:\/\/aromasentia.com\/fr\/wp-json\/wp\/v2\/product\/244508\/revisions"}],"wp:featuredmedia":[{"embeddable":true,"href":"https:\/\/aromasentia.com\/fr\/wp-json\/wp\/v2\/media\/259755"}],"wp:attachment":[{"href":"https:\/\/aromasentia.com\/fr\/wp-json\/wp\/v2\/media?parent=244508"}],"wp:term":[{"taxonomy":"product_brand","embeddable":true,"href":"https:\/\/aromasentia.com\/fr\/wp-json\/wp\/v2\/product_brand?post=244508"},{"taxonomy":"product_cat","embeddable":true,"href":"https:\/\/aromasentia.com\/fr\/wp-json\/wp\/v2\/product_cat?post=244508"},{"taxonomy":"product_tag","embeddable":true,"href":"https:\/\/aromasentia.com\/fr\/wp-json\/wp\/v2\/product_tag?post=244508"}],"curies":[{"name":"wp","href":"https:\/\/api.w.org\/{rel}","templated":true}]}}