{"id":244480,"date":"2025-03-20T14:38:52","date_gmt":"2025-03-20T14:38:52","guid":{"rendered":"https:\/\/aromasentia.com\/product\/watermelon-seed-oil-1-litre\/"},"modified":"2025-06-23T19:23:23","modified_gmt":"2025-06-23T19:23:23","slug":"watermelon-seed-oil-1-litre","status":"publish","type":"product","link":"https:\/\/aromasentia.com\/fr\/watermelon-seed-oil-1-litre\/","title":{"rendered":"Watermelon Seed Oil 1 Litre"},"content":{"rendered":"<p>Hydratez et clarifiez votre peau avec notre huile l\u00e9g\u00e8re de graines de past\u00e8que, pr\u00e9sent\u00e9e dans un g\u00e9n\u00e9reux flacon de 1 litre. Press\u00e9e \u00e0 froid \u00e0 partir de graines de past\u00e8que, cette huile est exceptionnellement fine et facilement absorb\u00e9e, ce qui la rend id\u00e9ale pour les peaux grasses ou sujettes \u00e0 l&rsquo;acn\u00e9, car elle n&rsquo;obstrue pas les pores. Riche en acide linol\u00e9ique et en nutriments essentiels, elle aide \u00e0 dissoudre l&rsquo;exc\u00e8s de s\u00e9bum, \u00e0 d\u00e9toxifier et \u00e0 hydrater, laissant votre peau \u00e9quilibr\u00e9e, douce et merveilleusement rafra\u00eechie. C&rsquo;est un excellent choix pour les soins du visage, l&rsquo;hydratation du corps ou comme huile de support l\u00e9g\u00e8re dans vos m\u00e9langes d&rsquo;aromath\u00e9rapie.<\/p>\n","protected":false},"excerpt":{"rendered":"<p>Hydratez et clarifiez votre peau avec notre huile l\u00e9g\u00e8re de graines de past\u00e8que, pr\u00e9sent\u00e9e dans un g\u00e9n\u00e9reux flacon de 1 litre. Press\u00e9e \u00e0 froid \u00e0 partir de graines de past\u00e8que, cette huile est exceptionnellement fine et facilement absorb\u00e9e, ce qui la rend id\u00e9ale pour les peaux grasses ou sujettes \u00e0 l&rsquo;acn\u00e9, car elle n&rsquo;obstrue pas [&hellip;]<\/p>\n","protected":false},"featured_media":259692,"comment_status":"closed","ping_status":"open","template":"","meta":{"_angie_page":false},"product_brand":[27093],"product_cat":[16450,26846,23926,26484,25842],"product_tag":[],"class_list":{"0":"post-244480","1":"product","2":"type-product","3":"status-publish","4":"has-post-thumbnail","6":"product_brand-ancient-wisdom","7":"product_cat-aromatherapie-et-parfums-d-ambiance","8":"product_cat-fruite","9":"product_cat-huiles-vegetales","10":"product_cat-pasteque","11":"product_cat-senteurs-aromes","12":"pa_collection-base-oils-1-litre-fr","13":"pa_made-in-afrique-du-sud","15":"first","16":"instock","17":"purchasable","18":"product-type-simple"},"supplier_id":null,"supplier_sku":"BOZ-34","barcode":null,"atum_controlled":true,"out_stock_date":null,"out_stock_threshold":null,"inheritable":false,"inbound_stock":0,"stock_on_hold":0,"sold_today":0,"sales_last_days":0,"reserved_stock":0,"customer_returns":0,"warehouse_damage":0,"lost_in_post":0,"other_logs":0,"out_stock_days":0,"lost_sales":0,"has_location":false,"update_date":"2026-04-27T06:55:40","atum_locations":[],"atum_stock_status":"instock","restock_status":false,"low_stock_amount":"","sales_update_date":"2026-01-30T01:26:19","calc_backorders":null,"_links":{"self":[{"href":"https:\/\/aromasentia.com\/fr\/wp-json\/wp\/v2\/product\/244480","targetHints":{"allow":["GET"]}}],"collection":[{"href":"https:\/\/aromasentia.com\/fr\/wp-json\/wp\/v2\/product"}],"about":[{"href":"https:\/\/aromasentia.com\/fr\/wp-json\/wp\/v2\/types\/product"}],"replies":[{"embeddable":true,"href":"https:\/\/aromasentia.com\/fr\/wp-json\/wp\/v2\/comments?post=244480"}],"version-history":[{"count":0,"href":"https:\/\/aromasentia.com\/fr\/wp-json\/wp\/v2\/product\/244480\/revisions"}],"wp:featuredmedia":[{"embeddable":true,"href":"https:\/\/aromasentia.com\/fr\/wp-json\/wp\/v2\/media\/259692"}],"wp:attachment":[{"href":"https:\/\/aromasentia.com\/fr\/wp-json\/wp\/v2\/media?parent=244480"}],"wp:term":[{"taxonomy":"product_brand","embeddable":true,"href":"https:\/\/aromasentia.com\/fr\/wp-json\/wp\/v2\/product_brand?post=244480"},{"taxonomy":"product_cat","embeddable":true,"href":"https:\/\/aromasentia.com\/fr\/wp-json\/wp\/v2\/product_cat?post=244480"},{"taxonomy":"product_tag","embeddable":true,"href":"https:\/\/aromasentia.com\/fr\/wp-json\/wp\/v2\/product_tag?post=244480"}],"curies":[{"name":"wp","href":"https:\/\/api.w.org\/{rel}","templated":true}]}}