{"id":244440,"date":"2025-03-20T14:39:52","date_gmt":"2025-03-20T14:39:52","guid":{"rendered":"https:\/\/aromasentia.com\/product\/ceramic-metal-round-stand\/"},"modified":"2025-06-23T19:23:16","modified_gmt":"2025-06-23T19:23:16","slug":"support-rond-en-ceramique-metal","status":"publish","type":"product","link":"https:\/\/aromasentia.com\/fr\/support-rond-en-ceramique-metal\/","title":{"rendered":"Support Rond en C\u00e9ramique &#038; M\u00e9tal"},"content":{"rendered":"<p>Chacun de ces br\u00fbleurs \u00e0 huile n&rsquo;est pas seulement un outil fonctionnel pour diffuser vos huiles essentielles pr\u00e9f\u00e9r\u00e9es, mais aussi une \u0153uvre d&rsquo;art captivante qui rehausse l&rsquo;ambiance de votre espace de vie.&nbsp;<\/p>\n<p>Un br\u00fbleur \u00e0 huile rond sur pied avec une fusion harmonieuse de c\u00e9ramique et de m\u00e9tal, rayonnant d&rsquo;un charme intemporel dans n&rsquo;importe quel environnement.&nbsp;<\/p>\n<p><strong><span style=\"color: rgb(184, 49, 47);\">Attention :<\/span><\/strong>&nbsp;<\/p>\n<p><strong><span style=\"color: rgb(75, 80, 88);\">Placez toujours le br\u00fbleur \u00e0 huile sur un tapis r\u00e9sistant \u00e0 la chaleur. Veillez \u00e0 ce qu&rsquo;il y ait suffisamment d&rsquo;eau dans le r\u00e9cipient situ\u00e9 au-dessus du br\u00fbleur. Utilisez des bougies \u00e0 r\u00e9chaud de bonne qualit\u00e9. Ne les laissez jamais sans surveillance lorsqu&rsquo;elles sont allum\u00e9es et tenez-les \u00e9loign\u00e9es des rideaux. Si la flamme devient dangereuse, \u00e9teignez-la avec un chiffon humide. Tenir hors de port\u00e9e des enfants.<\/span><\/strong><\/p>\n","protected":false},"excerpt":{"rendered":"<p>Chacun de ces br\u00fbleurs \u00e0 huile n&rsquo;est pas seulement un outil fonctionnel pour diffuser vos huiles essentielles pr\u00e9f\u00e9r\u00e9es, mais aussi une \u0153uvre d&rsquo;art captivante qui rehausse l&rsquo;ambiance de votre espace de vie.&nbsp; Un br\u00fbleur \u00e0 huile rond sur pied avec une fusion harmonieuse de c\u00e9ramique et de m\u00e9tal, rayonnant d&rsquo;un charme intemporel dans n&rsquo;importe quel [&hellip;]<\/p>\n","protected":false},"featured_media":260149,"comment_status":"closed","ping_status":"open","template":"","meta":{"_angie_page":false},"product_brand":[],"product_cat":[18405,16514],"product_tag":[],"class_list":{"0":"post-244440","1":"product","2":"type-product","3":"status-publish","4":"has-post-thumbnail","6":"product_cat-bruleurs-d-huiles","7":"product_cat-diffuseurs-ultrason-et-dambiance","8":"pa_collection-cool-design-oil-burner-fr","9":"pa_made-in-chine","11":"first","12":"instock","13":"purchasable","14":"product-type-simple"},"supplier_id":null,"supplier_sku":"CDes-17","barcode":null,"atum_controlled":true,"out_stock_date":null,"out_stock_threshold":null,"inheritable":false,"inbound_stock":null,"stock_on_hold":0,"sold_today":0,"sales_last_days":0,"reserved_stock":null,"customer_returns":null,"warehouse_damage":null,"lost_in_post":null,"other_logs":null,"out_stock_days":0,"lost_sales":0,"has_location":null,"update_date":"2026-05-08T05:06:08","atum_locations":[],"atum_stock_status":"instock","restock_status":false,"low_stock_amount":"","sales_update_date":"2026-02-06T00:01:54","calc_backorders":null,"_links":{"self":[{"href":"https:\/\/aromasentia.com\/fr\/wp-json\/wp\/v2\/product\/244440","targetHints":{"allow":["GET"]}}],"collection":[{"href":"https:\/\/aromasentia.com\/fr\/wp-json\/wp\/v2\/product"}],"about":[{"href":"https:\/\/aromasentia.com\/fr\/wp-json\/wp\/v2\/types\/product"}],"replies":[{"embeddable":true,"href":"https:\/\/aromasentia.com\/fr\/wp-json\/wp\/v2\/comments?post=244440"}],"version-history":[{"count":0,"href":"https:\/\/aromasentia.com\/fr\/wp-json\/wp\/v2\/product\/244440\/revisions"}],"wp:featuredmedia":[{"embeddable":true,"href":"https:\/\/aromasentia.com\/fr\/wp-json\/wp\/v2\/media\/260149"}],"wp:attachment":[{"href":"https:\/\/aromasentia.com\/fr\/wp-json\/wp\/v2\/media?parent=244440"}],"wp:term":[{"taxonomy":"product_brand","embeddable":true,"href":"https:\/\/aromasentia.com\/fr\/wp-json\/wp\/v2\/product_brand?post=244440"},{"taxonomy":"product_cat","embeddable":true,"href":"https:\/\/aromasentia.com\/fr\/wp-json\/wp\/v2\/product_cat?post=244440"},{"taxonomy":"product_tag","embeddable":true,"href":"https:\/\/aromasentia.com\/fr\/wp-json\/wp\/v2\/product_tag?post=244440"}],"curies":[{"name":"wp","href":"https:\/\/api.w.org\/{rel}","templated":true}]}}