{"id":244416,"date":"2025-03-20T14:49:47","date_gmt":"2025-03-20T14:49:47","guid":{"rendered":"https:\/\/aromasentia.com\/product\/scented-ear-candles-lavender\/"},"modified":"2025-06-23T19:23:13","modified_gmt":"2025-06-23T19:23:13","slug":"bougies-doreilles-parfumees-lavande","status":"publish","type":"product","link":"https:\/\/aromasentia.com\/fr\/bougies-doreilles-parfumees-lavande\/","title":{"rendered":"Bougies d&rsquo;oreilles parfum\u00e9es &#8211; lavande"},"content":{"rendered":"<p>Les bougies auriculaires sont devenues incroyablement populaires au cours des derni\u00e8res ann\u00e9es, de nombreux passionn\u00e9s revendiquant les effets physiques et spirituels remarquables du traitement auriculaire.&nbsp;<\/p>\n<p>Cela \u00e9tant dit, il semble que personne ne soit tout \u00e0 fait s\u00fbr de l&rsquo;origine des bougies auriculaires et de leur utilisation initiale. Diverses sources affirment qu&rsquo;ils \u00e9taient utilis\u00e9s dans des cultures anciennes telles que la Chine, l&rsquo;Inde, la Sib\u00e9rie et l&rsquo;Am\u00e9rique du Nord.&nbsp;<\/p>\n<p>Nous proposons une gamme de bougies auriculaires en gros et de produits adapt\u00e9s \u00e0 la plupart des gens. Nos bougies auriculaires sont fabriqu\u00e9es \u00e0 partir de coton naturel non blanchi et de cire d&rsquo;abeille et sont parfaites pour une utilisation professionnelle en spa ou en aromath\u00e9rapie.&nbsp;<\/p>\n<p>Veuillez noter qu&rsquo;il est conseill\u00e9 de vendre vos bougies auriculaires avec des instructions et des informations sur l&rsquo;utilisation efficace et s\u00fbre du produit. Avertissements L&rsquo;application d&rsquo;Earcandles est aux risques et \u00e0 la responsabilit\u00e9 de votre client.&nbsp;<\/p>\n<p>En pr\u00e9sence de tout type d&rsquo;inflammations de l&rsquo;oreille ou de la peau autour de l&rsquo;oreille, nous d\u00e9conseillons strictement l&rsquo;utilisation des bougies auriculaires.&nbsp;<\/p>\n<p><strong><span style=\"color: rgb(141, 186, 216);\">Pour votre s\u00e9curit\u00e9 personnelle, nous vous d\u00e9conseillons d&rsquo;effectuer le traitement par vous-m\u00eame. Il doit toujours \u00eatre fait par une deuxi\u00e8me personne.<\/span><\/strong><\/p>\n","protected":false},"excerpt":{"rendered":"<p>Les bougies auriculaires sont devenues incroyablement populaires au cours des derni\u00e8res ann\u00e9es, de nombreux passionn\u00e9s revendiquant les effets physiques et spirituels remarquables du traitement auriculaire.&nbsp; Cela \u00e9tant dit, il semble que personne ne soit tout \u00e0 fait s\u00fbr de l&rsquo;origine des bougies auriculaires et de leur utilisation initiale. Diverses sources affirment qu&rsquo;ils \u00e9taient utilis\u00e9s dans [&hellip;]<\/p>\n","protected":false},"featured_media":260793,"comment_status":"closed","ping_status":"open","template":"","meta":{"_angie_page":false},"product_brand":[],"product_cat":[16450,26832,26233,25842],"product_tag":[],"class_list":{"0":"post-244416","1":"product","2":"type-product","3":"status-publish","4":"has-post-thumbnail","6":"product_cat-aromatherapie-et-parfums-d-ambiance","7":"product_cat-floral","8":"product_cat-lavande","9":"product_cat-senteurs-aromes","10":"pa_collection-ear-candles-fr","11":"pa_made-in-chine","13":"first","14":"instock","15":"purchasable","16":"product-type-simple"},"supplier_id":null,"supplier_sku":"EarC-09","barcode":null,"atum_controlled":true,"out_stock_date":null,"out_stock_threshold":null,"inheritable":false,"inbound_stock":null,"stock_on_hold":0,"sold_today":0,"sales_last_days":0,"reserved_stock":null,"customer_returns":null,"warehouse_damage":null,"lost_in_post":null,"other_logs":null,"out_stock_days":112,"lost_sales":0,"has_location":null,"update_date":"2026-04-26T00:02:22","atum_locations":[],"atum_stock_status":"instock","restock_status":false,"low_stock_amount":"","sales_update_date":"2026-01-30T01:25:19","calc_backorders":null,"_links":{"self":[{"href":"https:\/\/aromasentia.com\/fr\/wp-json\/wp\/v2\/product\/244416","targetHints":{"allow":["GET"]}}],"collection":[{"href":"https:\/\/aromasentia.com\/fr\/wp-json\/wp\/v2\/product"}],"about":[{"href":"https:\/\/aromasentia.com\/fr\/wp-json\/wp\/v2\/types\/product"}],"replies":[{"embeddable":true,"href":"https:\/\/aromasentia.com\/fr\/wp-json\/wp\/v2\/comments?post=244416"}],"version-history":[{"count":0,"href":"https:\/\/aromasentia.com\/fr\/wp-json\/wp\/v2\/product\/244416\/revisions"}],"wp:featuredmedia":[{"embeddable":true,"href":"https:\/\/aromasentia.com\/fr\/wp-json\/wp\/v2\/media\/260793"}],"wp:attachment":[{"href":"https:\/\/aromasentia.com\/fr\/wp-json\/wp\/v2\/media?parent=244416"}],"wp:term":[{"taxonomy":"product_brand","embeddable":true,"href":"https:\/\/aromasentia.com\/fr\/wp-json\/wp\/v2\/product_brand?post=244416"},{"taxonomy":"product_cat","embeddable":true,"href":"https:\/\/aromasentia.com\/fr\/wp-json\/wp\/v2\/product_cat?post=244416"},{"taxonomy":"product_tag","embeddable":true,"href":"https:\/\/aromasentia.com\/fr\/wp-json\/wp\/v2\/product_tag?post=244416"}],"curies":[{"name":"wp","href":"https:\/\/api.w.org\/{rel}","templated":true}]}}