{"id":244360,"date":"2025-03-20T14:50:27","date_gmt":"2025-03-20T14:50:27","guid":{"rendered":"https:\/\/aromasentia.com\/product\/10-ml-jasmine-dilute-essential-oil\/"},"modified":"2025-06-23T19:23:03","modified_gmt":"2025-06-23T19:23:03","slug":"jasmin-dilue-huile-essentielle-10ml","status":"publish","type":"product","link":"https:\/\/aromasentia.com\/fr\/jasmin-dilue-huile-essentielle-10ml\/","title":{"rendered":"Jasmin (Dilu\u00e9) &#8211; Huile Essentielle 10ml"},"content":{"rendered":"<p><strong><span style=\"color: rgb(75, 80, 88);\">Nom latin :&nbsp;<\/span><\/strong>Jasminum Officinale&nbsp;<\/p>\n<p><strong><span style=\"color: rgb(75, 80, 88);\">Partie de la plante utilis\u00e9e :<\/span><\/strong> Feuilles s\u00e9ch\u00e9es&nbsp;<\/p>\n<p><strong><span style=\"color: rgb(75, 80, 88);\">Origine :<\/span><\/strong> Inde&nbsp;&nbsp;<\/p>\n<p><strong><span style=\"color: rgb(75, 80, 88);\">M\u00e9thode d&rsquo;extraction :&nbsp;<\/span><\/strong>Extraction par solvant Dilution \u00e0 5 % dans l&rsquo;huile de p\u00e9pins de raisin&nbsp;<\/p>\n<p>Ce sont peut-\u00eatre ses propri\u00e9t\u00e9s aphrodisiaques qui ont fait que l&rsquo;huile de jasmin a \u00e9t\u00e9 si recherch\u00e9e tout au long de l&rsquo;histoire. L&rsquo;huile essentielle de jasmin a \u00e9t\u00e9 utilis\u00e9e dans les c\u00e9r\u00e9monies de gu\u00e9rison et les c\u00e9r\u00e9monies religieuses en raison de cette qualit\u00e9 irr\u00e9sistible.&nbsp;<\/p>\n<p>En Chine, l&rsquo;huile de jasmin \u00e9tait utilis\u00e9e dans les chambres de malades pour parfumer l&rsquo;air, mais on pensait aussi qu&rsquo;elle d\u00e9barrassait l&rsquo;air des polluants avant m\u00eame la d\u00e9couverte des bact\u00e9ries. Les anciens \u00e9gyptiens utilisaient l&rsquo;huile de jasmin contre les maux de t\u00eate, les troubles nerveux et pour favoriser un sommeil r\u00e9parateur.&nbsp;<\/p>\n<p>Aujourd&rsquo;hui, l&rsquo;essence est produite par un processus appel\u00e9 extraction par solvant. \u00e0 premi\u00e8re vue, le jasmin est un parfum. Son \u00e9nergie florale complexe est un facteur d&rsquo;humeur pour la plupart des gens et pr\u00e9sente souvent des qualit\u00e9s aphrodisiaques. Des \u00e9tudes ont montr\u00e9 que le simple fait de sentir du jasmin peut accro\u00eetre la vigilance, la coordination \u0153il-main, la confiance en soi et le bonheur, et r\u00e9duire le stress.&nbsp;<\/p>\n<p>D&rsquo;un point de vue th\u00e9rapeutique, le jasmin peut traiter la peau s\u00e8che et vieillissante. Il est utilis\u00e9 \u00e0 faible concentration pour traiter l&rsquo;ecz\u00e9ma et la dermatite. En outre, le jasmin est utile pour estomper les cicatrices et traiter les vergetures apr\u00e8s l&rsquo;accouchement. Le jasmin peut soulager la col\u00e8re, l&rsquo;anxi\u00e9t\u00e9 et le stress sans agir comme un s\u00e9datif. Le jasmin permet de s&rsquo;ouvrir aux options disponibles gr\u00e2ce \u00e0 une pens\u00e9e plus claire. Ce pouvoir calmant et \u00e9quilibrant peut \u00e9galement r\u00e9duire l&rsquo;inflammation due au stress \u00e9motionnel. &nbsp;<\/p>\n<p>Le jasmin a une longue histoire d&rsquo;am\u00e9lioration de la libido, de lib\u00e9ration des inhibitions et d&rsquo;inspiration du d\u00e9sir sexuel. Le jasmin poss\u00e8de des propri\u00e9t\u00e9s qui r\u00e9gulent les cycles menstruels, peuvent r\u00e9duire les douleurs li\u00e9es aux r\u00e8gles, la l\u00e9thargie et les sautes d&rsquo;humeur. On dit qu&rsquo;il retarde \u00e9galement l&rsquo;apparition de la m\u00e9nopause.&nbsp;<\/p>\n<p><strong><span style=\"color: rgb(75, 80, 88);\">NB : Nos huiles essentielles ne conviennent pas \u00e0 un usage interne.<\/span><\/strong><\/p>\n","protected":false},"excerpt":{"rendered":"<p>Nom latin :&nbsp;Jasminum Officinale&nbsp; Partie de la plante utilis\u00e9e : Feuilles s\u00e9ch\u00e9es&nbsp; Origine : Inde&nbsp;&nbsp; M\u00e9thode d&rsquo;extraction :&nbsp;Extraction par solvant Dilution \u00e0 5 % dans l&rsquo;huile de p\u00e9pins de raisin&nbsp; Ce sont peut-\u00eatre ses propri\u00e9t\u00e9s aphrodisiaques qui ont fait que l&rsquo;huile de jasmin a \u00e9t\u00e9 si recherch\u00e9e tout au long de l&rsquo;histoire. L&rsquo;huile essentielle de [&hellip;]<\/p>\n","protected":false},"featured_media":261094,"comment_status":"closed","ping_status":"open","template":"","meta":{"_angie_page":false},"product_brand":[27093],"product_cat":[16450,26832,23646,26225,25842],"product_tag":[],"class_list":{"0":"post-244360","1":"product","2":"type-product","3":"status-publish","4":"has-post-thumbnail","6":"product_brand-ancient-wisdom","7":"product_cat-aromatherapie-et-parfums-d-ambiance","8":"product_cat-floral","9":"product_cat-huiles-essentielles","10":"product_cat-jasmin","11":"product_cat-senteurs-aromes","12":"pa_collection-aromatherapy-essential-oils-10ml-fr","13":"pa_made-in-inde","14":"pa_size-10ml","16":"first","17":"instock","18":"purchasable","19":"product-type-simple"},"supplier_id":null,"supplier_sku":"EO-11","barcode":null,"atum_controlled":true,"out_stock_date":null,"out_stock_threshold":null,"inheritable":false,"inbound_stock":0,"stock_on_hold":0,"sold_today":0,"sales_last_days":0,"reserved_stock":0,"customer_returns":0,"warehouse_damage":0,"lost_in_post":0,"other_logs":0,"out_stock_days":0,"lost_sales":0,"has_location":false,"update_date":"2026-05-08T05:07:21","atum_locations":[],"atum_stock_status":"instock","restock_status":false,"low_stock_amount":"","sales_update_date":"2026-01-30T01:26:15","calc_backorders":null,"_links":{"self":[{"href":"https:\/\/aromasentia.com\/fr\/wp-json\/wp\/v2\/product\/244360","targetHints":{"allow":["GET"]}}],"collection":[{"href":"https:\/\/aromasentia.com\/fr\/wp-json\/wp\/v2\/product"}],"about":[{"href":"https:\/\/aromasentia.com\/fr\/wp-json\/wp\/v2\/types\/product"}],"replies":[{"embeddable":true,"href":"https:\/\/aromasentia.com\/fr\/wp-json\/wp\/v2\/comments?post=244360"}],"version-history":[{"count":0,"href":"https:\/\/aromasentia.com\/fr\/wp-json\/wp\/v2\/product\/244360\/revisions"}],"wp:featuredmedia":[{"embeddable":true,"href":"https:\/\/aromasentia.com\/fr\/wp-json\/wp\/v2\/media\/261094"}],"wp:attachment":[{"href":"https:\/\/aromasentia.com\/fr\/wp-json\/wp\/v2\/media?parent=244360"}],"wp:term":[{"taxonomy":"product_brand","embeddable":true,"href":"https:\/\/aromasentia.com\/fr\/wp-json\/wp\/v2\/product_brand?post=244360"},{"taxonomy":"product_cat","embeddable":true,"href":"https:\/\/aromasentia.com\/fr\/wp-json\/wp\/v2\/product_cat?post=244360"},{"taxonomy":"product_tag","embeddable":true,"href":"https:\/\/aromasentia.com\/fr\/wp-json\/wp\/v2\/product_tag?post=244360"}],"curies":[{"name":"wp","href":"https:\/\/api.w.org\/{rel}","templated":true}]}}