{"id":244356,"date":"2025-03-20T14:50:27","date_gmt":"2025-03-20T14:50:27","guid":{"rendered":"https:\/\/aromasentia.com\/product\/10-ml-patchouli-essential-oil\/"},"modified":"2025-06-23T19:23:03","modified_gmt":"2025-06-23T19:23:03","slug":"patchouli-huile-essentielle-10ml","status":"publish","type":"product","link":"https:\/\/aromasentia.com\/fr\/patchouli-huile-essentielle-10ml\/","title":{"rendered":"Patchouli &#8211; Huile Essentielle 10ml"},"content":{"rendered":"<p><strong><span style=\"color: rgb(75, 80, 88);\">Nom latin : <\/span><\/strong>Pogostemon Cablin&nbsp;<\/p>\n<p><strong><span style=\"color: rgb(75, 80, 88);\">Partie de la plante utilis\u00e9e :&nbsp;<\/span><\/strong>Feuilles s\u00e9ch\u00e9es&nbsp;<\/p>\n<p><strong><span style=\"color: rgb(75, 80, 88);\">Source :<\/span><\/strong> Indon\u00e9sie&nbsp;<\/p>\n<p><strong><span style=\"color: rgb(75, 80, 88);\">M\u00e9thode d&rsquo;extraction :&nbsp;<\/span><\/strong>Distillation \u00e0 la vapeur&nbsp;<\/p>\n<p>L&rsquo;huile essentielle de patchouli en gros est extraite de la plante Pogostemon cablin de la famille de la menthe et a une riche odeur musqu\u00e9e, douce et \u00e9pic\u00e9e. La plante est originaire de Malaisie et d&rsquo;Inde, o\u00f9elle est connue sous le nom de \u00ab\u00a0puchaput\u00a0\u00bb. Le mot patchouli est d\u00e9riv\u00e9 du tamoul \u00ab\u00a0pachchai ilai\u00a0\u00bb qui signifie simplement \u00ab\u00a0feuille verte\u00a0\u00bb. L&rsquo;huile de patchouli est extraite des jeunes feuilles, qui sont s\u00e9ch\u00e9es et ferment\u00e9es avant d&rsquo;\u00eatre distill\u00e9es \u00e0 la vapeur d&rsquo;eau.&nbsp;<\/p>\n<p>Cette huile am\u00e9liore son parfum et sa puissance avec l&rsquo;\u00e2ge. Elle est tr\u00e8s appr\u00e9ci\u00e9e dans les soins de la peau, notamment pour la cicatrisation. Dans les pays orientaux, l&rsquo;huile de patchouli est utilis\u00e9e dans les pots-pourris et les sachets entre le linge et les v\u00eatements pour leur parfum et pour \u00e9loigner les punaises de lit et les insectes. On dit que l&rsquo;huile a un effet \u00e9quilibrant sur les \u00e9motions et qu&rsquo;elle cr\u00e9e une atmosph\u00e8re amoureuse. Utilis\u00e9e dans un br\u00fbleur d&rsquo;huile, elle soulage l&rsquo;anxi\u00e9t\u00e9 et la d\u00e9pression. Utilis\u00e9e dans l&rsquo;eau du bain, elle est cens\u00e9e soulager les probl\u00e8mes de peau et de cuir chevelu, les infections fongiques, la r\u00e9tention d&rsquo;eau, l&rsquo;\u00e9limination de la cellulite et la constipation.&nbsp;<\/p>\n<p>Elle poss\u00e8de d&rsquo;excellentes propri\u00e9t\u00e9s r\u00e9g\u00e9n\u00e9ratrices des tissus, acc\u00e9l\u00e8re la cicatrisation et combat les infections. Il aide donc \u00e0 lutter contre l&rsquo;acn\u00e9, l&rsquo;ecz\u00e9ma, les plaies suintantes, les ulc\u00e8res et le pied d&rsquo;athl\u00e8te. Il semblerait que le patchouli ait \u00e9t\u00e9 plac\u00e9 entre des ch\u00e2les indiens en cachemire, avant d&rsquo;\u00eatre envoy\u00e9s dans l&rsquo;Angleterre victorienne, pour prot\u00e9ger la marchandise des mites. Sans cette odeur caract\u00e9ristique de feuilles de patchouli s\u00e9ch\u00e9es, les ch\u00e2les ne pouvaient pas \u00eatre vendus dans l&rsquo;Angleterre victorienne.<\/p>\n<p>Sans cette odeur caract\u00e9ristique de feuilles de patchouli s\u00e9ch\u00e9es, les ch\u00e2les ne pouvaient \u00eatre vendus en Angleterre. En Europe et en Am\u00e9rique, l&rsquo;huile et l&rsquo;encens de patchouli \u00e9taient tr\u00e8s populaires dans les ann\u00e9es 1960 et 1970 parmi les hippies, car l&rsquo;odeur du patchouli couvrait les odeurs corporelles et l&rsquo;odeur du cannabis br\u00fbl\u00e9. Le patchouli \u00e9tait utilis\u00e9 comme revitalisant pour les dreadlocks. Dans de nombreux pays asiatiques, le patchouli est \u00e9galement utilis\u00e9 comme antidote contre les morsures de serpent.&nbsp;<\/p>\n<p><strong><span style=\"color: rgb(141, 186, 216);\">NB : Nos huiles essentielles ne conviennent pas \u00e0 un usage interne.<\/span><\/strong><\/p>\n","protected":false},"excerpt":{"rendered":"<p>Nom latin : Pogostemon Cablin&nbsp; Partie de la plante utilis\u00e9e :&nbsp;Feuilles s\u00e9ch\u00e9es&nbsp; Source : Indon\u00e9sie&nbsp; M\u00e9thode d&rsquo;extraction :&nbsp;Distillation \u00e0 la vapeur&nbsp; L&rsquo;huile essentielle de patchouli en gros est extraite de la plante Pogostemon cablin de la famille de la menthe et a une riche odeur musqu\u00e9e, douce et \u00e9pic\u00e9e. La plante est originaire de Malaisie [&hellip;]<\/p>\n","protected":false},"featured_media":261077,"comment_status":"closed","ping_status":"open","template":"","meta":[],"product_brand":[27093],"product_cat":[16450,23646,26333,25842,26825],"product_tag":[],"class_list":{"0":"post-244356","1":"product","2":"type-product","3":"status-publish","4":"has-post-thumbnail","6":"product_brand-ancient-wisdom","7":"product_cat-aromatherapie-et-parfums-d-ambiance","8":"product_cat-huiles-essentielles","9":"product_cat-patchouli","10":"product_cat-senteurs-aromes","11":"product_cat-terreux-vert","12":"pa_collection-aromatherapy-essential-oils-10ml-fr","13":"pa_made-in-indonesie","14":"pa_size-10ml","16":"first","17":"instock","18":"purchasable","19":"product-type-simple"},"supplier_id":null,"supplier_sku":"EO-10","barcode":null,"atum_controlled":true,"out_stock_date":null,"out_stock_threshold":null,"inheritable":false,"inbound_stock":null,"stock_on_hold":0,"sold_today":0,"sales_last_days":0,"reserved_stock":null,"customer_returns":null,"warehouse_damage":null,"lost_in_post":null,"other_logs":null,"out_stock_days":0,"lost_sales":0,"has_location":null,"update_date":"2026-01-30T01:25:53","atum_locations":[],"atum_stock_status":"instock","restock_status":false,"low_stock_amount":"","sales_update_date":"2026-01-30T01:25:53","calc_backorders":null,"_links":{"self":[{"href":"https:\/\/aromasentia.com\/fr\/wp-json\/wp\/v2\/product\/244356","targetHints":{"allow":["GET"]}}],"collection":[{"href":"https:\/\/aromasentia.com\/fr\/wp-json\/wp\/v2\/product"}],"about":[{"href":"https:\/\/aromasentia.com\/fr\/wp-json\/wp\/v2\/types\/product"}],"replies":[{"embeddable":true,"href":"https:\/\/aromasentia.com\/fr\/wp-json\/wp\/v2\/comments?post=244356"}],"version-history":[{"count":0,"href":"https:\/\/aromasentia.com\/fr\/wp-json\/wp\/v2\/product\/244356\/revisions"}],"wp:featuredmedia":[{"embeddable":true,"href":"https:\/\/aromasentia.com\/fr\/wp-json\/wp\/v2\/media\/261077"}],"wp:attachment":[{"href":"https:\/\/aromasentia.com\/fr\/wp-json\/wp\/v2\/media?parent=244356"}],"wp:term":[{"taxonomy":"product_brand","embeddable":true,"href":"https:\/\/aromasentia.com\/fr\/wp-json\/wp\/v2\/product_brand?post=244356"},{"taxonomy":"product_cat","embeddable":true,"href":"https:\/\/aromasentia.com\/fr\/wp-json\/wp\/v2\/product_cat?post=244356"},{"taxonomy":"product_tag","embeddable":true,"href":"https:\/\/aromasentia.com\/fr\/wp-json\/wp\/v2\/product_tag?post=244356"}],"curies":[{"name":"wp","href":"https:\/\/api.w.org\/{rel}","templated":true}]}}