{"id":244328,"date":"2025-03-20T14:50:27","date_gmt":"2025-03-20T14:50:27","guid":{"rendered":"https:\/\/aromasentia.com\/product\/10-ml-eucalyptus-essential-oil\/"},"modified":"2025-06-23T19:22:59","modified_gmt":"2025-06-23T19:22:59","slug":"eucalyptus-huile-essentielle-10ml","status":"publish","type":"product","link":"https:\/\/aromasentia.com\/fr\/eucalyptus-huile-essentielle-10ml\/","title":{"rendered":"Eucalyptus &#8211; Huile Essentielle 10ml"},"content":{"rendered":"<p><strong>Nom latin :<\/strong> Eucalyptus Globulus&nbsp;<\/p>\n<p><strong>Partie de la plante utilis\u00e9e : <\/strong>feuilles et brindilles&nbsp;<\/p>\n<p><strong>Provenance : <\/strong>Chine&nbsp;<\/p>\n<p><strong>M\u00e9thode d&rsquo;extraction :<\/strong> Distillation \u00e0 la vapeur&nbsp;<\/p>\n<p>L&rsquo;huile essentielle d&rsquo;eucalyptus en gros est un liquide concentr\u00e9 contenant des compos\u00e9s aromatiques volatils de l&rsquo;arbre Eucalyptus Globulus. C&rsquo;est g\u00e9n\u00e9ralement distill\u00e9, parfois exprim\u00e9 ou extrait par solvant. L&rsquo;huile essentielle d&rsquo;eucalyptus serait antibact\u00e9rienne, d\u00e9sinfectante et antalgique. Il a \u00e9t\u00e9 utilis\u00e9 pour soulager la toux, le rhume et d&rsquo;autres troubles respiratoires. Elle apaise les douleurs musculaires et articulaires et aide \u00e0 cicatriser les plaies, les br\u00fblures, les ulc\u00e8res et les piq\u00fbres d&rsquo;insectes. Dans on dit que l&rsquo;eucalyptus d&rsquo;aromath\u00e9rapie favorise l&rsquo;activit\u00e9, la vitalit\u00e9 et l&rsquo;\u00e9nergie. Pour les troubles respiratoires, quelques gouttes de cette huile d\u00e9pos\u00e9es sur un chiffon peuvent \u00eatre inhal\u00e9es par la bouche et expir\u00e9es par le nez pendant une demi-minute. Il est appliqu\u00e9 directement sur les plaies, les \u00e9ruptions cutan\u00e9es et les insectes morsures. Ajoutez quelques gouttes \u00e0 l&rsquo;eau de votre bain pour vous sentir revigor\u00e9 et rafra\u00eechi. Trempez vos pieds endoloris dans une bassine d&rsquo;eau ti\u00e8de avec 4-5 gouttes de cette huile pour le soulagement. On dit que quelques gouttes d&rsquo;huile dans un diffuseur tuer les germes et les bact\u00e9ries en suspension dans l&rsquo;air, une bonne id\u00e9e pour une chambre de malade. L&rsquo;huile essentielle d&rsquo;eucalyptus est \u00e0 usage externe uniquement ; consultez toujours un praticien autoris\u00e9 lorsque vous l&rsquo;utilisez comme rem\u00e8de de sant\u00e9. Les huiles essentielles ont jou\u00e9 un r\u00f4le dans la gu\u00e9rison dans les temps anciens en \u00e9gypte, en Chine et dans d&rsquo;autres parties du monde. On dit qu&rsquo;ils sont la plus ancienne forme de m\u00e9decine et de cosm\u00e9tique, car ils sont distill\u00e9s \u00e0 partir de plantes, n&rsquo;impliquant pas de processus ou de machines compliqu\u00e9s, mais n\u00e9anmoins un art. Pour leurs propri\u00e9t\u00e9s curatives et aromatiques, ils \u00e9taient consid\u00e9r\u00e9s comme plus pr\u00e9cieux que l&rsquo;or pour les anciens.&nbsp;<\/p>\n<p><strong>NB :<\/strong> Nos Huiles Essentielles ne conviennent pas \u00e0 un usage interne.<\/p>\n","protected":false},"excerpt":{"rendered":"<p>Nom latin : Eucalyptus Globulus&nbsp; Partie de la plante utilis\u00e9e : feuilles et brindilles&nbsp; Provenance : Chine&nbsp; M\u00e9thode d&rsquo;extraction : Distillation \u00e0 la vapeur&nbsp; L&rsquo;huile essentielle d&rsquo;eucalyptus en gros est un liquide concentr\u00e9 contenant des compos\u00e9s aromatiques volatils de l&rsquo;arbre Eucalyptus Globulus. C&rsquo;est g\u00e9n\u00e9ralement distill\u00e9, parfois exprim\u00e9 ou extrait par solvant. L&rsquo;huile essentielle d&rsquo;eucalyptus serait [&hellip;]<\/p>\n","protected":false},"featured_media":260958,"comment_status":"closed","ping_status":"open","template":"","meta":{"_angie_page":false},"product_brand":[27093],"product_cat":[16450,26180,23646,26867,25842],"product_tag":[],"class_list":{"0":"post-244328","1":"product","2":"type-product","3":"status-publish","4":"has-post-thumbnail","6":"product_brand-ancient-wisdom","7":"product_cat-aromatherapie-et-parfums-d-ambiance","8":"product_cat-eucalyptus","9":"product_cat-huiles-essentielles","10":"product_cat-medicinal-camphre","11":"product_cat-senteurs-aromes","12":"pa_collection-aromatherapy-essential-oils-10ml-fr","13":"pa_made-in-chine","14":"pa_size-10ml","16":"first","17":"instock","18":"purchasable","19":"product-type-simple"},"supplier_id":null,"supplier_sku":"EO-03","barcode":null,"atum_controlled":true,"out_stock_date":null,"out_stock_threshold":null,"inheritable":false,"inbound_stock":null,"stock_on_hold":0,"sold_today":0,"sales_last_days":0,"reserved_stock":null,"customer_returns":null,"warehouse_damage":null,"lost_in_post":null,"other_logs":null,"out_stock_days":0,"lost_sales":0,"has_location":null,"update_date":"2026-05-08T05:07:21","atum_locations":[],"atum_stock_status":"instock","restock_status":false,"low_stock_amount":"","sales_update_date":"2026-01-30T01:26:14","calc_backorders":null,"_links":{"self":[{"href":"https:\/\/aromasentia.com\/fr\/wp-json\/wp\/v2\/product\/244328","targetHints":{"allow":["GET"]}}],"collection":[{"href":"https:\/\/aromasentia.com\/fr\/wp-json\/wp\/v2\/product"}],"about":[{"href":"https:\/\/aromasentia.com\/fr\/wp-json\/wp\/v2\/types\/product"}],"replies":[{"embeddable":true,"href":"https:\/\/aromasentia.com\/fr\/wp-json\/wp\/v2\/comments?post=244328"}],"version-history":[{"count":0,"href":"https:\/\/aromasentia.com\/fr\/wp-json\/wp\/v2\/product\/244328\/revisions"}],"wp:featuredmedia":[{"embeddable":true,"href":"https:\/\/aromasentia.com\/fr\/wp-json\/wp\/v2\/media\/260958"}],"wp:attachment":[{"href":"https:\/\/aromasentia.com\/fr\/wp-json\/wp\/v2\/media?parent=244328"}],"wp:term":[{"taxonomy":"product_brand","embeddable":true,"href":"https:\/\/aromasentia.com\/fr\/wp-json\/wp\/v2\/product_brand?post=244328"},{"taxonomy":"product_cat","embeddable":true,"href":"https:\/\/aromasentia.com\/fr\/wp-json\/wp\/v2\/product_cat?post=244328"},{"taxonomy":"product_tag","embeddable":true,"href":"https:\/\/aromasentia.com\/fr\/wp-json\/wp\/v2\/product_tag?post=244328"}],"curies":[{"name":"wp","href":"https:\/\/api.w.org\/{rel}","templated":true}]}}