{"id":244288,"date":"2025-03-20T14:51:04","date_gmt":"2025-03-20T14:51:04","guid":{"rendered":"https:\/\/aromasentia.com\/product\/10-ml-chamomile-roman-pure-essential-oil\/"},"modified":"2025-06-23T19:22:52","modified_gmt":"2025-06-23T19:22:52","slug":"camomille-romaine-pure-huile-essentielle-10ml","status":"publish","type":"product","link":"https:\/\/aromasentia.com\/fr\/camomille-romaine-pure-huile-essentielle-10ml\/","title":{"rendered":"Camomille Romaine Pure &#8211; Huile Essentielle 10ml"},"content":{"rendered":"<p><strong>Nom latin :<\/strong> Anthemis Nobilis&nbsp;<\/p>\n<p><strong>Partie de la plante utilis\u00e9e :<\/strong> fleurs&nbsp;<\/p>\n<p><strong>Provenance :<\/strong> Angleterre&nbsp;<\/p>\n<p><strong>M\u00e9thode d&rsquo;extraction :<\/strong> Distillation \u00e0 la vapeur&nbsp;<\/p>\n<p>La camomille romaine donne une huile essentielle qui est bleu clair lorsqu&rsquo;elle est fra\u00eeche. Il peut \u00eatre extrait de la fleur et des parties sup\u00e9rieures de la plante. Il a d&rsquo;excellentes propri\u00e9t\u00e9s calmantes et on dit qu&rsquo;il soulage l&rsquo;irritation, l&rsquo;impatience et qu&rsquo;il aide le SPM et d&rsquo;autres probl\u00e8mes menstruels et m\u00e9nopausiques. La camomille romaine est une plante \u00e0 feuilles persistantes avec une odeur de pomme fra\u00eeche et est principalement cultiv\u00e9e en France, en Belgique et en Europe de l&rsquo;Est. Cette herbe est excellente pour les probl\u00e8mes de peau comme l&rsquo;acn\u00e9, l&rsquo;ecz\u00e9ma, les \u00e9ruptions cutan\u00e9es, les plaies, la dermatite, la peau s\u00e8che\/qui d\u00e9mange et toute allergie. On dit qu&rsquo;il est bon pour les douleurs abdominales, les probl\u00e8mes de v\u00e9sicule biliaire et les infections de la gorge et qu&rsquo;il aide \u00e0 soulager les allergies, le rhume des foins et l&rsquo;asthme. L&rsquo;Huile Essentielle de Camomille Romaine est utile en solution dilu\u00e9e pour calmer les enfants souffrant de coliques, d&rsquo;irritabilit\u00e9, de diarrh\u00e9e et de pouss\u00e9es dentaires. En vaporisateur, elle calme les maux de t\u00eate, les troubles nerveux et les migraines. Bien que cette huile soit suffisamment douce pour \u00eatre utilis\u00e9e avec des enfants et des b\u00e9b\u00e9s, consultez toujours un expert avant de l&rsquo;administrer. L&rsquo;utilisation m\u00e9dicinale de la camomille remonte \u00e0 des milliers d&rsquo;ann\u00e9es chez les anciens \u00e9gyptiens, Romains et Grecs. Les \u00e9gyptiens le d\u00e9diaient au dieu solaire. Un document papyrus datant de 2800 avant JC enregistre l&rsquo;utilisation de la camomille pour traiter les troubles cutan\u00e9s. L&rsquo;huile de camomille \u00e9tait utilis\u00e9e pour embaumer les corps. Hippocrate, le grand m\u00e9decin grec, aurait utilis\u00e9 la camomille comme rem\u00e8de \u00e0 base de plantes. Dans la mythologie, la camomille est l&rsquo;une des neuf herbes sacr\u00e9es donn\u00e9es par Wodan, le dieu des enfers, aux mortels pour am\u00e9liorer leur vie. <strong>NB : <\/strong>Nos Huiles Essentielles ne conviennent pas \u00e0 un usage interne.<\/p>\n","protected":false},"excerpt":{"rendered":"<p>Nom latin : Anthemis Nobilis&nbsp; Partie de la plante utilis\u00e9e : fleurs&nbsp; Provenance : Angleterre&nbsp; M\u00e9thode d&rsquo;extraction : Distillation \u00e0 la vapeur&nbsp; La camomille romaine donne une huile essentielle qui est bleu clair lorsqu&rsquo;elle est fra\u00eeche. Il peut \u00eatre extrait de la fleur et des parties sup\u00e9rieures de la plante. Il a d&rsquo;excellentes propri\u00e9t\u00e9s calmantes [&hellip;]<\/p>\n","protected":false},"featured_media":261230,"comment_status":"closed","ping_status":"open","template":"","meta":{"_angie_page":false},"product_brand":[27093],"product_cat":[16450,26126,26832,23646,25842],"product_tag":[],"class_list":{"0":"post-244288","1":"product","2":"type-product","3":"status-publish","4":"has-post-thumbnail","6":"product_brand-ancient-wisdom","7":"product_cat-aromatherapie-et-parfums-d-ambiance","8":"product_cat-camomille-romaine","9":"product_cat-floral","10":"product_cat-huiles-essentielles","11":"product_cat-senteurs-aromes","12":"pa_collection-aromatherapy-essential-oils-10ml-fr","13":"pa_made-in-chili","14":"pa_size-10ml","16":"first","17":"instock","18":"purchasable","19":"product-type-simple"},"supplier_id":null,"supplier_sku":"EO-19","barcode":null,"atum_controlled":true,"out_stock_date":null,"out_stock_threshold":null,"inheritable":false,"inbound_stock":0,"stock_on_hold":0,"sold_today":0,"sales_last_days":0,"reserved_stock":0,"customer_returns":0,"warehouse_damage":0,"lost_in_post":0,"other_logs":0,"out_stock_days":0,"lost_sales":0,"has_location":false,"update_date":"2026-04-27T07:00:40","atum_locations":[],"atum_stock_status":"instock","restock_status":false,"low_stock_amount":"","sales_update_date":"2026-01-30T01:26:16","calc_backorders":null,"_links":{"self":[{"href":"https:\/\/aromasentia.com\/fr\/wp-json\/wp\/v2\/product\/244288","targetHints":{"allow":["GET"]}}],"collection":[{"href":"https:\/\/aromasentia.com\/fr\/wp-json\/wp\/v2\/product"}],"about":[{"href":"https:\/\/aromasentia.com\/fr\/wp-json\/wp\/v2\/types\/product"}],"replies":[{"embeddable":true,"href":"https:\/\/aromasentia.com\/fr\/wp-json\/wp\/v2\/comments?post=244288"}],"version-history":[{"count":0,"href":"https:\/\/aromasentia.com\/fr\/wp-json\/wp\/v2\/product\/244288\/revisions"}],"wp:featuredmedia":[{"embeddable":true,"href":"https:\/\/aromasentia.com\/fr\/wp-json\/wp\/v2\/media\/261230"}],"wp:attachment":[{"href":"https:\/\/aromasentia.com\/fr\/wp-json\/wp\/v2\/media?parent=244288"}],"wp:term":[{"taxonomy":"product_brand","embeddable":true,"href":"https:\/\/aromasentia.com\/fr\/wp-json\/wp\/v2\/product_brand?post=244288"},{"taxonomy":"product_cat","embeddable":true,"href":"https:\/\/aromasentia.com\/fr\/wp-json\/wp\/v2\/product_cat?post=244288"},{"taxonomy":"product_tag","embeddable":true,"href":"https:\/\/aromasentia.com\/fr\/wp-json\/wp\/v2\/product_tag?post=244288"}],"curies":[{"name":"wp","href":"https:\/\/api.w.org\/{rel}","templated":true}]}}