{"id":244276,"date":"2025-03-20T14:51:04","date_gmt":"2025-03-20T14:51:04","guid":{"rendered":"https:\/\/aromasentia.com\/product\/10-ml-fennel-essential-oil\/"},"modified":"2025-06-23T19:22:49","modified_gmt":"2025-06-23T19:22:49","slug":"fenouil-huile-essentielle-10ml","status":"publish","type":"product","link":"https:\/\/aromasentia.com\/fr\/fenouil-huile-essentielle-10ml\/","title":{"rendered":"Fenouil &#8211; Huile Essentielle 10ml"},"content":{"rendered":"<p><strong><span style=\"color: rgb(75, 80, 88);\">Nom latin : Foeniculum Vulgare&nbsp;<\/span><\/strong><\/p>\n<p><span style=\"color: rgb(75, 80, 88);\"><strong>Partie de la plante utilis\u00e9e : graines broy\u00e9es&nbsp;<\/strong><\/span><\/p>\n<p><span style=\"color: rgb(75, 80, 88);\"><strong>Source : Ukraine&nbsp;<\/strong><\/span><\/p>\n<p><strong><span style=\"color: rgb(75, 80, 88);\">M\u00e9thode d&rsquo;extraction : Distillation \u00e0 la vapeur <\/span><\/strong><\/p>\n<p>L&rsquo;Huile Essentielle de Fenouil en gros est extraite de la plante Foeniculum vulgare var. dulce, qui est du fenouil doux, \u00e9galement connu sous le nom de fenouil romain. Il est extrait des graines broy\u00e9es par distillation \u00e0 la vapeur. L&rsquo;huile, comme les graines, est bonne pour la digestion ainsi que pour une foule d&rsquo;autres maux. Il est utilis\u00e9 en aromath\u00e9rapie pour traiter les peaux grasses, les rides et l&rsquo;ob\u00e9sit\u00e9. On dit qu&rsquo;il stimule le courage, la d\u00e9termination et la force.&nbsp;<\/p>\n<p>Cette huile est un rem\u00e8de populaire pour les probl\u00e8mes digestifs comme les flatulences, la constipation, les coliques, les naus\u00e9es, les vomissements, l&rsquo;anorexie et la dyspepsie. Il aide \u00e9galement \u00e0 perdre du poids car il est cens\u00e9 favoriser la sensation d&rsquo;un estomac plein. On pense que son effet diur\u00e9tique aide \u00e0 disperser la cellulite. <strong><span style=\"color: rgb(75, 80, 88);\">L<\/span><\/strong><strong><span style=\"color: rgb(75, 80, 88);\"><strong>&lsquo;<\/strong>huile de fenouil <\/span><\/strong>est cens\u00e9e tonifier la rate et le foie. Il a un effet nettoyant et tonifiant sur la peau et soulage les ecchymoses.&nbsp;<\/p>\n<p>Veuillez noter que cette huile ne doit pas \u00eatre utilis\u00e9e \u00e0 fortes doses et doit \u00eatre \u00e9vit\u00e9e pendant la grossesse, l&rsquo;allaitement et les personnes souffrant de cancer du sein et d&rsquo;\u00e9pilepsie. Le mot fenouil vient du latin &laquo; foenum &raquo;, qui signifie &laquo; foin &raquo;. \u00e0 l&rsquo;\u00e9poque m\u00e9di\u00e9vale, il \u00e9tait connu sous le nom de &laquo; Fenkle &raquo;. C&rsquo;\u00e9tait une herbe populaire utilis\u00e9e par les anciens Chinois, \u00e9gyptiens et Romains, qui croyaient que le fenouil aidait \u00e0 prolonger la vie et am\u00e9liorait le courage et la force d&rsquo;une personne. On croyait aussi qu&rsquo;il \u00e9loignait les mauvais esprits.&nbsp;<\/p>\n<p>On dit que le fenouil \u00e9tait utilis\u00e9 pour renforcer la vue, soigner les morsures de serpent et soulager les coliques. En Inde, les graines de fenouil nature, r\u00f4ties ou enrob\u00e9es de menthe, appel\u00e9es &laquo; saunf &raquo;, sont souvent servies apr\u00e8s les repas pour faciliter la digestion.&nbsp;<\/p>\n<p><strong><span style=\"color: rgb(141, 186, 216);\">NB : Nos Huiles Essentielles ne conviennent pas \u00e0 un usage interne.<\/span><\/strong><\/p>\n","protected":false},"excerpt":{"rendered":"<p>Nom latin : Foeniculum Vulgare&nbsp; Partie de la plante utilis\u00e9e : graines broy\u00e9es&nbsp; Source : Ukraine&nbsp; M\u00e9thode d&rsquo;extraction : Distillation \u00e0 la vapeur L&rsquo;Huile Essentielle de Fenouil en gros est extraite de la plante Foeniculum vulgare var. dulce, qui est du fenouil doux, \u00e9galement connu sous le nom de fenouil romain. Il est extrait des [&hellip;]<\/p>\n","protected":false},"featured_media":261187,"comment_status":"closed","ping_status":"open","template":"","meta":[],"product_brand":[27093],"product_cat":[16450,26185,26860,23646,25842],"product_tag":[],"class_list":{"0":"post-244276","1":"product","2":"type-product","3":"status-publish","4":"has-post-thumbnail","6":"product_brand-ancient-wisdom","7":"product_cat-aromatherapie-et-parfums-d-ambiance","8":"product_cat-fenouil","9":"product_cat-herbes-aromatiques","10":"product_cat-huiles-essentielles","11":"product_cat-senteurs-aromes","12":"pa_collection-aromatherapy-essential-oils-10ml-fr","13":"pa_made-in-ukraine","14":"pa_size-10ml","16":"first","17":"instock","18":"purchasable","19":"product-type-simple"},"supplier_id":null,"supplier_sku":"EO-16","barcode":null,"atum_controlled":true,"out_stock_date":null,"out_stock_threshold":null,"inheritable":false,"inbound_stock":null,"stock_on_hold":0,"sold_today":0,"sales_last_days":0,"reserved_stock":null,"customer_returns":null,"warehouse_damage":null,"lost_in_post":null,"other_logs":null,"out_stock_days":0,"lost_sales":0,"has_location":null,"update_date":"2026-02-09T17:00:06","atum_locations":[],"atum_stock_status":"instock","restock_status":false,"low_stock_amount":"","sales_update_date":"2025-09-03T00:27:38","calc_backorders":null,"_links":{"self":[{"href":"https:\/\/aromasentia.com\/fr\/wp-json\/wp\/v2\/product\/244276","targetHints":{"allow":["GET"]}}],"collection":[{"href":"https:\/\/aromasentia.com\/fr\/wp-json\/wp\/v2\/product"}],"about":[{"href":"https:\/\/aromasentia.com\/fr\/wp-json\/wp\/v2\/types\/product"}],"replies":[{"embeddable":true,"href":"https:\/\/aromasentia.com\/fr\/wp-json\/wp\/v2\/comments?post=244276"}],"version-history":[{"count":0,"href":"https:\/\/aromasentia.com\/fr\/wp-json\/wp\/v2\/product\/244276\/revisions"}],"wp:featuredmedia":[{"embeddable":true,"href":"https:\/\/aromasentia.com\/fr\/wp-json\/wp\/v2\/media\/261187"}],"wp:attachment":[{"href":"https:\/\/aromasentia.com\/fr\/wp-json\/wp\/v2\/media?parent=244276"}],"wp:term":[{"taxonomy":"product_brand","embeddable":true,"href":"https:\/\/aromasentia.com\/fr\/wp-json\/wp\/v2\/product_brand?post=244276"},{"taxonomy":"product_cat","embeddable":true,"href":"https:\/\/aromasentia.com\/fr\/wp-json\/wp\/v2\/product_cat?post=244276"},{"taxonomy":"product_tag","embeddable":true,"href":"https:\/\/aromasentia.com\/fr\/wp-json\/wp\/v2\/product_tag?post=244276"}],"curies":[{"name":"wp","href":"https:\/\/api.w.org\/{rel}","templated":true}]}}