{"id":244264,"date":"2025-03-20T14:51:35","date_gmt":"2025-03-20T14:51:35","guid":{"rendered":"https:\/\/aromasentia.com\/product\/10-ml-rosewood-essential-oil\/"},"modified":"2025-06-23T19:22:48","modified_gmt":"2025-06-23T19:22:48","slug":"bois-de-rose-huile-essentielle-10ml","status":"publish","type":"product","link":"https:\/\/aromasentia.com\/fr\/bois-de-rose-huile-essentielle-10ml\/","title":{"rendered":"Bois de Rose &#8211; Huile Essentielle 10ml"},"content":{"rendered":"<p><strong><span style=\"color: rgb(75, 80, 88);\">Nom latin<\/span><\/strong> : Aniba Rosaeodora&nbsp;<\/p>\n<p><strong><span style=\"color: rgb(75, 80, 88);\">Partie de la plante utilis\u00e9e<\/span><\/strong> : bois&nbsp;<\/p>\n<p><strong><span style=\"color: rgb(75, 80, 88);\">Source<\/span><\/strong> : Br\u00e9sil&nbsp;<\/p>\n<p><strong><span style=\"color: rgb(75, 80, 88);\">M\u00e9thode d&rsquo;extraction<\/span><\/strong> : Distillation \u00e0 la vapeur&nbsp;<\/p>\n<p>Les bienfaits pour la sant\u00e9 de <strong><span style=\"color: rgb(75, 80, 88);\">l&rsquo;Huile Essentielle de Bois de Rose <\/span><\/strong>peuvent \u00eatre attribu\u00e9s \u00e0 ses propri\u00e9t\u00e9s en tant qu&rsquo;analg\u00e9sique, antid\u00e9presseur, antiseptique, aphrodisiaque, antibact\u00e9rien, c\u00e9phalique, d\u00e9odorant, insecticide et stimulant. Il est extrait du palissandre.&nbsp;<\/p>\n<p>L&rsquo;huile essentielle de bois de rose peut \u00e9liminer votre d\u00e9pression et vous faire sourire en quelques minutes. L&rsquo;ar\u00f4me doux, sucr\u00e9, \u00e9pic\u00e9 et floral de cette huile fait l&rsquo;affaire, et est donc favoris\u00e9e par les sp\u00e9cialistes de l&rsquo;aromath\u00e9rapie. <strong><span style=\"color: rgb(75, 80, 88);\">Il chasse la tristesse et la d\u00e9ception et vous pr\u00e9pare \u00e0 affronter la vie avec une perspective nouvelle et positive. <\/span><\/strong><\/p>\n<p>Cela peut \u00eatre tr\u00e8s bon pour ceux qui ont r\u00e9cemment \u00e9chou\u00e9 ou qui se sentent d\u00e9prim\u00e9s, que ce soit sur le plan acad\u00e9mique, professionnel ou relationnel. Bien que peu puissante, cette huile sert d&rsquo;analg\u00e9sique l\u00e9ger et peut vous soulager de l\u00e9gers maux de t\u00eate, de dents et de douleurs musculaires et articulaires.&nbsp;<\/p>\n<p>Cette huile peut garder votre cerveau frais, actif, vif et alerte et peut \u00e9galement \u00e9liminer les maux de t\u00eate. Cela am\u00e9liorera \u00e9galement votre m\u00e9moire et contribuera \u00e0 vous prot\u00e9ger des troubles n\u00e9vrotiques.&nbsp;<\/p>\n<p>Cette huile a des propri\u00e9t\u00e9s insecticides et peut tuer de petits insectes comme les moustiques, les poux, les punaises de lit, les puces et les fourmis. Vous pouvez \u00e9galement l&rsquo;utiliser dans les vaporisateurs, les vaporisateurs, les d\u00e9sodorisants et les nettoyants pour sols. S&rsquo;il est frott\u00e9 sur la peau, il \u00e9loigne \u00e9galement les moustiques.&nbsp;<\/p>\n<p><strong><span style=\"color: rgb(141, 186, 216);\">NB : Nos Huiles Essentielles ne conviennent pas \u00e0 un usage interne.<\/span><\/strong><\/p>\n","protected":false},"excerpt":{"rendered":"<p>Nom latin : Aniba Rosaeodora&nbsp; Partie de la plante utilis\u00e9e : bois&nbsp; Source : Br\u00e9sil&nbsp; M\u00e9thode d&rsquo;extraction : Distillation \u00e0 la vapeur&nbsp; Les bienfaits pour la sant\u00e9 de l&rsquo;Huile Essentielle de Bois de Rose peuvent \u00eatre attribu\u00e9s \u00e0 ses propri\u00e9t\u00e9s en tant qu&rsquo;analg\u00e9sique, antid\u00e9presseur, antiseptique, aphrodisiaque, antibact\u00e9rien, c\u00e9phalique, d\u00e9odorant, insecticide et stimulant. Il est extrait [&hellip;]<\/p>\n","protected":false},"featured_media":261546,"comment_status":"closed","ping_status":"open","template":"","meta":{"_angie_page":false},"product_brand":[27093],"product_cat":[16450,26377,26895,23646,25842],"product_tag":[],"class_list":{"0":"post-244264","1":"product","2":"type-product","3":"status-publish","4":"has-post-thumbnail","6":"product_brand-ancient-wisdom","7":"product_cat-aromatherapie-et-parfums-d-ambiance","8":"product_cat-bois-de-rose","9":"product_cat-boise","10":"product_cat-huiles-essentielles","11":"product_cat-senteurs-aromes","12":"pa_collection-aromatherapy-essential-oils-10ml-fr","13":"pa_made-in-inde","14":"pa_size-10ml","16":"first","17":"instock","18":"purchasable","19":"product-type-simple"},"supplier_id":null,"supplier_sku":"EO-39","barcode":null,"atum_controlled":true,"out_stock_date":null,"out_stock_threshold":null,"inheritable":false,"inbound_stock":null,"stock_on_hold":0,"sold_today":0,"sales_last_days":0,"reserved_stock":null,"customer_returns":null,"warehouse_damage":null,"lost_in_post":null,"other_logs":null,"out_stock_days":0,"lost_sales":0,"has_location":null,"update_date":"2026-04-27T07:00:49","atum_locations":[],"atum_stock_status":"instock","restock_status":false,"low_stock_amount":"","sales_update_date":"2025-09-03T00:27:46","calc_backorders":null,"_links":{"self":[{"href":"https:\/\/aromasentia.com\/fr\/wp-json\/wp\/v2\/product\/244264","targetHints":{"allow":["GET"]}}],"collection":[{"href":"https:\/\/aromasentia.com\/fr\/wp-json\/wp\/v2\/product"}],"about":[{"href":"https:\/\/aromasentia.com\/fr\/wp-json\/wp\/v2\/types\/product"}],"replies":[{"embeddable":true,"href":"https:\/\/aromasentia.com\/fr\/wp-json\/wp\/v2\/comments?post=244264"}],"version-history":[{"count":0,"href":"https:\/\/aromasentia.com\/fr\/wp-json\/wp\/v2\/product\/244264\/revisions"}],"wp:featuredmedia":[{"embeddable":true,"href":"https:\/\/aromasentia.com\/fr\/wp-json\/wp\/v2\/media\/261546"}],"wp:attachment":[{"href":"https:\/\/aromasentia.com\/fr\/wp-json\/wp\/v2\/media?parent=244264"}],"wp:term":[{"taxonomy":"product_brand","embeddable":true,"href":"https:\/\/aromasentia.com\/fr\/wp-json\/wp\/v2\/product_brand?post=244264"},{"taxonomy":"product_cat","embeddable":true,"href":"https:\/\/aromasentia.com\/fr\/wp-json\/wp\/v2\/product_cat?post=244264"},{"taxonomy":"product_tag","embeddable":true,"href":"https:\/\/aromasentia.com\/fr\/wp-json\/wp\/v2\/product_tag?post=244264"}],"curies":[{"name":"wp","href":"https:\/\/api.w.org\/{rel}","templated":true}]}}