{"id":244252,"date":"2025-03-20T14:51:35","date_gmt":"2025-03-20T14:51:35","guid":{"rendered":"https:\/\/aromasentia.com\/product\/10-ml-palmarosa-essential-oil\/"},"modified":"2025-06-23T19:22:46","modified_gmt":"2025-06-23T19:22:46","slug":"palma-rosa-huile-essentielle-10ml","status":"publish","type":"product","link":"https:\/\/aromasentia.com\/fr\/palma-rosa-huile-essentielle-10ml\/","title":{"rendered":"Palma Rosa &#8211; Huile Essentielle 10ml"},"content":{"rendered":"<p><strong><span style=\"color: rgb(75, 80, 88);\">Nom latin<\/span><\/strong> : Cymbopogon Martinii&nbsp;<\/p>\n<p><strong><span style=\"color: rgb(75, 80, 88);\">Partie de la plante utilis\u00e9e<\/span><\/strong> : herbe&nbsp;<\/p>\n<p><strong><span style=\"color: rgb(75, 80, 88);\">Provenance<\/span><\/strong> : Inde&nbsp;<\/p>\n<p><strong><span style=\"color: rgb(75, 80, 88);\">M\u00e9thode d&rsquo;extraction<\/span><\/strong> : Distillation \u00e0 la vapeur&nbsp;<\/p>\n<p><strong><span style=\"color: rgb(75, 80, 88);\">L&rsquo;huile essentielle de Palmarosa<\/span><\/strong> en gros a un parfum de rose qui en fait un bel ajout \u00e0 votre collection d&rsquo;huiles essentielles. Il est connu pour ses bienfaits naturels sur la peau. Palmarosa est l&rsquo;un des principaux d\u00e9fenseurs naturels de la sant\u00e9 de la peau. Il r\u00e9gule l&rsquo;hydratation de la peau et la production de s\u00e9bum, et est donc utile pour les peaux s\u00e8ches et grasses.&nbsp;<\/p>\n<p>C&rsquo;est la raison pour laquelle l&rsquo;huile essentielle de Palmarosa est ajout\u00e9e aux produits pour la peau tels que savons, cr\u00e8mes, etc. Offrant des bienfaits pour le renouvellement cellulaire, l&rsquo;huile essentielle de Palmarosa nourrit et restaure la sant\u00e9 et l&rsquo;harmonie de la peau. Il est \u00e9galement connu pour sa capacit\u00e9 \u00e0 rajeunir les pieds fatigu\u00e9s et endoloris, ce qui en fait un excellent bain de pieds.&nbsp;<\/p>\n<p>Ayant \u00e0 la fois des effets calmants et \u00e9difiants, c&rsquo;est un tonique pour le c\u0153ur et l&rsquo;esprit. Il favorise le sommeil profond, \u00e9l\u00e8ve, calme et installe l&rsquo;humeur et offre un confort et un soutien pour les cycles f\u00e9minins. En m\u00eame temps, il soutient une r\u00e9ponse de bien-\u00eatre saine rendant palmarosa capable d&rsquo;aider \u00e0 acc\u00e9l\u00e9rer le temps de r\u00e9cup\u00e9ration pendant la saison hivernale difficile.&nbsp;<\/p>\n<p>Rafra\u00eechissant et humidifiant par essence, le palmarosa peut offrir un soulagement des afflictions mentales de l&rsquo;ins\u00e9curit\u00e9, du chagrin ou de la d\u00e9fensive.&nbsp;<\/p>\n<p><strong><span style=\"color: rgb(141, 186, 216);\">NB : Nos Huiles Essentielles ne conviennent pas \u00e0 un usage interne.<\/span><\/strong><\/p>\n","protected":false},"excerpt":{"rendered":"<p>Nom latin : Cymbopogon Martinii&nbsp; Partie de la plante utilis\u00e9e : herbe&nbsp; Provenance : Inde&nbsp; M\u00e9thode d&rsquo;extraction : Distillation \u00e0 la vapeur&nbsp; L&rsquo;huile essentielle de Palmarosa en gros a un parfum de rose qui en fait un bel ajout \u00e0 votre collection d&rsquo;huiles essentielles. Il est connu pour ses bienfaits naturels sur la peau. Palmarosa [&hellip;]<\/p>\n","protected":false},"featured_media":261503,"comment_status":"closed","ping_status":"open","template":"","meta":{"_angie_page":false},"product_brand":[27093],"product_cat":[16450,26832,23646,26316,25842],"product_tag":[],"class_list":{"0":"post-244252","1":"product","2":"type-product","3":"status-publish","4":"has-post-thumbnail","6":"product_brand-ancient-wisdom","7":"product_cat-aromatherapie-et-parfums-d-ambiance","8":"product_cat-floral","9":"product_cat-huiles-essentielles","10":"product_cat-palmarosa","11":"product_cat-senteurs-aromes","12":"pa_collection-aromatherapy-essential-oils-10ml-fr","13":"pa_made-in-inde","14":"pa_size-10ml","16":"first","17":"instock","18":"purchasable","19":"product-type-simple"},"supplier_id":null,"supplier_sku":"EO-36","barcode":null,"atum_controlled":true,"out_stock_date":null,"out_stock_threshold":null,"inheritable":false,"inbound_stock":null,"stock_on_hold":0,"sold_today":0,"sales_last_days":0,"reserved_stock":null,"customer_returns":null,"warehouse_damage":null,"lost_in_post":null,"other_logs":null,"out_stock_days":0,"lost_sales":0,"has_location":null,"update_date":"2026-04-27T07:00:40","atum_locations":[],"atum_stock_status":"instock","restock_status":false,"low_stock_amount":"","sales_update_date":"2025-09-03T00:27:46","calc_backorders":null,"_links":{"self":[{"href":"https:\/\/aromasentia.com\/fr\/wp-json\/wp\/v2\/product\/244252","targetHints":{"allow":["GET"]}}],"collection":[{"href":"https:\/\/aromasentia.com\/fr\/wp-json\/wp\/v2\/product"}],"about":[{"href":"https:\/\/aromasentia.com\/fr\/wp-json\/wp\/v2\/types\/product"}],"replies":[{"embeddable":true,"href":"https:\/\/aromasentia.com\/fr\/wp-json\/wp\/v2\/comments?post=244252"}],"version-history":[{"count":0,"href":"https:\/\/aromasentia.com\/fr\/wp-json\/wp\/v2\/product\/244252\/revisions"}],"wp:featuredmedia":[{"embeddable":true,"href":"https:\/\/aromasentia.com\/fr\/wp-json\/wp\/v2\/media\/261503"}],"wp:attachment":[{"href":"https:\/\/aromasentia.com\/fr\/wp-json\/wp\/v2\/media?parent=244252"}],"wp:term":[{"taxonomy":"product_brand","embeddable":true,"href":"https:\/\/aromasentia.com\/fr\/wp-json\/wp\/v2\/product_brand?post=244252"},{"taxonomy":"product_cat","embeddable":true,"href":"https:\/\/aromasentia.com\/fr\/wp-json\/wp\/v2\/product_cat?post=244252"},{"taxonomy":"product_tag","embeddable":true,"href":"https:\/\/aromasentia.com\/fr\/wp-json\/wp\/v2\/product_tag?post=244252"}],"curies":[{"name":"wp","href":"https:\/\/api.w.org\/{rel}","templated":true}]}}