{"id":244244,"date":"2025-03-20T14:51:35","date_gmt":"2025-03-20T14:51:35","guid":{"rendered":"https:\/\/aromasentia.com\/product\/10-ml-nutmeg-essential-oil\/"},"modified":"2025-06-23T19:22:43","modified_gmt":"2025-06-23T19:22:43","slug":"noix-de-muscade-huile-essentielle-10ml","status":"publish","type":"product","link":"https:\/\/aromasentia.com\/fr\/noix-de-muscade-huile-essentielle-10ml\/","title":{"rendered":"Noix de Muscade &#8211; Huile Essentielle 10ml"},"content":{"rendered":"<p><strong><span style=\"color: rgb(75, 80, 88);\">Nom latin<\/span><\/strong> : Myristica Fragrans&nbsp;<\/p>\n<p><strong><span style=\"color: rgb(75, 80, 88);\">Partie de la plante utilis\u00e9e<\/span><\/strong> : graine&nbsp;<\/p>\n<p><strong><span style=\"color: rgb(75, 80, 88);\">Source<\/span><\/strong> : Indon\u00e9sie&nbsp;<\/p>\n<p><strong><span style=\"color: rgb(75, 80, 88);\">M\u00e9thode d&rsquo;extraction<\/span><\/strong> : Distillation \u00e0 la vapeur&nbsp;<\/p>\n<p><strong><span style=\"color: rgb(75, 80, 88);\">L&rsquo;huile essentielle de noix de muscade<\/span><\/strong> en gros distill\u00e9e \u00e0 la vapeur est une huile chauffante qui, lorsqu&rsquo;elle est utilis\u00e9e judicieusement, est une merveilleuse huile essentielle \u00e0 utiliser pour aider \u00e0 <strong><span style=\"color: rgb(75, 80, 88);\">soulager les troubles digestifs, ainsi que les douleurs musculaires.<\/span><\/strong> Aromatiquement, l&rsquo;Huile Essentielle de Noix de Muscade est une huile essentielle chaude et \u00e9pic\u00e9e, douce et l\u00e9g\u00e8rement bois\u00e9e.&nbsp;<\/p>\n<p>Elle se marie \u00e0 merveille avec d&rsquo;autres huiles essentielles de la famille des \u00e9pices. Il se marie \u00e9galement bien avec les huiles essentielles florales, d&rsquo;agrumes et de bois. Il peut ajouter une belle caract\u00e9ristique \u00e9pic\u00e9e distinctive \u00e0 des m\u00e9langes autrement fades.&nbsp;<\/p>\n<p>Sur le plan \u00e9motionnel, l&rsquo;Huile Essentielle de Noix de Muscade peut \u00eatre une huile essentielle tr\u00e8s stimulante. Cela peut \u00eatre particuli\u00e8rement utile pour soutenir la motivation et la concentration pendant les p\u00e9riodes particuli\u00e8rement difficiles.&nbsp;<\/p>\n<p><strong><span style=\"color: rgb(141, 186, 216);\">NB : Nos Huiles Essentielles ne conviennent pas \u00e0 un usage interne.<\/span><\/strong><\/p>\n","protected":false},"excerpt":{"rendered":"<p>Nom latin : Myristica Fragrans&nbsp; Partie de la plante utilis\u00e9e : graine&nbsp; Source : Indon\u00e9sie&nbsp; M\u00e9thode d&rsquo;extraction : Distillation \u00e0 la vapeur&nbsp; L&rsquo;huile essentielle de noix de muscade en gros distill\u00e9e \u00e0 la vapeur est une huile chauffante qui, lorsqu&rsquo;elle est utilis\u00e9e judicieusement, est une merveilleuse huile essentielle \u00e0 utiliser pour aider \u00e0 soulager les [&hellip;]<\/p>\n","protected":false},"featured_media":261469,"comment_status":"closed","ping_status":"open","template":"","meta":{"_angie_page":false},"product_brand":[27093],"product_cat":[16450,26888,23646,26301,25842],"product_tag":[],"class_list":{"0":"post-244244","1":"product","2":"type-product","3":"status-publish","4":"has-post-thumbnail","6":"product_brand-ancient-wisdom","7":"product_cat-aromatherapie-et-parfums-d-ambiance","8":"product_cat-epice","9":"product_cat-huiles-essentielles","10":"product_cat-noix-de-muscade","11":"product_cat-senteurs-aromes","12":"pa_collection-aromatherapy-essential-oils-10ml-fr","13":"pa_made-in-indonesie","14":"pa_size-10ml","16":"first","17":"instock","18":"purchasable","19":"product-type-simple"},"supplier_id":null,"supplier_sku":"EO-34","barcode":null,"atum_controlled":true,"out_stock_date":null,"out_stock_threshold":null,"inheritable":false,"inbound_stock":null,"stock_on_hold":0,"sold_today":0,"sales_last_days":0,"reserved_stock":null,"customer_returns":null,"warehouse_damage":null,"lost_in_post":null,"other_logs":null,"out_stock_days":0,"lost_sales":0,"has_location":null,"update_date":"2026-04-30T01:02:51","atum_locations":[],"atum_stock_status":"instock","restock_status":false,"low_stock_amount":"","sales_update_date":"2025-09-03T00:27:45","calc_backorders":null,"_links":{"self":[{"href":"https:\/\/aromasentia.com\/fr\/wp-json\/wp\/v2\/product\/244244","targetHints":{"allow":["GET"]}}],"collection":[{"href":"https:\/\/aromasentia.com\/fr\/wp-json\/wp\/v2\/product"}],"about":[{"href":"https:\/\/aromasentia.com\/fr\/wp-json\/wp\/v2\/types\/product"}],"replies":[{"embeddable":true,"href":"https:\/\/aromasentia.com\/fr\/wp-json\/wp\/v2\/comments?post=244244"}],"version-history":[{"count":0,"href":"https:\/\/aromasentia.com\/fr\/wp-json\/wp\/v2\/product\/244244\/revisions"}],"wp:featuredmedia":[{"embeddable":true,"href":"https:\/\/aromasentia.com\/fr\/wp-json\/wp\/v2\/media\/261469"}],"wp:attachment":[{"href":"https:\/\/aromasentia.com\/fr\/wp-json\/wp\/v2\/media?parent=244244"}],"wp:term":[{"taxonomy":"product_brand","embeddable":true,"href":"https:\/\/aromasentia.com\/fr\/wp-json\/wp\/v2\/product_brand?post=244244"},{"taxonomy":"product_cat","embeddable":true,"href":"https:\/\/aromasentia.com\/fr\/wp-json\/wp\/v2\/product_cat?post=244244"},{"taxonomy":"product_tag","embeddable":true,"href":"https:\/\/aromasentia.com\/fr\/wp-json\/wp\/v2\/product_tag?post=244244"}],"curies":[{"name":"wp","href":"https:\/\/api.w.org\/{rel}","templated":true}]}}