{"id":244220,"date":"2025-03-20T14:51:35","date_gmt":"2025-03-20T14:51:35","guid":{"rendered":"https:\/\/aromasentia.com\/product\/10-ml-lemongrass-essential-oil\/"},"modified":"2025-06-23T19:22:40","modified_gmt":"2025-06-23T19:22:40","slug":"huile-essentielle-de-citronnelle-10ml","status":"publish","type":"product","link":"https:\/\/aromasentia.com\/fr\/huile-essentielle-de-citronnelle-10ml\/","title":{"rendered":"Huile Essentielle de Citronnelle 10ml"},"content":{"rendered":"<p><strong>Nom latin :<\/strong> Cymbopogon Citratus&nbsp;<\/p>\n<p><strong>Partie de la plante utilis\u00e9e :<\/strong> feuilles&nbsp;<\/p>\n<p><strong>Source :<\/strong> Guatemala&nbsp;<\/p>\n<p><strong>M\u00e9thode d&rsquo;extraction :<\/strong> Distillation \u00e0 la vapeur<\/p>\n<p>L&rsquo;huile essentielle de citronnelle en gros est extraite de Cymbopogon citratus, \u00e9galement connu sous le nom d&rsquo;&laquo; herbe \u00e0 huile &raquo;, \u00e0 partir des feuilles fra\u00eeches ou partiellement s\u00e9ch\u00e9es par distillation \u00e0 la vapeur. On dit que cette huile combat la fatigue et aide \u00e0 rafra\u00eechir un corps et un esprit fatigu\u00e9s. C&rsquo;est aussi un moyen agr\u00e9ablement parfum\u00e9 de garder un animal de compagnie exempt de puces et de tiques. La citronnelle contient du citral, qui fournit la saveur principale du zeste de citron. On pense que l&rsquo;huile de citronnelle soulage le d\u00e9calage horaire, les maux de t\u00eate, l&rsquo;\u00e9puisement nerveux et le stress. Il stimule le syst\u00e8me nerveux parasympathique, pour une r\u00e9cup\u00e9ration plus rapide d&rsquo;une maladie et stimule les s\u00e9cr\u00e9tions glandulaires. Il aide \u00e0 tonifier les muscles et les tissus, soulageant ainsi les douleurs musculaires. Il est utile pour traiter les maux de gorge, la laryngite et la fi\u00e8vre et aide \u00e0 arr\u00eater la propagation de l&rsquo;infection. Il aide en cas de colite, d&rsquo;indigestion et de gastro-ent\u00e9rite. Il nettoie les peaux grasses et r\u00e9duit la transpiration excessive. Cependant, il peut irriter la peau, il faut donc faire attention lorsqu&rsquo;il est utilis\u00e9 sur la peau. Eviter l&rsquo;utilisation pendant la grossesse. La citronnelle est une herbe aromatique vivace qui poussait \u00e0 l&rsquo;\u00e9tat sauvage en Inde, o\u00f9elle est connue sous le nom de choomana poolu. Elle est \u00e9galement connue sous le nom d&rsquo;huile de verveine indienne ou de m\u00e9lisse indienne et est utilis\u00e9e dans l&rsquo;Ayurveda, l&rsquo;ancien art traditionnel de la gu\u00e9rison, pour aider \u00e0 faire baisser la fi\u00e8vre et traiter les maladies infectieuses ; c&rsquo;est pourquoi on l&rsquo;appelle aussi &lsquo;fevergrass&rsquo;.&nbsp;<\/p>\n<p><strong>NB :<\/strong> Nos Huiles Essentielles ne conviennent pas \u00e0 un usage interne.<\/p>\n","protected":false},"excerpt":{"rendered":"<p>Nom latin : Cymbopogon Citratus&nbsp; Partie de la plante utilis\u00e9e : feuilles&nbsp; Source : Guatemala&nbsp; M\u00e9thode d&rsquo;extraction : Distillation \u00e0 la vapeur L&rsquo;huile essentielle de citronnelle en gros est extraite de Cymbopogon citratus, \u00e9galement connu sous le nom d&rsquo;&laquo; herbe \u00e0 huile &raquo;, \u00e0 partir des feuilles fra\u00eeches ou partiellement s\u00e9ch\u00e9es par distillation \u00e0 la [&hellip;]<\/p>\n","protected":false},"featured_media":261375,"comment_status":"closed","ping_status":"open","template":"","meta":{"_angie_page":false},"product_brand":[27093],"product_cat":[16450,23646,26252,25842],"product_tag":[],"class_list":{"0":"post-244220","1":"product","2":"type-product","3":"status-publish","4":"has-post-thumbnail","6":"product_brand-ancient-wisdom","7":"product_cat-aromatherapie-et-parfums-d-ambiance","8":"product_cat-huiles-essentielles","9":"product_cat-lemongrass-citronnelle","10":"product_cat-senteurs-aromes","11":"pa_collection-aromatherapy-essential-oils-10ml-fr","12":"pa_made-in-inde","13":"pa_size-10ml","15":"first","16":"instock","17":"purchasable","18":"product-type-simple"},"supplier_id":null,"supplier_sku":"EO-28","barcode":null,"atum_controlled":true,"out_stock_date":null,"out_stock_threshold":null,"inheritable":false,"inbound_stock":0,"stock_on_hold":0,"sold_today":0,"sales_last_days":0,"reserved_stock":0,"customer_returns":0,"warehouse_damage":0,"lost_in_post":0,"other_logs":0,"out_stock_days":0,"lost_sales":0,"has_location":false,"update_date":"2026-04-27T07:00:40","atum_locations":[],"atum_stock_status":"instock","restock_status":false,"low_stock_amount":"","sales_update_date":"2026-01-30T01:26:14","calc_backorders":null,"_links":{"self":[{"href":"https:\/\/aromasentia.com\/fr\/wp-json\/wp\/v2\/product\/244220","targetHints":{"allow":["GET"]}}],"collection":[{"href":"https:\/\/aromasentia.com\/fr\/wp-json\/wp\/v2\/product"}],"about":[{"href":"https:\/\/aromasentia.com\/fr\/wp-json\/wp\/v2\/types\/product"}],"replies":[{"embeddable":true,"href":"https:\/\/aromasentia.com\/fr\/wp-json\/wp\/v2\/comments?post=244220"}],"version-history":[{"count":0,"href":"https:\/\/aromasentia.com\/fr\/wp-json\/wp\/v2\/product\/244220\/revisions"}],"wp:featuredmedia":[{"embeddable":true,"href":"https:\/\/aromasentia.com\/fr\/wp-json\/wp\/v2\/media\/261375"}],"wp:attachment":[{"href":"https:\/\/aromasentia.com\/fr\/wp-json\/wp\/v2\/media?parent=244220"}],"wp:term":[{"taxonomy":"product_brand","embeddable":true,"href":"https:\/\/aromasentia.com\/fr\/wp-json\/wp\/v2\/product_brand?post=244220"},{"taxonomy":"product_cat","embeddable":true,"href":"https:\/\/aromasentia.com\/fr\/wp-json\/wp\/v2\/product_cat?post=244220"},{"taxonomy":"product_tag","embeddable":true,"href":"https:\/\/aromasentia.com\/fr\/wp-json\/wp\/v2\/product_tag?post=244220"}],"curies":[{"name":"wp","href":"https:\/\/api.w.org\/{rel}","templated":true}]}}