{"id":244208,"date":"2025-03-20T14:52:06","date_gmt":"2025-03-20T14:52:06","guid":{"rendered":"https:\/\/aromasentia.com\/product\/10-ml-cajeput-essential-oil\/"},"modified":"2025-06-23T19:22:39","modified_gmt":"2025-06-23T19:22:39","slug":"cajeput-huile-essentielle-10ml","status":"publish","type":"product","link":"https:\/\/aromasentia.com\/fr\/cajeput-huile-essentielle-10ml\/","title":{"rendered":"Cajeput &#8211; Huile Essentielle 10ml"},"content":{"rendered":"<p><strong><span style=\"color: rgb(75, 80, 88);\">Nom latin : Melaleuca Cajuputi&nbsp;<\/span><\/strong><\/p>\n<p><span style=\"color: rgb(75, 80, 88);\"><strong>Partie de la plante utilis\u00e9e : feuilles et brindilles&nbsp;<\/strong><\/span><\/p>\n<p><span style=\"color: rgb(75, 80, 88);\"><strong>Source : Indon\u00e9sie&nbsp;<\/strong><\/span><\/p>\n<p><strong><span style=\"color: rgb(75, 80, 88);\">M\u00e9thode d&rsquo;extraction : Distillation \u00e0 la vapeur <\/span><\/strong><\/p>\n<p>L&rsquo;Huile Essentielle de Cajeput en gros est utilis\u00e9e pour traiter le rhume, les maux de t\u00eate et les maux de dents. Il est tr\u00e8s efficace dans la lutte contre les infections bact\u00e9riennes, virales et fongiques, telles que le t\u00e9tanos (bact\u00e9rie), la grippe (virus) et les maladies infectieuses telles que le chol\u00e9ra <span style=\"color: rgb(75, 80, 88);\">et la typho&iuml;de. <\/span><\/p>\n<p><strong><span style=\"color: rgb(75, 80, 88);\">L&rsquo;Huile Essentielle de Cajeput<\/span><\/strong> est tr\u00e8s efficace pour tuer et chasser les insectes. Ses propri\u00e9t\u00e9s insecticides sont si fortes que sa solution dilu\u00e9e peut \u00eatre pulv\u00e9ris\u00e9e ou vaporis\u00e9e \u00e0 l&rsquo;aide d&rsquo;un vaporisateur pour <strong><span style=\"color: rgb(75, 80, 88);\">chasser les moustiques, les fourmis et de nombreux autres types de parasites<\/span><\/strong> des pi\u00e8ces. Une solution dilu\u00e9e d&rsquo;Huile Essentielle de Cajeput peut \u00e9galement \u00eatre frott\u00e9e sur le corps pour \u00e9loigner les insectes.&nbsp;<\/p>\n<p>Tout comme l&rsquo;Huile d&rsquo;Eucalyptus, l&rsquo;Huile de Cajeput est \u00e9galement un expert d\u00e9congestionnant et expectorant. En tant que d\u00e9congestionnant, il procure un soulagement imm\u00e9diat de la congestion du nez, de la gorge et d&rsquo;autres organes respiratoires ainsi que de la toux, des infections et de l&rsquo;inflammation de la gorge qui en r\u00e9sulte.&nbsp;<\/p>\n<p>Il est de nature analg\u00e9sique, ce qui signifie qu&rsquo;il r\u00e9duit les sensations de douleur. En application locale, par exemple sur une dent infect\u00e9e en cas de mal de dents ou en friction sur le front en cas de mal de t\u00eate. Appliquer uniquement dans des solutions tr\u00e8s dilu\u00e9es.&nbsp;<\/p>\n<p><strong><span style=\"color: rgb(141, 186, 216);\">NB : Nos Huiles Essentielles ne conviennent pas \u00e0 un usage interne<\/span><\/strong>.<\/p>\n","protected":false},"excerpt":{"rendered":"<p>Nom latin : Melaleuca Cajuputi&nbsp; Partie de la plante utilis\u00e9e : feuilles et brindilles&nbsp; Source : Indon\u00e9sie&nbsp; M\u00e9thode d&rsquo;extraction : Distillation \u00e0 la vapeur L&rsquo;Huile Essentielle de Cajeput en gros est utilis\u00e9e pour traiter le rhume, les maux de t\u00eate et les maux de dents. Il est tr\u00e8s efficace dans la lutte contre les infections [&hellip;]<\/p>\n","protected":false},"featured_media":261750,"comment_status":"closed","ping_status":"open","template":"","meta":{"_angie_page":false},"product_brand":[27093],"product_cat":[16450,26115,23646,26867,25842],"product_tag":[],"class_list":{"0":"post-244208","1":"product","2":"type-product","3":"status-publish","4":"has-post-thumbnail","6":"product_brand-ancient-wisdom","7":"product_cat-aromatherapie-et-parfums-d-ambiance","8":"product_cat-cajeput","9":"product_cat-huiles-essentielles","10":"product_cat-medicinal-camphre","11":"product_cat-senteurs-aromes","12":"pa_collection-aromatherapy-essential-oils-10ml-fr","13":"pa_made-in-indonesie","14":"pa_size-10ml","16":"first","17":"instock","18":"purchasable","19":"product-type-simple"},"supplier_id":null,"supplier_sku":"EO-56","barcode":null,"atum_controlled":true,"out_stock_date":null,"out_stock_threshold":null,"inheritable":false,"inbound_stock":null,"stock_on_hold":0,"sold_today":0,"sales_last_days":0,"reserved_stock":null,"customer_returns":null,"warehouse_damage":null,"lost_in_post":null,"other_logs":null,"out_stock_days":0,"lost_sales":0,"has_location":null,"update_date":"2026-04-27T07:00:50","atum_locations":[],"atum_stock_status":"instock","restock_status":false,"low_stock_amount":"","sales_update_date":"2025-09-03T00:27:52","calc_backorders":null,"_links":{"self":[{"href":"https:\/\/aromasentia.com\/fr\/wp-json\/wp\/v2\/product\/244208","targetHints":{"allow":["GET"]}}],"collection":[{"href":"https:\/\/aromasentia.com\/fr\/wp-json\/wp\/v2\/product"}],"about":[{"href":"https:\/\/aromasentia.com\/fr\/wp-json\/wp\/v2\/types\/product"}],"replies":[{"embeddable":true,"href":"https:\/\/aromasentia.com\/fr\/wp-json\/wp\/v2\/comments?post=244208"}],"version-history":[{"count":0,"href":"https:\/\/aromasentia.com\/fr\/wp-json\/wp\/v2\/product\/244208\/revisions"}],"wp:featuredmedia":[{"embeddable":true,"href":"https:\/\/aromasentia.com\/fr\/wp-json\/wp\/v2\/media\/261750"}],"wp:attachment":[{"href":"https:\/\/aromasentia.com\/fr\/wp-json\/wp\/v2\/media?parent=244208"}],"wp:term":[{"taxonomy":"product_brand","embeddable":true,"href":"https:\/\/aromasentia.com\/fr\/wp-json\/wp\/v2\/product_brand?post=244208"},{"taxonomy":"product_cat","embeddable":true,"href":"https:\/\/aromasentia.com\/fr\/wp-json\/wp\/v2\/product_cat?post=244208"},{"taxonomy":"product_tag","embeddable":true,"href":"https:\/\/aromasentia.com\/fr\/wp-json\/wp\/v2\/product_tag?post=244208"}],"curies":[{"name":"wp","href":"https:\/\/api.w.org\/{rel}","templated":true}]}}