{"id":244196,"date":"2025-03-20T14:52:06","date_gmt":"2025-03-20T14:52:06","guid":{"rendered":"https:\/\/aromasentia.com\/product\/10-ml-may-chang-essential-oil\/"},"modified":"2025-06-23T19:22:35","modified_gmt":"2025-06-23T19:22:35","slug":"may-chang-huile-essentielle-10ml","status":"publish","type":"product","link":"https:\/\/aromasentia.com\/fr\/may-chang-huile-essentielle-10ml\/","title":{"rendered":"May Chang  &#8211; Huile Essentielle 10ml"},"content":{"rendered":"<p><strong><span style=\"color: rgb(75, 80, 88);\">Nom latin<\/span><\/strong> : Litsea Cubeba&nbsp;<\/p>\n<p><strong><span style=\"color: rgb(75, 80, 88);\">Partie de la plante utilis\u00e9e<\/span><\/strong> : Fruit&nbsp;<\/p>\n<p><strong><span style=\"color: rgb(75, 80, 88);\">Provenance<\/span><\/strong> : Chine&nbsp;<\/p>\n<p><strong><span style=\"color: rgb(75, 80, 88);\">M\u00e9thode d&rsquo;extraction<\/span><\/strong> : Distillation \u00e0 la vapeur&nbsp;<\/p>\n<p><strong>L&rsquo;huile essentielle de May Chang <\/strong>est une huile tr\u00e8s \u00e9difiante et stimulante et utile pendant les p\u00e9riodes de fatigue, de m\u00e9lancolie et d&rsquo;anxi\u00e9t\u00e9. Utilis\u00e9 pour cr\u00e9er une ambiance chaleureuse lorsqu&rsquo;il est diffus\u00e9.&nbsp;<\/p>\n<p>Traditionnellement utilis\u00e9 comme aide \u00e0 la digestion, May Chang peut aider en cas de mauvaise digestion et stimuler l&rsquo;app\u00e9tit. L&rsquo;huile essentielle de May Chang a une action rafra\u00eechissante, stimulante et \u00e9difiante, ce qui la rend parfaite pour soulager la fatigue et les \u00e9tats psychologiques l\u00e9thargiques.&nbsp;<\/p>\n<p>Et parce que cette huile est un tonique du syst\u00e8me nerveux, elle est id\u00e9ale pour se vider la t\u00eate, lorsque vous vous sentez anxieux, stress\u00e9 ou confus. Il poss\u00e8de \u00e9galement des propri\u00e9t\u00e9s antiseptiques, antifongiques et antivirales \u00e9tonnamment bonnes, qui peuvent \u00eatre utilis\u00e9es pour aider \u00e0 \u00e9loigner la toux, le rhume et le pied d&rsquo;athl\u00e8te. Il est \u00e9galement id\u00e9al pour les travaux de nettoyage dans la maison, tels que la st\u00e9rilisation des plans de travail de cuisine.&nbsp;<\/p>\n<p>Pour augmenter son efficacit\u00e9, m\u00e9langez May Chang avec Tea Tree et vous aurez une action nettoyante puissante sans l&rsquo;ar\u00f4me d\u00e9sagr\u00e9able de type d\u00e9sinfectant.<\/p>\n<p><strong><span style=\"color: rgb(141, 186, 216);\">NB : Nos Huiles Essentielles ne conviennent pas \u00e0 un usage interne.<\/span><\/strong><\/p>\n","protected":false},"excerpt":{"rendered":"<p>Nom latin : Litsea Cubeba&nbsp; Partie de la plante utilis\u00e9e : Fruit&nbsp; Provenance : Chine&nbsp; M\u00e9thode d&rsquo;extraction : Distillation \u00e0 la vapeur&nbsp; L&rsquo;huile essentielle de May Chang est une huile tr\u00e8s \u00e9difiante et stimulante et utile pendant les p\u00e9riodes de fatigue, de m\u00e9lancolie et d&rsquo;anxi\u00e9t\u00e9. Utilis\u00e9 pour cr\u00e9er une ambiance chaleureuse lorsqu&rsquo;il est diffus\u00e9.&nbsp; Traditionnellement [&hellip;]<\/p>\n","protected":false},"featured_media":261699,"comment_status":"closed","ping_status":"open","template":"","meta":{"_angie_page":false},"product_brand":[27093],"product_cat":[16450,23646,26275,25842],"product_tag":[],"class_list":{"0":"post-244196","1":"product","2":"type-product","3":"status-publish","4":"has-post-thumbnail","6":"product_brand-ancient-wisdom","7":"product_cat-aromatherapie-et-parfums-d-ambiance","8":"product_cat-huiles-essentielles","9":"product_cat-may-chang-litsea-cubeba","10":"product_cat-senteurs-aromes","11":"pa_collection-aromatherapy-essential-oils-10ml-fr","12":"pa_made-in-chine","13":"pa_size-10ml","15":"first","16":"instock","17":"purchasable","18":"product-type-simple"},"supplier_id":null,"supplier_sku":"EO-52","barcode":null,"atum_controlled":true,"out_stock_date":null,"out_stock_threshold":null,"inheritable":false,"inbound_stock":null,"stock_on_hold":0,"sold_today":0,"sales_last_days":0,"reserved_stock":null,"customer_returns":null,"warehouse_damage":null,"lost_in_post":null,"other_logs":null,"out_stock_days":0,"lost_sales":0,"has_location":null,"update_date":"2026-05-04T00:02:52","atum_locations":[],"atum_stock_status":"instock","restock_status":false,"low_stock_amount":"","sales_update_date":"2025-09-03T00:27:51","calc_backorders":null,"_links":{"self":[{"href":"https:\/\/aromasentia.com\/fr\/wp-json\/wp\/v2\/product\/244196","targetHints":{"allow":["GET"]}}],"collection":[{"href":"https:\/\/aromasentia.com\/fr\/wp-json\/wp\/v2\/product"}],"about":[{"href":"https:\/\/aromasentia.com\/fr\/wp-json\/wp\/v2\/types\/product"}],"replies":[{"embeddable":true,"href":"https:\/\/aromasentia.com\/fr\/wp-json\/wp\/v2\/comments?post=244196"}],"version-history":[{"count":0,"href":"https:\/\/aromasentia.com\/fr\/wp-json\/wp\/v2\/product\/244196\/revisions"}],"wp:featuredmedia":[{"embeddable":true,"href":"https:\/\/aromasentia.com\/fr\/wp-json\/wp\/v2\/media\/261699"}],"wp:attachment":[{"href":"https:\/\/aromasentia.com\/fr\/wp-json\/wp\/v2\/media?parent=244196"}],"wp:term":[{"taxonomy":"product_brand","embeddable":true,"href":"https:\/\/aromasentia.com\/fr\/wp-json\/wp\/v2\/product_brand?post=244196"},{"taxonomy":"product_cat","embeddable":true,"href":"https:\/\/aromasentia.com\/fr\/wp-json\/wp\/v2\/product_cat?post=244196"},{"taxonomy":"product_tag","embeddable":true,"href":"https:\/\/aromasentia.com\/fr\/wp-json\/wp\/v2\/product_tag?post=244196"}],"curies":[{"name":"wp","href":"https:\/\/api.w.org\/{rel}","templated":true}]}}