{"id":244168,"date":"2025-03-20T14:52:06","date_gmt":"2025-03-20T14:52:06","guid":{"rendered":"https:\/\/aromasentia.com\/product\/10-ml-rose-dilute-essential-oil\/"},"modified":"2025-06-23T19:22:32","modified_gmt":"2025-06-23T19:22:32","slug":"rose-dilue-huile-essentielle-10ml","status":"publish","type":"product","link":"https:\/\/aromasentia.com\/fr\/rose-dilue-huile-essentielle-10ml\/","title":{"rendered":"Rose (Dilu\u00e9) &#8211; Huile Essentielle 10ml"},"content":{"rendered":"<p><strong><span style=\"color: rgb(75, 80, 88);\">Nom latin<\/span><\/strong> : Rosa Damascena<\/p>\n<p><strong><span style=\"color: rgb(75, 80, 88);\">Partie de la plante utilis\u00e9e<\/span><\/strong> : p\u00e9tales&nbsp;<\/p>\n<p><strong><span style=\"color: rgb(75, 80, 88);\">Provenance<\/span><\/strong> : Maroc&nbsp;<\/p>\n<p><strong><span style=\"color: rgb(75, 80, 88);\">M\u00e9thode d&rsquo;extraction<\/span><\/strong> : Extrait de solvant 5% de dilution dans l&rsquo;huile de p\u00e9pins de raisin&nbsp;<\/p>\n<p>Rose Dilu\u00e9e Huile Essentielle est plus qu&rsquo;un joli parfum floral. Il poss\u00e8de plusieurs propri\u00e9t\u00e9s th\u00e9rapeutiques qui le rendent incroyable dans les produits de soin de la peau. Il poss\u00e8de plusieurs propri\u00e9t\u00e9s th\u00e9rapeutiques, notamment antid\u00e9presseur, antiseptique, astringent, calmant et s\u00e9datif.&nbsp;<\/p>\n<p><strong><span style=\"color: rgb(75, 80, 88);\">L&rsquo;huile essentielle de rose dilu\u00e9e&nbsp;<\/span><\/strong>est connue pour ses agents antid\u00e9presseurs. Il aide \u00e0 renforcer la confiance, la sant\u00e9 mentale et combat la d\u00e9pression !&nbsp;<\/p>\n<p>La plupart de l&rsquo;acn\u00e9 survient lorsqu&rsquo;il y a une surproduction de s\u00e9bum dans les pores d&rsquo;une personne, mais l&rsquo;augmentation des bact\u00e9ries joue \u00e9galement un r\u00f4le important dans le d\u00e9veloppement de l&rsquo;acn\u00e9.&nbsp;<\/p>\n<p>Heureusement, l&rsquo;huile essentielle de rose dilu\u00e9e poss\u00e8de plusieurs propri\u00e9t\u00e9s qui r\u00e9duiront l&rsquo;acn\u00e9, notamment astringente, antivirale et bact\u00e9ricide.&nbsp;<\/p>\n<p><strong><span style=\"color: rgb(141, 186, 216);\">NB : Nos Huiles Essentielles ne conviennent pas \u00e0 un usage interne.<\/span><\/strong><\/p>\n","protected":false},"excerpt":{"rendered":"<p>Nom latin : Rosa Damascena Partie de la plante utilis\u00e9e : p\u00e9tales&nbsp; Provenance : Maroc&nbsp; M\u00e9thode d&rsquo;extraction : Extrait de solvant 5% de dilution dans l&rsquo;huile de p\u00e9pins de raisin&nbsp; Rose Dilu\u00e9e Huile Essentielle est plus qu&rsquo;un joli parfum floral. Il poss\u00e8de plusieurs propri\u00e9t\u00e9s th\u00e9rapeutiques qui le rendent incroyable dans les produits de soin de [&hellip;]<\/p>\n","protected":false},"featured_media":261580,"comment_status":"closed","ping_status":"open","template":"","meta":{"_angie_page":false},"product_brand":[27093],"product_cat":[16450,26832,23646,26369,25842],"product_tag":[],"class_list":{"0":"post-244168","1":"product","2":"type-product","3":"status-publish","4":"has-post-thumbnail","6":"product_brand-ancient-wisdom","7":"product_cat-aromatherapie-et-parfums-d-ambiance","8":"product_cat-floral","9":"product_cat-huiles-essentielles","10":"product_cat-rose","11":"product_cat-senteurs-aromes","12":"pa_collection-aromatherapy-essential-oils-10ml-fr","13":"pa_made-in-maroc","14":"pa_size-10ml","16":"first","17":"instock","18":"purchasable","19":"product-type-simple"},"supplier_id":null,"supplier_sku":"EO-41","barcode":null,"atum_controlled":true,"out_stock_date":null,"out_stock_threshold":null,"inheritable":false,"inbound_stock":null,"stock_on_hold":0,"sold_today":0,"sales_last_days":0,"reserved_stock":null,"customer_returns":null,"warehouse_damage":null,"lost_in_post":null,"other_logs":null,"out_stock_days":0,"lost_sales":0,"has_location":null,"update_date":"2026-05-08T05:07:22","atum_locations":[],"atum_stock_status":"instock","restock_status":false,"low_stock_amount":"","sales_update_date":"2025-09-03T00:27:44","calc_backorders":null,"_links":{"self":[{"href":"https:\/\/aromasentia.com\/fr\/wp-json\/wp\/v2\/product\/244168","targetHints":{"allow":["GET"]}}],"collection":[{"href":"https:\/\/aromasentia.com\/fr\/wp-json\/wp\/v2\/product"}],"about":[{"href":"https:\/\/aromasentia.com\/fr\/wp-json\/wp\/v2\/types\/product"}],"replies":[{"embeddable":true,"href":"https:\/\/aromasentia.com\/fr\/wp-json\/wp\/v2\/comments?post=244168"}],"version-history":[{"count":0,"href":"https:\/\/aromasentia.com\/fr\/wp-json\/wp\/v2\/product\/244168\/revisions"}],"wp:featuredmedia":[{"embeddable":true,"href":"https:\/\/aromasentia.com\/fr\/wp-json\/wp\/v2\/media\/261580"}],"wp:attachment":[{"href":"https:\/\/aromasentia.com\/fr\/wp-json\/wp\/v2\/media?parent=244168"}],"wp:term":[{"taxonomy":"product_brand","embeddable":true,"href":"https:\/\/aromasentia.com\/fr\/wp-json\/wp\/v2\/product_brand?post=244168"},{"taxonomy":"product_cat","embeddable":true,"href":"https:\/\/aromasentia.com\/fr\/wp-json\/wp\/v2\/product_cat?post=244168"},{"taxonomy":"product_tag","embeddable":true,"href":"https:\/\/aromasentia.com\/fr\/wp-json\/wp\/v2\/product_tag?post=244168"}],"curies":[{"name":"wp","href":"https:\/\/api.w.org\/{rel}","templated":true}]}}