{"id":244152,"date":"2025-03-20T14:52:42","date_gmt":"2025-03-20T14:52:42","guid":{"rendered":"https:\/\/aromasentia.com\/product\/10-ml-ho-wood-essential-oil\/"},"modified":"2025-06-23T19:22:27","modified_gmt":"2025-06-23T19:22:27","slug":"camphrier-du-japon-huile-essentielle-10ml","status":"publish","type":"product","link":"https:\/\/aromasentia.com\/fr\/camphrier-du-japon-huile-essentielle-10ml\/","title":{"rendered":"Camphrier du Japon &#8211; Huile Essentielle 10ml"},"content":{"rendered":"<p><strong><span style=\"color: rgb(75, 80, 88);\">Nom latin<\/span><\/strong> : Cinnamomum Camphora Var. Glavescens&nbsp;<\/p>\n<p><strong><span style=\"color: rgb(75, 80, 88);\">Partie de la plante utilis\u00e9e<\/span><\/strong> : bois&nbsp;<\/p>\n<p><strong><span style=\"color: rgb(75, 80, 88);\">Provenance<\/span><\/strong> : Chine&nbsp;<\/p>\n<p><strong><span style=\"color: rgb(75, 80, 88);\">M\u00e9thode d&rsquo;extraction<\/span><\/strong> : Distillation \u00e0 la vapeur&nbsp;<\/p>\n<p><strong><span style=\"color: rgb(75, 80, 88);\">Le Camphrier du Japon&nbsp;<\/span><\/strong>est l&rsquo;une des sources les plus puissantes de linalol naturel que l&rsquo;on trouve dans toutes les huiles essentielles distill\u00e9es \u00e0 la vapeur. Aromatiquement, L&rsquo;Huile Essentielle Camphrier du Japon est une huile de bois magnifiquement parfum\u00e9e. Sur le plan \u00e9motionnel, compte tenu de sa teneur en linalol, l&rsquo;Huile Essentielle de Bois de Ho est une huile \u00ab\u00a0apaisante\u00a0\u00bb. Il est apaisant et constitue un bon choix lorsque vous avez besoin de vous d\u00e9tendre ou de vous d\u00e9tendre.&nbsp;<\/p>\n<p>La grande quantit\u00e9 de linalol naturel dans l&rsquo;huile de bois de Ho pr\u00e9sente de nombreux avantages en aromath\u00e9rapie, tels qu&rsquo;une aide contre l&rsquo;insomnie, un antid\u00e9presseur, un stimulant immunitaire et aide \u00e0 g\u00e9n\u00e9rer une nouvelle croissance cellulaire.&nbsp;<\/p>\n<p>Cela rend Ho Wood particuli\u00e8rement int\u00e9ressant pour les m\u00e9langes de soins anti-\u00e2ge et pour les peaux matures. Son ar\u00f4me est particuli\u00e8rement agr\u00e9able et apaisant lorsqu&rsquo;il est diffus\u00e9 pour l&rsquo;insomnie.&nbsp;<\/p>\n<p><strong><span style=\"color: rgb(141, 186, 216);\">NB : Nos Huiles Essentielles ne conviennent pas \u00e0 un usage interne.<\/span><\/strong><\/p>\n","protected":false},"excerpt":{"rendered":"<p>Nom latin : Cinnamomum Camphora Var. Glavescens&nbsp; Partie de la plante utilis\u00e9e : bois&nbsp; Provenance : Chine&nbsp; M\u00e9thode d&rsquo;extraction : Distillation \u00e0 la vapeur&nbsp; Le Camphrier du Japon&nbsp;est l&rsquo;une des sources les plus puissantes de linalol naturel que l&rsquo;on trouve dans toutes les huiles essentielles distill\u00e9es \u00e0 la vapeur. Aromatiquement, L&rsquo;Huile Essentielle Camphrier du Japon [&hellip;]<\/p>\n","protected":false},"featured_media":261946,"comment_status":"closed","ping_status":"open","template":"","meta":{"_angie_page":false},"product_brand":[27093],"product_cat":[16450,26215,26895,23646,25842],"product_tag":[],"class_list":{"0":"post-244152","1":"product","2":"type-product","3":"status-publish","4":"has-post-thumbnail","6":"product_brand-ancient-wisdom","7":"product_cat-aromatherapie-et-parfums-d-ambiance","8":"product_cat-bois-de-ho","9":"product_cat-boise","10":"product_cat-huiles-essentielles","11":"product_cat-senteurs-aromes","12":"pa_collection-aromatherapy-essential-oils-10ml-fr","13":"pa_made-in-chine","14":"pa_size-10ml","16":"first","17":"instock","18":"purchasable","19":"product-type-simple"},"supplier_id":null,"supplier_sku":"EO-71","barcode":null,"atum_controlled":true,"out_stock_date":null,"out_stock_threshold":null,"inheritable":false,"inbound_stock":null,"stock_on_hold":0,"sold_today":0,"sales_last_days":0,"reserved_stock":null,"customer_returns":null,"warehouse_damage":null,"lost_in_post":null,"other_logs":null,"out_stock_days":0,"lost_sales":0,"has_location":null,"update_date":"2026-05-04T00:02:52","atum_locations":[],"atum_stock_status":"instock","restock_status":false,"low_stock_amount":"","sales_update_date":"2025-09-03T00:27:51","calc_backorders":null,"_links":{"self":[{"href":"https:\/\/aromasentia.com\/fr\/wp-json\/wp\/v2\/product\/244152","targetHints":{"allow":["GET"]}}],"collection":[{"href":"https:\/\/aromasentia.com\/fr\/wp-json\/wp\/v2\/product"}],"about":[{"href":"https:\/\/aromasentia.com\/fr\/wp-json\/wp\/v2\/types\/product"}],"replies":[{"embeddable":true,"href":"https:\/\/aromasentia.com\/fr\/wp-json\/wp\/v2\/comments?post=244152"}],"version-history":[{"count":0,"href":"https:\/\/aromasentia.com\/fr\/wp-json\/wp\/v2\/product\/244152\/revisions"}],"wp:featuredmedia":[{"embeddable":true,"href":"https:\/\/aromasentia.com\/fr\/wp-json\/wp\/v2\/media\/261946"}],"wp:attachment":[{"href":"https:\/\/aromasentia.com\/fr\/wp-json\/wp\/v2\/media?parent=244152"}],"wp:term":[{"taxonomy":"product_brand","embeddable":true,"href":"https:\/\/aromasentia.com\/fr\/wp-json\/wp\/v2\/product_brand?post=244152"},{"taxonomy":"product_cat","embeddable":true,"href":"https:\/\/aromasentia.com\/fr\/wp-json\/wp\/v2\/product_cat?post=244152"},{"taxonomy":"product_tag","embeddable":true,"href":"https:\/\/aromasentia.com\/fr\/wp-json\/wp\/v2\/product_tag?post=244152"}],"curies":[{"name":"wp","href":"https:\/\/api.w.org\/{rel}","templated":true}]}}