{"id":244148,"date":"2025-03-20T14:52:42","date_gmt":"2025-03-20T14:52:42","guid":{"rendered":"https:\/\/aromasentia.com\/product\/10-ml-parsley-essential-oil\/"},"modified":"2025-06-23T19:22:27","modified_gmt":"2025-06-23T19:22:27","slug":"persil-huile-essentielle-10ml","status":"publish","type":"product","link":"https:\/\/aromasentia.com\/fr\/persil-huile-essentielle-10ml\/","title":{"rendered":"Persil &#8211; Huile Essentielle 10ml"},"content":{"rendered":"<p><strong>Nom latin :<\/strong> Petroselinum Crispum&nbsp;<\/p>\n<p><strong>Partie de la plante utilis\u00e9e :<\/strong> graines et herbes&nbsp;<\/p>\n<p><strong>Source :&nbsp;<\/strong>France&nbsp;<\/p>\n<p><strong>M\u00e9thode d&rsquo;extraction :<\/strong> Distillation \u00e0 la vapeur<\/p>\n<p>L&rsquo;huile essentielle de persil en gros pr\u00e9sente des propri\u00e9t\u00e9s antimicrobiennes, antiseptiques, astringentes, carminatives, digestives, diur\u00e9tiques et d\u00e9toxifiantes. L&rsquo;huile de persil peut aider \u00e0 tuer les microbes et \u00e0 inhiber leur croissance, vous prot\u00e9geant ainsi de diverses infections et maladies. L\u00e0 o\u00f9il y a des microbes, il y a des infections et des maladies, mais l\u00e0 o\u00f9il y a de l&rsquo;Huile Essentielle de Persil, il n&rsquo;y a pas de microbes. Mais pourquoi? Peut-\u00eatre parce que cette huile poss\u00e8de de nombreuses propri\u00e9t\u00e9s antimicrobiennes. C&rsquo;est-\u00e0-dire que cette huile contient certains composants qui peuvent tuer les microbes et inhiber leur croissance. Par cons\u00e9quent, il peut efficacement prot\u00e9ger contre une multitude d&rsquo;infections. L&rsquo;huile essentielle de persil a certaines propri\u00e9t\u00e9s, qui peuvent vous aider avec les rhumatismes et l&rsquo;arthrite. L&rsquo;huile essentielle de persil favorise l&rsquo;\u00e9limination des toxines et autres substances ind\u00e9sirables du corps par l&rsquo;urine. Cela en fait un d\u00e9toxifiant. Cela vous aide \u00e0 vous prot\u00e9ger de nombreuses maladies, qui naissent en raison de l&rsquo;accumulation de ces substances ind\u00e9sirables dans le corps, telles que les rhumatismes, l&rsquo;arthrite, les furoncles, les maladies de la peau et bien d&rsquo;autres.&nbsp;<\/p>\n<p><strong>NB: <\/strong>Nos Huiles Essentielles ne conviennent pas \u00e0 un usage interne.<\/p>\n","protected":false},"excerpt":{"rendered":"<p>Nom latin : Petroselinum Crispum&nbsp; Partie de la plante utilis\u00e9e : graines et herbes&nbsp; Source :&nbsp;France&nbsp; M\u00e9thode d&rsquo;extraction : Distillation \u00e0 la vapeur L&rsquo;huile essentielle de persil en gros pr\u00e9sente des propri\u00e9t\u00e9s antimicrobiennes, antiseptiques, astringentes, carminatives, digestives, diur\u00e9tiques et d\u00e9toxifiantes. L&rsquo;huile de persil peut aider \u00e0 tuer les microbes et \u00e0 inhiber leur croissance, vous [&hellip;]<\/p>\n","protected":false},"featured_media":261929,"comment_status":"closed","ping_status":"open","template":"","meta":[],"product_brand":[27093],"product_cat":[16450,26860,23646,26329,25842],"product_tag":[],"class_list":{"0":"post-244148","1":"product","2":"type-product","3":"status-publish","4":"has-post-thumbnail","6":"product_brand-ancient-wisdom","7":"product_cat-aromatherapie-et-parfums-d-ambiance","8":"product_cat-herbes-aromatiques","9":"product_cat-huiles-essentielles","10":"product_cat-persil","11":"product_cat-senteurs-aromes","12":"pa_collection-aromatherapy-essential-oils-10ml-fr","13":"pa_made-in-france","14":"pa_size-10ml","16":"first","17":"instock","18":"purchasable","19":"product-type-simple"},"supplier_id":null,"supplier_sku":"EO-69","barcode":null,"atum_controlled":true,"out_stock_date":null,"out_stock_threshold":null,"inheritable":false,"inbound_stock":null,"stock_on_hold":0,"sold_today":0,"sales_last_days":0,"reserved_stock":null,"customer_returns":null,"warehouse_damage":null,"lost_in_post":null,"other_logs":null,"out_stock_days":0,"lost_sales":0,"has_location":null,"update_date":"2026-02-10T16:29:36","atum_locations":[],"atum_stock_status":"instock","restock_status":false,"low_stock_amount":"","sales_update_date":"2026-01-20T05:13:32","calc_backorders":null,"_links":{"self":[{"href":"https:\/\/aromasentia.com\/fr\/wp-json\/wp\/v2\/product\/244148","targetHints":{"allow":["GET"]}}],"collection":[{"href":"https:\/\/aromasentia.com\/fr\/wp-json\/wp\/v2\/product"}],"about":[{"href":"https:\/\/aromasentia.com\/fr\/wp-json\/wp\/v2\/types\/product"}],"replies":[{"embeddable":true,"href":"https:\/\/aromasentia.com\/fr\/wp-json\/wp\/v2\/comments?post=244148"}],"version-history":[{"count":0,"href":"https:\/\/aromasentia.com\/fr\/wp-json\/wp\/v2\/product\/244148\/revisions"}],"wp:featuredmedia":[{"embeddable":true,"href":"https:\/\/aromasentia.com\/fr\/wp-json\/wp\/v2\/media\/261929"}],"wp:attachment":[{"href":"https:\/\/aromasentia.com\/fr\/wp-json\/wp\/v2\/media?parent=244148"}],"wp:term":[{"taxonomy":"product_brand","embeddable":true,"href":"https:\/\/aromasentia.com\/fr\/wp-json\/wp\/v2\/product_brand?post=244148"},{"taxonomy":"product_cat","embeddable":true,"href":"https:\/\/aromasentia.com\/fr\/wp-json\/wp\/v2\/product_cat?post=244148"},{"taxonomy":"product_tag","embeddable":true,"href":"https:\/\/aromasentia.com\/fr\/wp-json\/wp\/v2\/product_tag?post=244148"}],"curies":[{"name":"wp","href":"https:\/\/api.w.org\/{rel}","templated":true}]}}