{"id":244124,"date":"2025-03-20T14:52:42","date_gmt":"2025-03-20T14:52:42","guid":{"rendered":"https:\/\/aromasentia.com\/product\/10-ml-melissa-blend-essential-oil\/"},"modified":"2025-06-23T19:22:22","modified_gmt":"2025-06-23T19:22:22","slug":"melisse-melange-huile-essentielle-10ml","status":"publish","type":"product","link":"https:\/\/aromasentia.com\/fr\/melisse-melange-huile-essentielle-10ml\/","title":{"rendered":"M\u00e9lisse (m\u00e9lange) &#8211; Huile Essentielle 10ml"},"content":{"rendered":"<p><strong><span style=\"color: rgb(75, 80, 88);\">Nom latin : Aucun &#8211; M\u00e9lange naturel&nbsp;<\/span><\/strong><\/p>\n<p><span style=\"color: rgb(75, 80, 88);\"><strong>Source : Mixte&nbsp;<\/strong><\/span><\/p>\n<p><strong><span style=\"color: rgb(75, 80, 88);\">M\u00e9thode d&rsquo;extraction : N\/A <\/span><\/strong><\/p>\n<p>Melissa Blend est un m\u00e9lange sp\u00e9cial d&rsquo;huiles essentielles fractionn\u00e9es con&ccedil;u pour avoir le m\u00eame profil de parfum et les m\u00eames propri\u00e9t\u00e9s que la vraie Melisse, qui est extr\u00eamement ch\u00e8re.&nbsp;<\/p>\n<p>La formulation exacte de cette huile est un secret bien gard\u00e9, mais le contenu de l&rsquo;huile est le suivant : Citral de citronnelle Huile de Citron D-Limon\u00e8ne d&rsquo;Orange Huile H\u00f4 B\u00eata caryophyl\u00e8ne de l&rsquo;huile de clou de girofle&nbsp;<\/p>\n<p><strong><span style=\"color: rgb(75, 80, 88);\">L&rsquo;huile essentielle de m\u00e9lisse <\/span><\/strong>en gros est \u00e9difiante, revitalisante et harmonisante. Il a un<strong><span style=\"color: rgb(75, 80, 88);\">&nbsp;effet apaisant sur les \u00e9motions<\/span><\/strong>. Il est \u00e9galement \u00e9difiant pour les esprits et est connu pour optimiser une digestion saine et d\u00e9gager la t\u00eate. Il a un ar\u00f4me frais, doux et citronn\u00e9.&nbsp;<\/p>\n<p><strong><span style=\"color: rgb(141, 186, 216);\">NB : Nos Huiles Essentielles ne conviennent pas \u00e0 un usage interne.<\/span><\/strong><\/p>\n","protected":false},"excerpt":{"rendered":"<p>Nom latin : Aucun &#8211; M\u00e9lange naturel&nbsp; Source : Mixte&nbsp; M\u00e9thode d&rsquo;extraction : N\/A Melissa Blend est un m\u00e9lange sp\u00e9cial d&rsquo;huiles essentielles fractionn\u00e9es con&ccedil;u pour avoir le m\u00eame profil de parfum et les m\u00eames propri\u00e9t\u00e9s que la vraie Melisse, qui est extr\u00eamement ch\u00e8re.&nbsp; La formulation exacte de cette huile est un secret bien gard\u00e9, mais [&hellip;]<\/p>\n","protected":false},"featured_media":261827,"comment_status":"closed","ping_status":"open","template":"","meta":[],"product_brand":[27093],"product_cat":[16450,26860,23646,26278,25842,26649],"product_tag":[],"class_list":{"0":"post-244124","1":"product","2":"type-product","3":"status-publish","4":"has-post-thumbnail","6":"product_brand-ancient-wisdom","7":"product_cat-aromatherapie-et-parfums-d-ambiance","8":"product_cat-herbes-aromatiques","9":"product_cat-huiles-essentielles","10":"product_cat-melisse-melange","11":"product_cat-senteurs-aromes","12":"product_cat-synergies-dhuiles-essentielles","13":"pa_collection-aromatherapy-essential-oils-10ml-fr","14":"pa_made-in-royaume-uni","15":"pa_size-10ml","17":"first","18":"instock","19":"purchasable","20":"product-type-simple"},"supplier_id":null,"supplier_sku":"EO-61","barcode":null,"atum_controlled":true,"out_stock_date":null,"out_stock_threshold":null,"inheritable":false,"inbound_stock":null,"stock_on_hold":0,"sold_today":0,"sales_last_days":0,"reserved_stock":null,"customer_returns":null,"warehouse_damage":null,"lost_in_post":null,"other_logs":null,"out_stock_days":0,"lost_sales":0,"has_location":null,"update_date":"2026-02-11T07:26:01","atum_locations":[],"atum_stock_status":"instock","restock_status":false,"low_stock_amount":"","sales_update_date":"2025-09-03T00:27:50","calc_backorders":null,"_links":{"self":[{"href":"https:\/\/aromasentia.com\/fr\/wp-json\/wp\/v2\/product\/244124","targetHints":{"allow":["GET"]}}],"collection":[{"href":"https:\/\/aromasentia.com\/fr\/wp-json\/wp\/v2\/product"}],"about":[{"href":"https:\/\/aromasentia.com\/fr\/wp-json\/wp\/v2\/types\/product"}],"replies":[{"embeddable":true,"href":"https:\/\/aromasentia.com\/fr\/wp-json\/wp\/v2\/comments?post=244124"}],"version-history":[{"count":0,"href":"https:\/\/aromasentia.com\/fr\/wp-json\/wp\/v2\/product\/244124\/revisions"}],"wp:featuredmedia":[{"embeddable":true,"href":"https:\/\/aromasentia.com\/fr\/wp-json\/wp\/v2\/media\/261827"}],"wp:attachment":[{"href":"https:\/\/aromasentia.com\/fr\/wp-json\/wp\/v2\/media?parent=244124"}],"wp:term":[{"taxonomy":"product_brand","embeddable":true,"href":"https:\/\/aromasentia.com\/fr\/wp-json\/wp\/v2\/product_brand?post=244124"},{"taxonomy":"product_cat","embeddable":true,"href":"https:\/\/aromasentia.com\/fr\/wp-json\/wp\/v2\/product_cat?post=244124"},{"taxonomy":"product_tag","embeddable":true,"href":"https:\/\/aromasentia.com\/fr\/wp-json\/wp\/v2\/product_tag?post=244124"}],"curies":[{"name":"wp","href":"https:\/\/api.w.org\/{rel}","templated":true}]}}